{"id":4975,"date":"2023-03-30T13:26:53","date_gmt":"2023-03-30T10:26:53","guid":{"rendered":"https:\/\/dev.infinit.ee\/prod\/albano-granite-washbasins-5\/"},"modified":"2026-03-24T12:02:03","modified_gmt":"2026-03-24T10:02:03","slug":"albano-granite-washbasins-5","status":"publish","type":"product","link":"https:\/\/laveo.sau.ee\/en\/product\/albano-granite-washbasins-5\/","title":{"rendered":"Albano &#8211; Graniidist valamud"},"content":{"rendered":"<p>Albano graniidist valamud on kaasaegne lahendus, mis leiab oma koha teie vannitoas.<br \/>\nSee on inspireeritud kaasaegsest vannitoadisainist, \u00fchendades endas ainulaadse disaini ja vastupidava materjali.<br \/>\nRistk\u00fclikukujuline s\u00fcvistatud valamu mudel on saadaval suurusega 44&#215;60 cm. \u00d5rnalt profileeritud servadega mahukas kauss tagab k\u00f5rge kasutusmugavuse.<br \/>\nValamul on piir seebialuse jaoks ja tehases l\u00f5igatud auk valamusegisti jaoks.<br \/>\nMaterjal, millest see on valmistatud, tagab probleemivaba kasutamise aastateks. Graniidil on sellised omadused nagu vastupidavus ja vastupidavus v\u00e4listeguritele.<br \/>\nValamu on saadaval bee\u017ei, halli ja musta viimistlusega.<br \/>\nTootele kehtib tootja 10-aastane garantii.<br \/>\nPoola toode.<\/p>\n","protected":false},"excerpt":{"rendered":"<p>Albano graniidist valamud on kaasaegne lahendus, mis leiab oma koha teie vannitoas. See on inspireeritud kaasaegsest vannitoadisainist, \u00fchendades endas ainulaadse disaini ja vastupidava materjali. Ristk\u00fclikukujuline s\u00fcvistatud valamu mudel on saadaval suurusega 44&#215;60 cm. \u00d5rnalt profileeritud servadega mahukas kauss tagab k\u00f5rge kasutusmugavuse. Valamul on piir seebialuse jaoks ja tehases l\u00f5igatud auk valamusegisti jaoks. Materjal, millest see [&hellip;]<\/p>\n","protected":false},"featured_media":3389,"template":"","meta":[],"product_brand":[],"product_cat":[2748,2746],"product_tag":[],"product-combo":[5141],"plc":[],"edasimyyja":[],"class_list":{"0":"post-4975","1":"product","2":"type-product","3":"status-publish","4":"has-post-thumbnail","6":"product_cat-graniidist","7":"product_cat-valamu-komplektid","8":"pa_automatic-drain-shut-off-no-et","9":"pa_code-vga1410t-et","10":"pa_depth-of-bowl-100-mm-et","11":"pa_discolouration-resistant-yes-et","12":"pa_drain-o44-mm-et","13":"pa_ean-5907791169006-et","14":"pa_finish-beige-et","15":"pa_length-600-mm-et","16":"pa_model-rectangular-1-bowl-et","17":"pa_producer-laveo-et","18":"pa_resistant-to-thermal-shock-yes-et","19":"pa_reversible-no-et","20":"pa_scratch-resistant-yes-et","21":"pa_series-albano-et","22":"pa_width-440-mm-et","23":"product-combo-albano-2","25":"first","26":"outofstock","27":"purchasable","28":"product-type-simple"},"_links":{"self":[{"href":"https:\/\/laveo.sau.ee\/en\/wp-json\/wp\/v2\/product\/4975","targetHints":{"allow":["GET"]}}],"collection":[{"href":"https:\/\/laveo.sau.ee\/en\/wp-json\/wp\/v2\/product"}],"about":[{"href":"https:\/\/laveo.sau.ee\/en\/wp-json\/wp\/v2\/types\/product"}],"wp:featuredmedia":[{"embeddable":true,"href":"https:\/\/laveo.sau.ee\/en\/wp-json\/wp\/v2\/media\/3389"}],"wp:attachment":[{"href":"https:\/\/laveo.sau.ee\/en\/wp-json\/wp\/v2\/media?parent=4975"}],"wp:term":[{"taxonomy":"product_brand","embeddable":true,"href":"https:\/\/laveo.sau.ee\/en\/wp-json\/wp\/v2\/product_brand?post=4975"},{"taxonomy":"product_cat","embeddable":true,"href":"https:\/\/laveo.sau.ee\/en\/wp-json\/wp\/v2\/product_cat?post=4975"},{"taxonomy":"product_tag","embeddable":true,"href":"https:\/\/laveo.sau.ee\/en\/wp-json\/wp\/v2\/product_tag?post=4975"},{"taxonomy":"product-combo","embeddable":true,"href":"https:\/\/laveo.sau.ee\/en\/wp-json\/wp\/v2\/product-combo?post=4975"},{"taxonomy":"plc","embeddable":true,"href":"https:\/\/laveo.sau.ee\/en\/wp-json\/wp\/v2\/plc?post=4975"},{"taxonomy":"edasimyyja","embeddable":true,"href":"https:\/\/laveo.sau.ee\/en\/wp-json\/wp\/v2\/edasimyyja?post=4975"}],"curies":[{"name":"wp","href":"https:\/\/api.w.org\/{rel}","templated":true}]}}