{"id":4973,"date":"2023-03-30T13:26:53","date_gmt":"2023-03-30T10:26:53","guid":{"rendered":"https:\/\/dev.infinit.ee\/prod\/akan-and-desna-flush-mounted-set-toilet-frame-and-toilet-bowl-2\/"},"modified":"2026-02-20T12:02:05","modified_gmt":"2026-02-20T10:02:05","slug":"akan-and-desna-flush-mounted-set-toilet-frame-and-toilet-bowl-2","status":"publish","type":"product","link":"https:\/\/laveo.sau.ee\/en\/product\/akan-and-desna-flush-mounted-set-toilet-frame-and-toilet-bowl-2\/","title":{"rendered":"Akan ja Desna &#8211; s\u00fcvistatav komplekt, WC-raam ja WC-pott"},"content":{"rendered":"<p>Akan varjatud raam kerge konstruktsiooni jaoks See on seinale kinnitatava WC-poti jaoks m\u00f5eldud raam, mida saab osta komplekti osana v\u00f5i eraldi. Lisaks on v\u00f5imalik soetada raami ilma horisontaalse loputusplaadita v\u00f5i koos sellega, mis on saadaval neljas erinevas viimistluses.<br \/>\nAkani raam sobib seinale v\u00f5i naastuseinale paigaldamiseks.<br \/>\nSelle kandekoormus on ette valmistatud 400 kg kaaluks. Kasutatud materjalid tagavad t\u00f5husa heliisolatsiooni. Vaikne t\u00e4iteklapp hoiab \u00e4ra kondenseerumise. Samuti on v\u00f5imalus paigaldada nurka.<br \/>\nKomplekti kuuluv horisontaalne plaat on kahekordne ja loputus aktiveeritakse eest v\u00f5i \u00fclevalt. Paigaldatud jaotur tagab madala loputusvee vahemiku, mida saab seadistada vahemikku 3 kuni 6 liitrit.  <\/p>\n<p>Desna on seinale riputatav WC-pott, mille aukude on 18cm, ilma k\u00fclgedel n\u00e4htavate kinnituselementideta.<br \/>\nToode on \u00e4\u00e4risteta kauss ja t\u00e4nu sellele saab seda oluliselt lihtsamalt puhastada. Kausi teine eelis on ajatu v\u00e4limus.<br \/>\nValget v\u00e4rvi elemendil on huvitava disainiga vormid, t\u00e4nu millele n\u00e4eb see hea v\u00e4lja iga trendika vannitoa interj\u00f6\u00f6ris.<br \/>\nKausi t\u00e4ienduseks on WC-pott, millel on vastupidavad hinged, pehme sulgumise mehhanism ja kiirvabastuss\u00fcsteem. Selle mudeli valmistamiseks kasutati erakordselt vastupidavat plastikut \u2013 kriimustus- ja v\u00e4rvimuutuskindlat Duroplasti.<br \/>\nSellise hingede kasutamisega saate v\u00e4ltida valju m\u00fcra WC-poti kaane sulgemisel ja kahjustusi, mis on p\u00f5hjustatud WC-poti serva tugevast l\u00f6\u00f6gist.<br \/>\nSeinale riputatav mudel on vastupidav. Nende lahenduste rakendamine parandab vannitoa kasutusmugavust.<\/p>\n","protected":false},"excerpt":{"rendered":"<p>Akan varjatud raam kerge konstruktsiooni jaoks See on seinale kinnitatava WC-poti jaoks m\u00f5eldud raam, mida saab osta komplekti osana v\u00f5i eraldi. Lisaks on v\u00f5imalik soetada raami ilma horisontaalse loputusplaadita v\u00f5i koos sellega, mis on saadaval neljas erinevas viimistluses. Akani raam sobib seinale v\u00f5i naastuseinale paigaldamiseks. Selle kandekoormus on ette valmistatud 400 kg kaaluks. Kasutatud materjalid [&hellip;]<\/p>\n","protected":false},"featured_media":3387,"template":"","meta":[],"product_brand":[],"product_cat":[2738],"product_tag":[],"product-combo":[],"plc":[],"edasimyyja":[5212],"class_list":{"0":"post-4973","1":"product","2":"type-product","3":"status-publish","4":"has-post-thumbnail","6":"product_cat-sanitaartehnika","7":"pa_code-vmda600s-et","8":"pa_depth-miska-485-mm-et","9":"pa_ean-5907791147639-et","10":"pa_finish-chrome-white-et","11":"pa_frame-depth-100-175-mm-et","12":"pa_frame-height-1150-1390-mm-et","13":"pa_frame-width-525-mm-et","14":"pa_height-miska-320-mm-et","15":"pa_kind-of-toilet-frame-for-the-toilet-et","16":"pa_producer-laveo-et","17":"pa_series-desna-et","18":"pa_type-of-control-mechanical-et","19":"pa_type-of-installation-light-et","20":"pa_type-of-outflow-poziomy-et","21":"pa_width-miska-370-mm-et","22":"edasimyyja-on24-2","24":"first","25":"outofstock","26":"purchasable","27":"product-type-simple"},"_links":{"self":[{"href":"https:\/\/laveo.sau.ee\/en\/wp-json\/wp\/v2\/product\/4973","targetHints":{"allow":["GET"]}}],"collection":[{"href":"https:\/\/laveo.sau.ee\/en\/wp-json\/wp\/v2\/product"}],"about":[{"href":"https:\/\/laveo.sau.ee\/en\/wp-json\/wp\/v2\/types\/product"}],"wp:featuredmedia":[{"embeddable":true,"href":"https:\/\/laveo.sau.ee\/en\/wp-json\/wp\/v2\/media\/3387"}],"wp:attachment":[{"href":"https:\/\/laveo.sau.ee\/en\/wp-json\/wp\/v2\/media?parent=4973"}],"wp:term":[{"taxonomy":"product_brand","embeddable":true,"href":"https:\/\/laveo.sau.ee\/en\/wp-json\/wp\/v2\/product_brand?post=4973"},{"taxonomy":"product_cat","embeddable":true,"href":"https:\/\/laveo.sau.ee\/en\/wp-json\/wp\/v2\/product_cat?post=4973"},{"taxonomy":"product_tag","embeddable":true,"href":"https:\/\/laveo.sau.ee\/en\/wp-json\/wp\/v2\/product_tag?post=4973"},{"taxonomy":"product-combo","embeddable":true,"href":"https:\/\/laveo.sau.ee\/en\/wp-json\/wp\/v2\/product-combo?post=4973"},{"taxonomy":"plc","embeddable":true,"href":"https:\/\/laveo.sau.ee\/en\/wp-json\/wp\/v2\/plc?post=4973"},{"taxonomy":"edasimyyja","embeddable":true,"href":"https:\/\/laveo.sau.ee\/en\/wp-json\/wp\/v2\/edasimyyja?post=4973"}],"curies":[{"name":"wp","href":"https:\/\/api.w.org\/{rel}","templated":true}]}}