{"id":4967,"date":"2023-03-30T13:27:14","date_gmt":"2023-03-30T10:27:14","guid":{"rendered":"https:\/\/dev.infinit.ee\/prod\/amber-granite-washbasins-5\/"},"modified":"2026-04-16T10:50:22","modified_gmt":"2026-04-16T07:50:22","slug":"amber-granite-washbasins-5","status":"publish","type":"product","link":"https:\/\/laveo.sau.ee\/en\/product\/amber-granite-washbasins-5\/","title":{"rendered":"Merevaik &#8211; graniidist valamud"},"content":{"rendered":"<p>Merevaigukollased valamud on v\u00e4rvide ja materjalide kombinatsioon, mis on koosk\u00f5las kaasaegse disainiga.<br \/>\n41 cm l\u00e4bim\u00f5\u00f5duga t\u00f6\u00f6pinna valamu \u00fcmmarguse mudeli kausi v\u00e4lisk\u00fcljel on lisaks kaunistused.<br \/>\nLisaks esteetilistele omadustele tagavad merevaigukollased valamud t\u00e4nu materjalile, millest need on valmistatud, palju vastupidavusomadusi.<br \/>\nGraniidil on sellised omadused nagu vastupidavus ja vastupidavus v\u00e4listeguritele.<br \/>\nSaadaolevad viimistlused, nii et bee\u017e, hall, valge ja must, sobivad praeguste trendidega. See eristuv mudel v\u00f5imaldab luua ainulaadse ja elava vannitoa.<br \/>\nTootele kehtib tootja 10-aastane garantii.<br \/>\nPoola toode.<\/p>\n","protected":false},"excerpt":{"rendered":"<p>Merevaigukollased valamud on v\u00e4rvide ja materjalide kombinatsioon, mis on koosk\u00f5las kaasaegse disainiga. 41 cm l\u00e4bim\u00f5\u00f5duga t\u00f6\u00f6pinna valamu \u00fcmmarguse mudeli kausi v\u00e4lisk\u00fcljel on lisaks kaunistused. Lisaks esteetilistele omadustele tagavad merevaigukollased valamud t\u00e4nu materjalile, millest need on valmistatud, palju vastupidavusomadusi. Graniidil on sellised omadused nagu vastupidavus ja vastupidavus v\u00e4listeguritele. Saadaolevad viimistlused, nii et bee\u017e, hall, valge ja [&hellip;]<\/p>\n","protected":false},"featured_media":3414,"template":"","meta":[],"product_brand":[],"product_cat":[2748,2746],"product_tag":[],"product-combo":[5142],"plc":[],"edasimyyja":[],"class_list":{"0":"post-4967","1":"product","2":"type-product","3":"status-publish","4":"has-post-thumbnail","6":"product_cat-graniidist","7":"product_cat-valamu-komplektid","8":"pa_code-vgr1421t-et","9":"pa_depth-of-bowl-115-mm-et","10":"pa_discolouration-resistant-yes-et","11":"pa_drain-o44-mm-et","12":"pa_ean-5907791181794-et","13":"pa_finish-beige-et","14":"pa_length-410-mm-et","15":"pa_model-round-et","16":"pa_producer-laveo-et","17":"pa_resistant-to-thermal-shock-yes-et","18":"pa_reversible-yes-et","19":"pa_scratch-resistant-yes-et","20":"pa_series-amber-et","21":"pa_service-at-customers-location-190c-et","22":"pa_width-410-mm-et","23":"product-combo-amber-2","25":"first","26":"outofstock","27":"purchasable","28":"product-type-simple"},"_links":{"self":[{"href":"https:\/\/laveo.sau.ee\/en\/wp-json\/wp\/v2\/product\/4967","targetHints":{"allow":["GET"]}}],"collection":[{"href":"https:\/\/laveo.sau.ee\/en\/wp-json\/wp\/v2\/product"}],"about":[{"href":"https:\/\/laveo.sau.ee\/en\/wp-json\/wp\/v2\/types\/product"}],"wp:featuredmedia":[{"embeddable":true,"href":"https:\/\/laveo.sau.ee\/en\/wp-json\/wp\/v2\/media\/3414"}],"wp:attachment":[{"href":"https:\/\/laveo.sau.ee\/en\/wp-json\/wp\/v2\/media?parent=4967"}],"wp:term":[{"taxonomy":"product_brand","embeddable":true,"href":"https:\/\/laveo.sau.ee\/en\/wp-json\/wp\/v2\/product_brand?post=4967"},{"taxonomy":"product_cat","embeddable":true,"href":"https:\/\/laveo.sau.ee\/en\/wp-json\/wp\/v2\/product_cat?post=4967"},{"taxonomy":"product_tag","embeddable":true,"href":"https:\/\/laveo.sau.ee\/en\/wp-json\/wp\/v2\/product_tag?post=4967"},{"taxonomy":"product-combo","embeddable":true,"href":"https:\/\/laveo.sau.ee\/en\/wp-json\/wp\/v2\/product-combo?post=4967"},{"taxonomy":"plc","embeddable":true,"href":"https:\/\/laveo.sau.ee\/en\/wp-json\/wp\/v2\/plc?post=4967"},{"taxonomy":"edasimyyja","embeddable":true,"href":"https:\/\/laveo.sau.ee\/en\/wp-json\/wp\/v2\/edasimyyja?post=4967"}],"curies":[{"name":"wp","href":"https:\/\/api.w.org\/{rel}","templated":true}]}}