{"id":4964,"date":"2023-03-30T13:27:14","date_gmt":"2023-03-30T10:27:14","guid":{"rendered":"https:\/\/dev.infinit.ee\/prod\/alena-granite-sink-1-bowl-7\/"},"modified":"2026-03-24T12:02:03","modified_gmt":"2026-03-24T10:02:03","slug":"alena-granite-sink-1-bowl-7","status":"publish","type":"product","link":"https:\/\/laveo.sau.ee\/en\/product\/alena-granite-sink-1-bowl-7\/","title":{"rendered":"Alena &#8211; graniidist valamu \u2013 1 kauss"},"content":{"rendered":"<p>Alena ruudukujulised v\u00e4ikesed graniidist valamud on suurep\u00e4rane lahendus v\u00e4ikestesse k\u00f6\u00f6kidesse. Seal, kus loeb iga sentimeeter, v\u00f5ite kaaluda Laveo valmistatud Poolas valmistatud valamut suurusega 49&#215;49 cm. Sellel on funktsionaalne ja s\u00fcgav (20 cm) kauss ning sifooni kiire ja lihtne sulgemine ja avamine kl\u00f5psuga pistiku abil. Komplekt sisaldab ruumis\u00e4\u00e4stlikku sifooni, millel on \u00fchendus n\u00f5udepesumasinaga. Valamu on valmistatud kvaliteetsest graniidist, millele kehtib tootja 10-aastane garantii. T\u00e4nu materjalile, millest valamu on valmistatud, on see vastupidav kriimustustele, termilisele \u0161okile ja k\u00f5rgele temperatuurile. Valamu on saadaval neljas moodsas viimistluses, nii valge, bee\u017e, hall kui ka must, mis v\u00f5imaldab sobituda k\u00f6\u00f6gi sisustamise stiiliga.<\/p>\n","protected":false},"excerpt":{"rendered":"<p>Alena ruudukujulised v\u00e4ikesed graniidist valamud on suurep\u00e4rane lahendus v\u00e4ikestesse k\u00f6\u00f6kidesse. Seal, kus loeb iga sentimeeter, v\u00f5ite kaaluda Laveo valmistatud Poolas valmistatud valamut suurusega 49&#215;49 cm. Sellel on funktsionaalne ja s\u00fcgav (20 cm) kauss ning sifooni kiire ja lihtne sulgemine ja avamine kl\u00f5psuga pistiku abil. Komplekt sisaldab ruumis\u00e4\u00e4stlikku sifooni, millel on \u00fchendus n\u00f5udepesumasinaga. Valamu on valmistatud [&hellip;]<\/p>\n","protected":false},"featured_media":3411,"template":"","meta":[],"product_brand":[],"product_cat":[2733,2730],"product_tag":[],"product-combo":[5119],"plc":[],"edasimyyja":[],"class_list":{"0":"post-4964","1":"product","2":"type-product","3":"status-publish","4":"has-post-thumbnail","6":"product_cat-1-valamuga","7":"product_cat-graniitvalamud","8":"product_shipping_class-home-delivery-et","9":"pa_automatic-drain-shut-off-no-et","10":"pa_code-sba-410t-et","11":"pa_connection-to-a-dishwasher-yes-et","12":"pa_depth-of-bowl-200-mm-et","13":"pa_drain-35-cala-et","14":"pa_ean-5907791170972-et","15":"pa_finish-beige-et","16":"pa_for-cabinet-500-mm-et","17":"pa_length-490-mm-et","18":"pa_model-rectangular-1-bowl-et","19":"pa_producer-laveo-et","20":"pa_resistant-to-thermal-shock-yes-et","21":"pa_reversible-no-et","22":"pa_series-alena-et","23":"pa_width-490-mm-et","24":"product-combo-alena-2","26":"first","27":"instock","28":"purchasable","29":"product-type-simple"},"_links":{"self":[{"href":"https:\/\/laveo.sau.ee\/en\/wp-json\/wp\/v2\/product\/4964","targetHints":{"allow":["GET"]}}],"collection":[{"href":"https:\/\/laveo.sau.ee\/en\/wp-json\/wp\/v2\/product"}],"about":[{"href":"https:\/\/laveo.sau.ee\/en\/wp-json\/wp\/v2\/types\/product"}],"wp:featuredmedia":[{"embeddable":true,"href":"https:\/\/laveo.sau.ee\/en\/wp-json\/wp\/v2\/media\/3411"}],"wp:attachment":[{"href":"https:\/\/laveo.sau.ee\/en\/wp-json\/wp\/v2\/media?parent=4964"}],"wp:term":[{"taxonomy":"product_brand","embeddable":true,"href":"https:\/\/laveo.sau.ee\/en\/wp-json\/wp\/v2\/product_brand?post=4964"},{"taxonomy":"product_cat","embeddable":true,"href":"https:\/\/laveo.sau.ee\/en\/wp-json\/wp\/v2\/product_cat?post=4964"},{"taxonomy":"product_tag","embeddable":true,"href":"https:\/\/laveo.sau.ee\/en\/wp-json\/wp\/v2\/product_tag?post=4964"},{"taxonomy":"product-combo","embeddable":true,"href":"https:\/\/laveo.sau.ee\/en\/wp-json\/wp\/v2\/product-combo?post=4964"},{"taxonomy":"plc","embeddable":true,"href":"https:\/\/laveo.sau.ee\/en\/wp-json\/wp\/v2\/plc?post=4964"},{"taxonomy":"edasimyyja","embeddable":true,"href":"https:\/\/laveo.sau.ee\/en\/wp-json\/wp\/v2\/edasimyyja?post=4964"}],"curies":[{"name":"wp","href":"https:\/\/api.w.org\/{rel}","templated":true}]}}