{"id":4961,"date":"2023-03-30T13:27:14","date_gmt":"2023-03-30T10:27:14","guid":{"rendered":"https:\/\/dev.infinit.ee\/prod\/alea-shower-mixer-for-concealed-installation-with-a-switch-4\/"},"modified":"2026-02-16T12:02:16","modified_gmt":"2026-02-16T10:02:16","slug":"alea-shower-mixer-for-concealed-installation-with-a-switch-4","status":"publish","type":"product","link":"https:\/\/laveo.sau.ee\/en\/product\/alea-shower-mixer-for-concealed-installation-with-a-switch-4\/","title":{"rendered":"Alea \u2013 l\u00fclitiga du\u0161isegisti varjatud paigaldamiseks"},"content":{"rendered":"<p>Laveo vannitoa segistite Alea sari on \u00f5rnade vormidega \u00f5huke sari, mis on ideaalne valik moodsa iseloomuga vannituppa. See on varustatud keraamilise kassetiga, t\u00e4nu millele on selle t\u00f6\u00f6 t\u00e4pne kogu kasutusea jooksul, samas kui selle s\u00e4ra pakub naudingut aastaid.<br \/>\nSee on sari, kus ka k\u00f5ige n\u00f5udlikum kasutaja leiab endale meelep\u00e4rase mudeli, kuna sarjas on koguni 9 sanitaarlahendust ja see v\u00f5imaldab suuremaid v\u00f5imalusi vannitoa viimistlemiseks.<br \/>\nKollektsioon on saadaval kahes viimistluses, kroomitud ja valge-kroomitud ning sisaldab bideesegisti, kolme p\u00fcstise valamusegisti mudelit, klassikalise t\u00f5stetud korpusega valamute jaoks ja paremal asuva hoovaga. Supluskoha jaoks saate valida ka laia ja mitmekesise mudelivaliku hulgast, sealhulgas seinale paigaldatav du\u0161isegisti, du\u0161isegisti varjatud paigaldamiseks ja kolm vannisegisti mudelit.<br \/>\nNagu ka klassikaline seinale kinnitatav vannisegisti, mis on varustatud liigutatava tilaga, ja kui soovite, et k\u00e4sidu\u0161ist vesi voolaks, liigutage lihtsalt hooba, et l\u00fclituda k\u00e4sidu\u0161ile ja hakata vanni t\u00e4itma. Sellise lahendusega saate nautida mugavust, funktsionaalsust ja ruumi vanni \u00fcmber isegi v\u00e4ikesel alal. Seda lahendust tunnustati Diament Meblarstwa (M\u00f6\u00f6blivalmistamise teemant) disainikonkursil. Vannisegisti kolmas mudel on 3-auguline segisti kasutamiseks ja vanni servale paigaldamiseks. Segistil on du\u0161ikomplekt koos k\u00e4sidu\u0161iga. Lisaks on komplektis ka kronstein, rosett, l\u00fcliti, vannitila ja keraamiline segisti. Peale segisti, mis on keraamiline, on tervik valmistatud vastupidavast metallist. Voolik on peidetud v\u00f5i v\u00e4ljat\u00f5mmatav, mis muudab selle elemendi kasutamise ja puhastamise erakordselt mugavaks.<br \/>\nPuhastamise lihtsus, 8-aastane garantii ja kvaliteetsed materjalid v\u00f5imaldavad kasutada kraanin\u00f5usid pikki aastaid.<\/p>\n","protected":false},"excerpt":{"rendered":"<p>Laveo vannitoa segistite Alea sari on \u00f5rnade vormidega \u00f5huke sari, mis on ideaalne valik moodsa iseloomuga vannituppa. See on varustatud keraamilise kassetiga, t\u00e4nu millele on selle t\u00f6\u00f6 t\u00e4pne kogu kasutusea jooksul, samas kui selle s\u00e4ra pakub naudingut aastaid. See on sari, kus ka k\u00f5ige n\u00f5udlikum kasutaja leiab endale meelep\u00e4rase mudeli, kuna sarjas on koguni 9 [&hellip;]<\/p>\n","protected":false},"featured_media":3408,"template":"","meta":[],"product_brand":[],"product_cat":[2728,2739,2729,2724],"product_tag":[],"product-combo":[],"plc":[],"edasimyyja":[],"class_list":{"0":"post-4961","1":"product","2":"type-product","3":"status-publish","4":"has-post-thumbnail","6":"product_cat-dusisegistid","7":"product_cat-peidetud-dusipaneel","8":"product_cat-suvistatavad-segistid","9":"product_cat-vannitoa-segistid","10":"pa_acoustic-group-i--20-db-et","11":"pa_code-ble-60pd-et","12":"pa_concealed-box-yes-et","13":"pa_ean-5907791144874-et","14":"pa_finish-valge-kroom","15":"pa_flow-class-s--198-l-min-et","16":"pa_head-diameter-35-mm-et","17":"pa_method-of-installation-concealed-et","18":"pa_producer-laveo-et","19":"pa_series-alea-et","20":"pa_service-at-customers-location-yes-et","21":"pa_total-mixer-height-185-mm-et","22":"pa_type-of-cartridge-ceramic-et","23":"pa_type-of-handle-single-lever-et","24":"pa_years-of-warranty-8-see-warranty-terms-et","26":"first","27":"instock","28":"purchasable","29":"product-type-simple"},"_links":{"self":[{"href":"https:\/\/laveo.sau.ee\/en\/wp-json\/wp\/v2\/product\/4961","targetHints":{"allow":["GET"]}}],"collection":[{"href":"https:\/\/laveo.sau.ee\/en\/wp-json\/wp\/v2\/product"}],"about":[{"href":"https:\/\/laveo.sau.ee\/en\/wp-json\/wp\/v2\/types\/product"}],"wp:featuredmedia":[{"embeddable":true,"href":"https:\/\/laveo.sau.ee\/en\/wp-json\/wp\/v2\/media\/3408"}],"wp:attachment":[{"href":"https:\/\/laveo.sau.ee\/en\/wp-json\/wp\/v2\/media?parent=4961"}],"wp:term":[{"taxonomy":"product_brand","embeddable":true,"href":"https:\/\/laveo.sau.ee\/en\/wp-json\/wp\/v2\/product_brand?post=4961"},{"taxonomy":"product_cat","embeddable":true,"href":"https:\/\/laveo.sau.ee\/en\/wp-json\/wp\/v2\/product_cat?post=4961"},{"taxonomy":"product_tag","embeddable":true,"href":"https:\/\/laveo.sau.ee\/en\/wp-json\/wp\/v2\/product_tag?post=4961"},{"taxonomy":"product-combo","embeddable":true,"href":"https:\/\/laveo.sau.ee\/en\/wp-json\/wp\/v2\/product-combo?post=4961"},{"taxonomy":"plc","embeddable":true,"href":"https:\/\/laveo.sau.ee\/en\/wp-json\/wp\/v2\/plc?post=4961"},{"taxonomy":"edasimyyja","embeddable":true,"href":"https:\/\/laveo.sau.ee\/en\/wp-json\/wp\/v2\/edasimyyja?post=4961"}],"curies":[{"name":"wp","href":"https:\/\/api.w.org\/{rel}","templated":true}]}}