{"id":4946,"date":"2023-03-30T13:27:31","date_gmt":"2023-03-30T10:27:31","guid":{"rendered":"https:\/\/dev.infinit.ee\/prod\/arno-connecting-hose-12\/"},"modified":"2026-02-16T12:02:15","modified_gmt":"2026-02-16T10:02:15","slug":"arno-connecting-hose-12","status":"publish","type":"product","link":"https:\/\/laveo.sau.ee\/en\/product\/arno-connecting-hose-12\/","title":{"rendered":"Arno &#8211; \u00fchendusvoolik"},"content":{"rendered":"<p>Kuue viimistlusega du\u0161ivoolik Arno on valmistatud vastupidavast metallist punutud kummist. Elastne materjal, millest voolik on valmistatud, v\u00f5imaldab seda pikendada kuni 30 cm v\u00f5rra. Arno on varustatud v\u00e4\u00e4ndumisvastase s\u00fcsteemiga, mis v\u00f5imaldab du\u0161\u0161i mugavat kasutamist. Lisaks sisaldab seeria 70cm pikkust \u00fchendusvoolikut. Standardsuurusega 1\/2&#8243; keermega sobib see enamikule turul saadaolevatele segistitele.<\/p>\n","protected":false},"excerpt":{"rendered":"<p>Kuue viimistlusega du\u0161ivoolik Arno on valmistatud vastupidavast metallist punutud kummist. Elastne materjal, millest voolik on valmistatud, v\u00f5imaldab seda pikendada kuni 30 cm v\u00f5rra. Arno on varustatud v\u00e4\u00e4ndumisvastase s\u00fcsteemiga, mis v\u00f5imaldab du\u0161\u0161i mugavat kasutamist. Lisaks sisaldab seeria 70cm pikkust \u00fchendusvoolikut. Standardsuurusega 1\/2&#8243; keermega sobib see enamikule turul saadaolevatele segistitele.<\/p>\n","protected":false},"featured_media":3433,"template":"","meta":[],"product_brand":[],"product_cat":[2712,2718,2714,2716],"product_tag":[],"product-combo":[],"plc":[],"edasimyyja":[],"class_list":{"0":"post-4946","1":"product","2":"type-product","3":"status-publish","4":"has-post-thumbnail","6":"product_cat-dusid","7":"product_cat-dusivoolikud","8":"product_cat-lisatarvikud","9":"product_cat-lisatarvikud-vannituppa","10":"pa_code-cra-8ptd-et","11":"pa_ean-5907791176721-et","12":"pa_finish-rose-gold-et","13":"pa_length-700-mm-et","14":"pa_producer-laveo-et","15":"pa_series-arno-et","16":"pa_shower-hose-material-rubber-steel-et","17":"pa_years-of-warranty-2-see-warranty-terms-et","19":"first","20":"outofstock","21":"purchasable","22":"product-type-simple"},"_links":{"self":[{"href":"https:\/\/laveo.sau.ee\/en\/wp-json\/wp\/v2\/product\/4946","targetHints":{"allow":["GET"]}}],"collection":[{"href":"https:\/\/laveo.sau.ee\/en\/wp-json\/wp\/v2\/product"}],"about":[{"href":"https:\/\/laveo.sau.ee\/en\/wp-json\/wp\/v2\/types\/product"}],"wp:featuredmedia":[{"embeddable":true,"href":"https:\/\/laveo.sau.ee\/en\/wp-json\/wp\/v2\/media\/3433"}],"wp:attachment":[{"href":"https:\/\/laveo.sau.ee\/en\/wp-json\/wp\/v2\/media?parent=4946"}],"wp:term":[{"taxonomy":"product_brand","embeddable":true,"href":"https:\/\/laveo.sau.ee\/en\/wp-json\/wp\/v2\/product_brand?post=4946"},{"taxonomy":"product_cat","embeddable":true,"href":"https:\/\/laveo.sau.ee\/en\/wp-json\/wp\/v2\/product_cat?post=4946"},{"taxonomy":"product_tag","embeddable":true,"href":"https:\/\/laveo.sau.ee\/en\/wp-json\/wp\/v2\/product_tag?post=4946"},{"taxonomy":"product-combo","embeddable":true,"href":"https:\/\/laveo.sau.ee\/en\/wp-json\/wp\/v2\/product-combo?post=4946"},{"taxonomy":"plc","embeddable":true,"href":"https:\/\/laveo.sau.ee\/en\/wp-json\/wp\/v2\/plc?post=4946"},{"taxonomy":"edasimyyja","embeddable":true,"href":"https:\/\/laveo.sau.ee\/en\/wp-json\/wp\/v2\/edasimyyja?post=4946"}],"curies":[{"name":"wp","href":"https:\/\/api.w.org\/{rel}","templated":true}]}}