{"id":4935,"date":"2023-03-30T13:27:31","date_gmt":"2023-03-30T10:27:31","guid":{"rendered":"https:\/\/dev.infinit.ee\/prod\/appia-upright-sink-mixer-with-u-shaped-spout-2\/"},"modified":"2026-04-16T10:50:21","modified_gmt":"2026-04-16T07:50:21","slug":"appia-upright-sink-mixer-with-u-shaped-spout-2","status":"publish","type":"product","link":"https:\/\/laveo.sau.ee\/en\/product\/appia-upright-sink-mixer-with-u-shaped-spout-2\/","title":{"rendered":"Appia &#8211; p\u00fcstine valamusegisti U-kujulise tilaga"},"content":{"rendered":"<p>Laveo Appia sari \u00fchendab nutikalt moeka geomeetria elegantsi ja orgaaniliste vormide \u00f5rnuse. See on atraktiivne Skandinaavia, kaasaegse v\u00f5i minimalistliku stiilis vannitoas, aga ka retro, vintage v\u00f5i sajandi keskpaiga stiilis. Appia koosneb koguni k\u00fcmnest kraanin\u00f5ude mudelist, mis v\u00f5imaldavad sisustada ka k\u00f5ige multifunktsionaalsema vannitoa.<br \/>\nPakkumine sisaldab seinale paigaldatavat du\u0161isegisti ja kahte du\u0161isegisti mudelit varjatud paigaldamiseks koos du\u0161il\u00fclitiga ja ilma, kahte vertikaalse valamusegisti mudelit ja liigutatava tilaga versiooni.<br \/>\nDu\u0161isegistite r\u00fchm annab laia valiku, nii et koguni 4 mudelit, mille hulgast leiate p\u00fcstsegisti du\u0161il\u00fclitiga ja p\u00fcstise 1-augulise segisti du\u0161il\u00fclitiga ning need tooted on m\u00f5eldud paigaldamiseks vanni kabiinile v\u00f5i servale (kui see sobib). Need kaks mudelit on ka musta viimistlusega. \u00dclej\u00e4\u00e4nud kaks vannimudelit on seinale kinnitatavad du\u0161il\u00fclitiga versioonid, samas kui \u00fcks on varustatud pikema liigutatava tilaga. K\u00f5ik need mudelid on spetsiaalsed lahendused, mis v\u00f5imaldavad lahendada tehnilisi probleeme vannitoa segistite paigaldamisel.<br \/>\nSarja t\u00e4iendab U-kujulise tilaga valamusegisti mudel.<br \/>\nSeeria on saadaval kroomitud viimistlusega, kuid iga segisti k\u00f5ige olulisem element on selle s\u00fcda, siin keraamiline kassett, mis v\u00f5imaldab pikka aastat kasutada.<br \/>\nLisaks esteetilistele omadustele tagab sari lihtsa kokkupaneku renoveerimisetapis ja lihtsa puhastamise kasutusetapis.<br \/>\nLisaks annab Laveo tootjana kassetile ja korpusele 8-aastase garantii.<\/p>\n","protected":false},"excerpt":{"rendered":"<p>Laveo Appia sari \u00fchendab nutikalt moeka geomeetria elegantsi ja orgaaniliste vormide \u00f5rnuse. See on atraktiivne Skandinaavia, kaasaegse v\u00f5i minimalistliku stiilis vannitoas, aga ka retro, vintage v\u00f5i sajandi keskpaiga stiilis. Appia koosneb koguni k\u00fcmnest kraanin\u00f5ude mudelist, mis v\u00f5imaldavad sisustada ka k\u00f5ige multifunktsionaalsema vannitoa. Pakkumine sisaldab seinale paigaldatavat du\u0161isegisti ja kahte du\u0161isegisti mudelit varjatud paigaldamiseks koos du\u0161il\u00fclitiga [&hellip;]<\/p>\n","protected":false},"featured_media":3422,"template":"","meta":[],"product_brand":[],"product_cat":[2711],"product_tag":[],"product-combo":[],"plc":[],"edasimyyja":[],"class_list":{"0":"post-4935","1":"product","2":"type-product","3":"status-publish","4":"has-post-thumbnail","6":"product_cat-koogisegisti-kraanid","7":"pa_acoustic-group-i--20-db-et","8":"pa_code-blp-068d-et","9":"pa_connecting-hose-length-400-mm-et","10":"pa_ean-5907791122810-et","11":"pa_finish-chrome-et","12":"pa_flow-class-z--9-l-min-et","13":"pa_head-diameter-35-mm-et","14":"pa_method-of-installation-upright-et","15":"pa_producer-laveo-et","16":"pa_range-of-spout-161-mm-et","17":"pa_series-appia-et","18":"pa_total-mixer-height-293-mm-et","19":"pa_type-of-cartridge-ceramic-et","20":"pa_type-of-handle-single-lever-et","21":"pa_type-of-spout-movable-et","23":"first","24":"instock","25":"purchasable","26":"product-type-simple"},"_links":{"self":[{"href":"https:\/\/laveo.sau.ee\/en\/wp-json\/wp\/v2\/product\/4935","targetHints":{"allow":["GET"]}}],"collection":[{"href":"https:\/\/laveo.sau.ee\/en\/wp-json\/wp\/v2\/product"}],"about":[{"href":"https:\/\/laveo.sau.ee\/en\/wp-json\/wp\/v2\/types\/product"}],"wp:featuredmedia":[{"embeddable":true,"href":"https:\/\/laveo.sau.ee\/en\/wp-json\/wp\/v2\/media\/3422"}],"wp:attachment":[{"href":"https:\/\/laveo.sau.ee\/en\/wp-json\/wp\/v2\/media?parent=4935"}],"wp:term":[{"taxonomy":"product_brand","embeddable":true,"href":"https:\/\/laveo.sau.ee\/en\/wp-json\/wp\/v2\/product_brand?post=4935"},{"taxonomy":"product_cat","embeddable":true,"href":"https:\/\/laveo.sau.ee\/en\/wp-json\/wp\/v2\/product_cat?post=4935"},{"taxonomy":"product_tag","embeddable":true,"href":"https:\/\/laveo.sau.ee\/en\/wp-json\/wp\/v2\/product_tag?post=4935"},{"taxonomy":"product-combo","embeddable":true,"href":"https:\/\/laveo.sau.ee\/en\/wp-json\/wp\/v2\/product-combo?post=4935"},{"taxonomy":"plc","embeddable":true,"href":"https:\/\/laveo.sau.ee\/en\/wp-json\/wp\/v2\/plc?post=4935"},{"taxonomy":"edasimyyja","embeddable":true,"href":"https:\/\/laveo.sau.ee\/en\/wp-json\/wp\/v2\/edasimyyja?post=4935"}],"curies":[{"name":"wp","href":"https:\/\/api.w.org\/{rel}","templated":true}]}}