{"id":4921,"date":"2023-03-30T13:27:49","date_gmt":"2023-03-30T10:27:49","guid":{"rendered":"https:\/\/dev.infinit.ee\/prod\/barbados-granite-sink-1-bowl-with-a-halfdrainer-6\/"},"modified":"2026-02-16T12:02:15","modified_gmt":"2026-02-16T10:02:15","slug":"barbados-granite-sink-1-bowl-with-a-halfdrainer-6","status":"publish","type":"product","link":"https:\/\/laveo.sau.ee\/en\/product\/barbados-granite-sink-1-bowl-with-a-halfdrainer-6\/","title":{"rendered":"Barbados &#8211; graniidist valamu &#8211; 1 kauss koos poolkuivendusega"},"content":{"rendered":"<p>Laveo Barbadose valamud on uuenduslikud graniidist valmistatud tooted, t\u00e4nu millele on need vastupidavad mitte ainult m\u00e4\u00e4rdumisele, vaid ka kriimustustele, termilisele \u0161okile v\u00f5i temperatuurile kuni 250\u00b0C. Niisiis, kuidas selliseid peaaegu h\u00e4vimatuid tooteid paigaldada? Nende paigaldamine ei tekita probleeme \u2013 nendel mudelitel on tehases l\u00f5igatud augud segisti jaoks. Kasutatud materjal koos disainiga muudab tooted \u00fchtaegu rangeks ja \u00f5rnaks. Lihtne, \u00fcsna geomeetriline vorm ja toonitud v\u00e4rvid sobivad ideaalselt nii klassikaliste kui ka moodsamate ruumidega. Need elegantsed \u00fche kausiga valamud on varustatud drenaa\u017eitorudega, mis on kindlasti kasulikud kokandushuviliste kodudes. Laveo Barbadose valamud on saadaval kolmes ajatus v\u00e4rvivariandis: bee\u017e, hall ja must. Br\u00e4nd, mis on veendunud oma toodete m\u00e4rkimisv\u00e4\u00e4rses vastupidavuses, annab nende kasutamisele 10-aastase garantii.<\/p>\n","protected":false},"excerpt":{"rendered":"<p>Laveo Barbadose valamud on uuenduslikud graniidist valmistatud tooted, t\u00e4nu millele on need vastupidavad mitte ainult m\u00e4\u00e4rdumisele, vaid ka kriimustustele, termilisele \u0161okile v\u00f5i temperatuurile kuni 250\u00b0C. Niisiis, kuidas selliseid peaaegu h\u00e4vimatuid tooteid paigaldada? Nende paigaldamine ei tekita probleeme \u2013 nendel mudelitel on tehases l\u00f5igatud augud segisti jaoks. Kasutatud materjal koos disainiga muudab tooted \u00fchtaegu rangeks ja [&hellip;]<\/p>\n","protected":false},"featured_media":3448,"template":"","meta":[],"product_brand":[],"product_cat":[2733,2730],"product_tag":[],"product-combo":[5123],"plc":[],"edasimyyja":[],"class_list":{"0":"post-4921","1":"product","2":"type-product","3":"status-publish","4":"has-post-thumbnail","6":"product_cat-1-valamuga","7":"product_cat-graniitvalamud","8":"product_shipping_class-home-delivery-et","9":"pa_automatic-drain-shut-off-yes-et","10":"pa_code-sbb-513t-et","11":"pa_connection-to-a-dishwasher-yes-et","12":"pa_depth-of-bowl-200-mm-et","13":"pa_drain-35-et","14":"pa_ean-5907791174857-et","15":"pa_finish-grey-et","16":"pa_for-cabinet-500-mm-et","17":"pa_length-650-mm-et","18":"pa_model-rectangular-1-bowl-et","19":"pa_producer-laveo-et","20":"pa_resistant-to-thermal-shock-yes-et","21":"pa_reversible-yes-et","22":"pa_series-barbados-et","23":"pa_width-440-mm-et","24":"product-combo-barbados-1-half-driner-2","26":"first","27":"instock","28":"purchasable","29":"product-type-simple"},"_links":{"self":[{"href":"https:\/\/laveo.sau.ee\/en\/wp-json\/wp\/v2\/product\/4921","targetHints":{"allow":["GET"]}}],"collection":[{"href":"https:\/\/laveo.sau.ee\/en\/wp-json\/wp\/v2\/product"}],"about":[{"href":"https:\/\/laveo.sau.ee\/en\/wp-json\/wp\/v2\/types\/product"}],"wp:featuredmedia":[{"embeddable":true,"href":"https:\/\/laveo.sau.ee\/en\/wp-json\/wp\/v2\/media\/3448"}],"wp:attachment":[{"href":"https:\/\/laveo.sau.ee\/en\/wp-json\/wp\/v2\/media?parent=4921"}],"wp:term":[{"taxonomy":"product_brand","embeddable":true,"href":"https:\/\/laveo.sau.ee\/en\/wp-json\/wp\/v2\/product_brand?post=4921"},{"taxonomy":"product_cat","embeddable":true,"href":"https:\/\/laveo.sau.ee\/en\/wp-json\/wp\/v2\/product_cat?post=4921"},{"taxonomy":"product_tag","embeddable":true,"href":"https:\/\/laveo.sau.ee\/en\/wp-json\/wp\/v2\/product_tag?post=4921"},{"taxonomy":"product-combo","embeddable":true,"href":"https:\/\/laveo.sau.ee\/en\/wp-json\/wp\/v2\/product-combo?post=4921"},{"taxonomy":"plc","embeddable":true,"href":"https:\/\/laveo.sau.ee\/en\/wp-json\/wp\/v2\/plc?post=4921"},{"taxonomy":"edasimyyja","embeddable":true,"href":"https:\/\/laveo.sau.ee\/en\/wp-json\/wp\/v2\/edasimyyja?post=4921"}],"curies":[{"name":"wp","href":"https:\/\/api.w.org\/{rel}","templated":true}]}}