{"id":4874,"date":"2023-03-30T13:28:07","date_gmt":"2023-03-30T10:28:07","guid":{"rendered":"https:\/\/dev.infinit.ee\/prod\/basso-linear-drain-90-cm-7\/"},"modified":"2026-03-14T12:02:02","modified_gmt":"2026-03-14T10:02:02","slug":"basso-linear-drain-90-cm-7","status":"publish","type":"product","link":"https:\/\/laveo.sau.ee\/en\/product\/basso-linear-drain-90-cm-7\/","title":{"rendered":"Basso &#8211; lineaarne \u00e4ravool 90 cm"},"content":{"rendered":"<p>Basso lineaarsed \u00e4ravoolutorud on \u00fcks elemente, mis m\u00f5jutavad vannitoa praktilist ja esteetilist aspekti. Saadaval p\u00f5randa- ja seinamudelid laias valikus viimistluses (koguni viis, nii et inox, must, kuldne, roosa kuld ja must klaas) ja suurustes 50 kuni 100 cm. Basso seeria suureks eeliseks on p\u00f6\u00f6ratav rest, mida saab kasutada \u00e4ravoolu v\u00e4rvi sileda, t\u00e4isrestina v\u00f5i plaaditud restina. Rakendatud lahustega saab \u00e4ravoolutorusid kiiresti ja meeldivalt puhastada, samas kui nende k\u00f5rge l\u00e4bilaskvus tagab mugavuse igas vannitoas.<br \/>\nNii p\u00f5randa- kui ka seinamudel on madala sifooni (62 mm) ja kiire vee \u00fclevooluga (56 l\/min) \u00e4ravool, mis v\u00f5imaldab lihtsat paigaldamist igasse p\u00f5randasse \u2013 ka korterisse. Drenaa\u017e annab v\u00f5imaluse puhastada \u00fclalt ning sifooni eemaldatav kurn v\u00f5imaldab selle kiiresti eemaldada ja puhastada saastest komplekti kuuluva konksu abil.<br \/>\nKvaliteetne roostevaba teras (304), millest \u00e4ravoolud on valmistatud, ja Poola toodang tagab ohutu ja mugava kasutamise pikkadeks aastateks.<br \/>\nTootele kehtib tootja 10-aastane garantii.<\/p>\n","protected":false},"excerpt":{"rendered":"<p>Basso lineaarsed \u00e4ravoolutorud on \u00fcks elemente, mis m\u00f5jutavad vannitoa praktilist ja esteetilist aspekti. Saadaval p\u00f5randa- ja seinamudelid laias valikus viimistluses (koguni viis, nii et inox, must, kuldne, roosa kuld ja must klaas) ja suurustes 50 kuni 100 cm. Basso seeria suureks eeliseks on p\u00f6\u00f6ratav rest, mida saab kasutada \u00e4ravoolu v\u00e4rvi sileda, t\u00e4isrestina v\u00f5i plaaditud restina. [&hellip;]<\/p>\n","protected":false},"featured_media":3456,"template":"","meta":[],"product_brand":[],"product_cat":[2674,2675],"product_tag":[],"product-combo":[],"plc":[],"edasimyyja":[],"class_list":{"0":"post-4874","1":"product","2":"type-product","3":"status-publish","4":"has-post-thumbnail","6":"product_cat-dusirennid-trapiga","7":"product_cat-porandatrapid","8":"pa_code-cob-790d-et","9":"pa_connection-size-50-mm-basso-et","10":"pa_dirt-collector-yes-et","11":"pa_drain-length-900-mm-et","12":"pa_ean-5907791190420-et","13":"pa_finish-black-et","14":"pa_installation-height-62-mm-et","15":"pa_manner-of-drain-installation-floor-et","16":"pa_maximum-height-115-mm-et","17":"pa_minimum-height-75-mm-et","18":"pa_producer-laveo-et","19":"pa_series-basso-et","20":"pa_strainer-protecting-the-trap-yes-et","21":"pa_trap-cleaned-from-the-top-yes-et","22":"pa_water-flow-rate-56-l-min-et","23":"pa_width-of-the-trough-92-mm-et","25":"first","26":"instock","27":"purchasable","28":"product-type-simple"},"_links":{"self":[{"href":"https:\/\/laveo.sau.ee\/en\/wp-json\/wp\/v2\/product\/4874","targetHints":{"allow":["GET"]}}],"collection":[{"href":"https:\/\/laveo.sau.ee\/en\/wp-json\/wp\/v2\/product"}],"about":[{"href":"https:\/\/laveo.sau.ee\/en\/wp-json\/wp\/v2\/types\/product"}],"wp:featuredmedia":[{"embeddable":true,"href":"https:\/\/laveo.sau.ee\/en\/wp-json\/wp\/v2\/media\/3456"}],"wp:attachment":[{"href":"https:\/\/laveo.sau.ee\/en\/wp-json\/wp\/v2\/media?parent=4874"}],"wp:term":[{"taxonomy":"product_brand","embeddable":true,"href":"https:\/\/laveo.sau.ee\/en\/wp-json\/wp\/v2\/product_brand?post=4874"},{"taxonomy":"product_cat","embeddable":true,"href":"https:\/\/laveo.sau.ee\/en\/wp-json\/wp\/v2\/product_cat?post=4874"},{"taxonomy":"product_tag","embeddable":true,"href":"https:\/\/laveo.sau.ee\/en\/wp-json\/wp\/v2\/product_tag?post=4874"},{"taxonomy":"product-combo","embeddable":true,"href":"https:\/\/laveo.sau.ee\/en\/wp-json\/wp\/v2\/product-combo?post=4874"},{"taxonomy":"plc","embeddable":true,"href":"https:\/\/laveo.sau.ee\/en\/wp-json\/wp\/v2\/plc?post=4874"},{"taxonomy":"edasimyyja","embeddable":true,"href":"https:\/\/laveo.sau.ee\/en\/wp-json\/wp\/v2\/edasimyyja?post=4874"}],"curies":[{"name":"wp","href":"https:\/\/api.w.org\/{rel}","templated":true}]}}