{"id":4843,"date":"2023-03-30T13:28:14","date_gmt":"2023-03-30T10:28:14","guid":{"rendered":"https:\/\/dev.infinit.ee\/prod\/bona-upright-sink-mixer-with-u-shaped-spout-4\/"},"modified":"2026-02-16T12:02:14","modified_gmt":"2026-02-16T10:02:14","slug":"bona-upright-sink-mixer-with-u-shaped-spout-4","status":"publish","type":"product","link":"https:\/\/laveo.sau.ee\/en\/product\/bona-upright-sink-mixer-with-u-shaped-spout-4\/","title":{"rendered":"Bona &#8211; U-kujulise tilaga p\u00fcstine valamusegisti"},"content":{"rendered":"<p>Terasest kuninganna k\u00f6\u00f6gi kraanin\u00f5ude seas.<br \/>\nSee oli valmistatud k\u00f5ige h\u00fcgieenilisemast materjalist \u2013 terasest 304. Toodet on lihtne puhastada, seet\u00f5ttu on see suurep\u00e4rane valik neile, kes veedavad palju aega k\u00f6\u00f6gis. Terase aseptilisi omadusi kinnitab asjaolu, et seda materjali kasutatakse meditsiini- ja hambakliinikute korraldamiseks. Sarja kuulus seitset t\u00fc\u00fcpi valamusegisteid, millele anti moekas minimalistlik vorm. Vastavalt variandile on segistid varustatud v\u00e4ljat\u00f5mmatava tilaga, mis muudab need v\u00e4ga kasulikuks igap\u00e4evastes k\u00f6\u00f6git\u00f6\u00f6des, n\u00e4iteks puu- ja k\u00f6\u00f6giviljade pesemisel, ning ka liigutatava tilaga, mis v\u00f5imaldab mikseri paigaldada akende alla, ilma et peaksite muretsema nende avamisel piirangute p\u00e4rast. Kurioosumiks on ka tilasse paigaldatud Neoperli aeraator, mis veejoa \u00f5hutades v\u00f5imaldab m\u00e4rkimisv\u00e4\u00e4rset kokkuhoidu ja olla \u00f6kos\u00e4\u00e4stlikum. Kui r\u00e4\u00e4kida disainist endast, siis saate valida populaarsete F-, U- ja L-kujuliste tilade hulgast. Lisaks v\u00f5imaldab nende segistite j\u00f5udlus vett s\u00e4\u00e4sta ja t\u00e4nu terasviimistlusele on neid igap\u00e4evaselt v\u00e4ga lihtne puhastada.<\/p>\n","protected":false},"excerpt":{"rendered":"<p>Terasest kuninganna k\u00f6\u00f6gi kraanin\u00f5ude seas. See oli valmistatud k\u00f5ige h\u00fcgieenilisemast materjalist \u2013 terasest 304. Toodet on lihtne puhastada, seet\u00f5ttu on see suurep\u00e4rane valik neile, kes veedavad palju aega k\u00f6\u00f6gis. Terase aseptilisi omadusi kinnitab asjaolu, et seda materjali kasutatakse meditsiini- ja hambakliinikute korraldamiseks. Sarja kuulus seitset t\u00fc\u00fcpi valamusegisteid, millele anti moekas minimalistlik vorm. Vastavalt variandile on [&hellip;]<\/p>\n","protected":false},"featured_media":3480,"template":"","meta":[],"product_brand":[],"product_cat":[2711],"product_tag":[],"product-combo":[],"plc":[],"edasimyyja":[],"class_list":{"0":"post-4843","1":"product","2":"type-product","3":"status-publish","4":"has-post-thumbnail","6":"product_cat-koogisegisti-kraanid","7":"pa_acoustic-group-i--20-db-et","8":"pa_code-bab-268d-et","9":"pa_connecting-hose-length-500-mm-et","10":"pa_ean-5907791108692-et","11":"pa_finish-steel-et","12":"pa_finishing-304-stainless-steel-et","13":"pa_head-diameter-35-mm-et","14":"pa_method-of-installation-upright-et","15":"pa_producer-laveo-et","16":"pa_range-of-spout-212-mm-et","17":"pa_series-bona-et","18":"pa_total-mixer-height-378-mm-et","19":"pa_type-of-cartridge-ceramic-et","20":"pa_type-of-handle-single-lever-et","21":"pa_type-of-spout-movable-et","23":"first","24":"instock","25":"purchasable","26":"product-type-simple"},"_links":{"self":[{"href":"https:\/\/laveo.sau.ee\/en\/wp-json\/wp\/v2\/product\/4843","targetHints":{"allow":["GET"]}}],"collection":[{"href":"https:\/\/laveo.sau.ee\/en\/wp-json\/wp\/v2\/product"}],"about":[{"href":"https:\/\/laveo.sau.ee\/en\/wp-json\/wp\/v2\/types\/product"}],"wp:featuredmedia":[{"embeddable":true,"href":"https:\/\/laveo.sau.ee\/en\/wp-json\/wp\/v2\/media\/3480"}],"wp:attachment":[{"href":"https:\/\/laveo.sau.ee\/en\/wp-json\/wp\/v2\/media?parent=4843"}],"wp:term":[{"taxonomy":"product_brand","embeddable":true,"href":"https:\/\/laveo.sau.ee\/en\/wp-json\/wp\/v2\/product_brand?post=4843"},{"taxonomy":"product_cat","embeddable":true,"href":"https:\/\/laveo.sau.ee\/en\/wp-json\/wp\/v2\/product_cat?post=4843"},{"taxonomy":"product_tag","embeddable":true,"href":"https:\/\/laveo.sau.ee\/en\/wp-json\/wp\/v2\/product_tag?post=4843"},{"taxonomy":"product-combo","embeddable":true,"href":"https:\/\/laveo.sau.ee\/en\/wp-json\/wp\/v2\/product-combo?post=4843"},{"taxonomy":"plc","embeddable":true,"href":"https:\/\/laveo.sau.ee\/en\/wp-json\/wp\/v2\/plc?post=4843"},{"taxonomy":"edasimyyja","embeddable":true,"href":"https:\/\/laveo.sau.ee\/en\/wp-json\/wp\/v2\/edasimyyja?post=4843"}],"curies":[{"name":"wp","href":"https:\/\/api.w.org\/{rel}","templated":true}]}}