{"id":4831,"date":"2023-03-30T13:28:14","date_gmt":"2023-03-30T10:28:14","guid":{"rendered":"https:\/\/dev.infinit.ee\/prod\/beni-flush-plate-8\/"},"modified":"2026-02-16T12:02:12","modified_gmt":"2026-02-16T10:02:12","slug":"beni-flush-plate-8","status":"publish","type":"product","link":"https:\/\/laveo.sau.ee\/en\/product\/beni-flush-plate-8\/","title":{"rendered":"Beni &#8211; loputusplaat"},"content":{"rendered":"<p>Varjatud raamidele m\u00f5eldud Beni loputusplaadid on valmistatud kvaliteetsest ABS-ist. Kahekordne loputusplaat on m\u00f5eldud paigaldamiseks Laveo Akani raamidega. Mudel on saadaval ristk\u00fclikukujulise kujuga suurusega 22,6&#215;16,5 cm ja nelja kaasaegse viimistlusega: kroom, matt must, must kulla ja halliga. V\u00f5imalik on osta \u00fcks loputusplaat v\u00f5i komplekti osana Akan varjatud \u00f5hukese raamiga. Loputusplaatide sile ja atraktiivne pind v\u00f5imaldab seda elementi pidada vannitoa dekoratiivseks elemendiks.<\/p>\n","protected":false},"excerpt":{"rendered":"<p>Varjatud raamidele m\u00f5eldud Beni loputusplaadid on valmistatud kvaliteetsest ABS-ist. Kahekordne loputusplaat on m\u00f5eldud paigaldamiseks Laveo Akani raamidega. Mudel on saadaval ristk\u00fclikukujulise kujuga suurusega 22,6&#215;16,5 cm ja nelja kaasaegse viimistlusega: kroom, matt must, must kulla ja halliga. V\u00f5imalik on osta \u00fcks loputusplaat v\u00f5i komplekti osana Akan varjatud \u00f5hukese raamiga. Loputusplaatide sile ja atraktiivne pind v\u00f5imaldab seda [&hellip;]<\/p>\n","protected":false},"featured_media":3468,"template":"","meta":[],"product_brand":[],"product_cat":[2738],"product_tag":[],"product-combo":[5181],"plc":[],"edasimyyja":[5212],"class_list":{"0":"post-4831","1":"product","2":"type-product","3":"status-publish","4":"has-post-thumbnail","6":"product_cat-sanitaartehnika","7":"pa_code-vpb-795v-et","8":"pa_depth-11-mm-et","9":"pa_ean-5907791182999-et","10":"pa_finish-black-et","11":"pa_height-165-mm-et","12":"pa_material-abs-et","13":"pa_producer-laveo-et","14":"pa_series-beni-et","15":"pa_width-226-mm-et","16":"pa_years-of-warranty-2-see-warranty-terms-et","17":"product-combo-wc-plate-2","18":"edasimyyja-on24-2","20":"first","21":"instock","22":"purchasable","23":"product-type-simple"},"_links":{"self":[{"href":"https:\/\/laveo.sau.ee\/en\/wp-json\/wp\/v2\/product\/4831","targetHints":{"allow":["GET"]}}],"collection":[{"href":"https:\/\/laveo.sau.ee\/en\/wp-json\/wp\/v2\/product"}],"about":[{"href":"https:\/\/laveo.sau.ee\/en\/wp-json\/wp\/v2\/types\/product"}],"wp:featuredmedia":[{"embeddable":true,"href":"https:\/\/laveo.sau.ee\/en\/wp-json\/wp\/v2\/media\/3468"}],"wp:attachment":[{"href":"https:\/\/laveo.sau.ee\/en\/wp-json\/wp\/v2\/media?parent=4831"}],"wp:term":[{"taxonomy":"product_brand","embeddable":true,"href":"https:\/\/laveo.sau.ee\/en\/wp-json\/wp\/v2\/product_brand?post=4831"},{"taxonomy":"product_cat","embeddable":true,"href":"https:\/\/laveo.sau.ee\/en\/wp-json\/wp\/v2\/product_cat?post=4831"},{"taxonomy":"product_tag","embeddable":true,"href":"https:\/\/laveo.sau.ee\/en\/wp-json\/wp\/v2\/product_tag?post=4831"},{"taxonomy":"product-combo","embeddable":true,"href":"https:\/\/laveo.sau.ee\/en\/wp-json\/wp\/v2\/product-combo?post=4831"},{"taxonomy":"plc","embeddable":true,"href":"https:\/\/laveo.sau.ee\/en\/wp-json\/wp\/v2\/plc?post=4831"},{"taxonomy":"edasimyyja","embeddable":true,"href":"https:\/\/laveo.sau.ee\/en\/wp-json\/wp\/v2\/edasimyyja?post=4831"}],"curies":[{"name":"wp","href":"https:\/\/api.w.org\/{rel}","templated":true}]}}