{"id":4821,"date":"2023-03-30T13:28:34","date_gmt":"2023-03-30T10:28:34","guid":{"rendered":"https:\/\/dev.infinit.ee\/prod\/caris-sliding-shower-set-2\/"},"modified":"2026-04-16T10:50:20","modified_gmt":"2026-04-16T07:50:20","slug":"caris-sliding-shower-set-2","status":"publish","type":"product","link":"https:\/\/laveo.sau.ee\/en\/product\/caris-sliding-shower-set-2\/","title":{"rendered":"Caris &#8211; l\u00fckanddu\u0161ikomplekt"},"content":{"rendered":"<p>Caris t\u00f5usur\u00f6\u00f6pa du\u0161ikomplekt on Laveo kaubam\u00e4rgiga toode. Komplekt sisaldab 700 mm pikkust reguleeritava paigaldusavaga siini, praktilist seebialust, kuhu mahub lemmikkosmeetika- v\u00f5i pesulapp, 150 cm pikkust du\u0161ivoolikut ja kolme veejoaga k\u00e4sidu\u0161\u0161i, nii et vihm, massaa\u017e ja segatud. Komplekt on varustatud lihtsa katlakivi eemaldamise s\u00fcsteemiga, t\u00e4nu millele saate ilma suuremate probleemideta eemaldada veest<br \/>\n sadestunud katlakivi.T\u00f5usutoruga du\u0161ikomplekt sobib ideaalselt igasse vannituppa. Selle kroomitud viimistlus sobib probleemideta nii klassikalisele kui ka keerukale supluskohale, samas kui \u00fcmarad viimistlused annavad ruumile huvitavaid kujundeid.<\/p>\n","protected":false},"excerpt":{"rendered":"<p>Caris t\u00f5usur\u00f6\u00f6pa du\u0161ikomplekt on Laveo kaubam\u00e4rgiga toode. Komplekt sisaldab 700 mm pikkust reguleeritava paigaldusavaga siini, praktilist seebialust, kuhu mahub lemmikkosmeetika- v\u00f5i pesulapp, 150 cm pikkust du\u0161ivoolikut ja kolme veejoaga k\u00e4sidu\u0161\u0161i, nii et vihm, massaa\u017e ja segatud. Komplekt on varustatud lihtsa katlakivi eemaldamise s\u00fcsteemiga, t\u00e4nu millele saate ilma suuremate probleemideta eemaldada veest sadestunud katlakivi.T\u00f5usutoruga du\u0161ikomplekt sobib [&hellip;]<\/p>\n","protected":false},"featured_media":3494,"template":"","meta":[],"product_brand":[],"product_cat":[2712,2742],"product_tag":[],"product-combo":[],"plc":[],"edasimyyja":[],"class_list":{"0":"post-4821","1":"product","2":"type-product","3":"status-publish","4":"has-post-thumbnail","6":"product_cat-dusid","7":"product_cat-dusikomplektid","8":"pa_additional-functions-with-anti-limescale-system-adjustable-fixing-span-et","9":"pa_adjustable-fitting-span-yes-et","10":"pa_anti-calc-system-yes-et","11":"pa_bar-length-700-mm-et","12":"pa_code-nlc-01a1-et","13":"pa_ean-5907791121639-et","14":"pa_finish-chrome-et","15":"pa_hand-shower-jet-size-233x97-mm-et","16":"pa_length-of-hose-1500-mm-et","17":"pa_method-of-installation-wall-mounted-et","18":"pa_number-of-hand-shower-streams-3-et","19":"pa_producer-laveo-et","20":"pa_series-caris-et","21":"pa_shower-hose-material-steel-braided-rubber-et","22":"pa_soap-dish-yes-et","23":"pa_stream-types-rain-massage-mixed-et","25":"first","26":"instock","27":"purchasable","28":"product-type-simple"},"_links":{"self":[{"href":"https:\/\/laveo.sau.ee\/en\/wp-json\/wp\/v2\/product\/4821","targetHints":{"allow":["GET"]}}],"collection":[{"href":"https:\/\/laveo.sau.ee\/en\/wp-json\/wp\/v2\/product"}],"about":[{"href":"https:\/\/laveo.sau.ee\/en\/wp-json\/wp\/v2\/types\/product"}],"wp:featuredmedia":[{"embeddable":true,"href":"https:\/\/laveo.sau.ee\/en\/wp-json\/wp\/v2\/media\/3494"}],"wp:attachment":[{"href":"https:\/\/laveo.sau.ee\/en\/wp-json\/wp\/v2\/media?parent=4821"}],"wp:term":[{"taxonomy":"product_brand","embeddable":true,"href":"https:\/\/laveo.sau.ee\/en\/wp-json\/wp\/v2\/product_brand?post=4821"},{"taxonomy":"product_cat","embeddable":true,"href":"https:\/\/laveo.sau.ee\/en\/wp-json\/wp\/v2\/product_cat?post=4821"},{"taxonomy":"product_tag","embeddable":true,"href":"https:\/\/laveo.sau.ee\/en\/wp-json\/wp\/v2\/product_tag?post=4821"},{"taxonomy":"product-combo","embeddable":true,"href":"https:\/\/laveo.sau.ee\/en\/wp-json\/wp\/v2\/product-combo?post=4821"},{"taxonomy":"plc","embeddable":true,"href":"https:\/\/laveo.sau.ee\/en\/wp-json\/wp\/v2\/plc?post=4821"},{"taxonomy":"edasimyyja","embeddable":true,"href":"https:\/\/laveo.sau.ee\/en\/wp-json\/wp\/v2\/edasimyyja?post=4821"}],"curies":[{"name":"wp","href":"https:\/\/api.w.org\/{rel}","templated":true}]}}