{"id":4813,"date":"2023-03-30T13:28:34","date_gmt":"2023-03-30T10:28:34","guid":{"rendered":"https:\/\/dev.infinit.ee\/prod\/calla-upright-washbasin-mixer-2\/"},"modified":"2026-02-16T12:02:13","modified_gmt":"2026-02-16T10:02:13","slug":"calla-upright-washbasin-mixer-2","status":"publish","type":"product","link":"https:\/\/laveo.sau.ee\/en\/product\/calla-upright-washbasin-mixer-2\/","title":{"rendered":"Calla &#8211; p\u00fcstne valamusegisti"},"content":{"rendered":"<p>Laveo CALLA segistisarja iseloomustab kergelt \u00fcmar, \u00f5rn kuju. Mikseri korpused n\u00e4ivad olevat lamedad, mis muudab need \u00f5rnaks. Kogu sari tundub elegantne ja sobib kahtlemata klassikalises stiilis sisustatud vannitubadesse. Tootja tagab \u00fcleriigilise teeninduse kliendi asukohas ja kaheksa-aastase garantii.<\/p>\n","protected":false},"excerpt":{"rendered":"<p>Laveo CALLA segistisarja iseloomustab kergelt \u00fcmar, \u00f5rn kuju. Mikseri korpused n\u00e4ivad olevat lamedad, mis muudab need \u00f5rnaks. Kogu sari tundub elegantne ja sobib kahtlemata klassikalises stiilis sisustatud vannitubadesse. Tootja tagab \u00fcleriigilise teeninduse kliendi asukohas ja kaheksa-aastase garantii.<\/p>\n","protected":false},"featured_media":3490,"template":"","meta":[],"product_brand":[],"product_cat":[2726,2724],"product_tag":[],"product-combo":[],"plc":[],"edasimyyja":[5212],"class_list":{"0":"post-4813","1":"product","2":"type-product","3":"status-publish","4":"has-post-thumbnail","6":"product_cat-valamusegistid","7":"product_cat-vannitoa-segistid","8":"pa_acoustic-group-i--20-db-et","9":"pa_code-bac-022d-et","10":"pa_connecting-hose-length-400-mm-et","11":"pa_ean-5907791143396-et","12":"pa_finish-chrome-et","13":"pa_head-diameter-25-mm-et","14":"pa_method-of-installation-upright-et","15":"pa_producer-laveo-et","16":"pa_range-of-spout-111-mm-et","17":"pa_series-calla-et","18":"pa_total-mixer-height-163-mm-et","19":"pa_type-of-cartridge-ceramic-et","20":"pa_type-of-handle-single-lever-et","21":"pa_type-of-plug-click-clack-et","22":"pa_type-of-spout-fixed-et","23":"edasimyyja-on24-2","25":"first","26":"instock","27":"purchasable","28":"product-type-simple"},"_links":{"self":[{"href":"https:\/\/laveo.sau.ee\/en\/wp-json\/wp\/v2\/product\/4813","targetHints":{"allow":["GET"]}}],"collection":[{"href":"https:\/\/laveo.sau.ee\/en\/wp-json\/wp\/v2\/product"}],"about":[{"href":"https:\/\/laveo.sau.ee\/en\/wp-json\/wp\/v2\/types\/product"}],"wp:featuredmedia":[{"embeddable":true,"href":"https:\/\/laveo.sau.ee\/en\/wp-json\/wp\/v2\/media\/3490"}],"wp:attachment":[{"href":"https:\/\/laveo.sau.ee\/en\/wp-json\/wp\/v2\/media?parent=4813"}],"wp:term":[{"taxonomy":"product_brand","embeddable":true,"href":"https:\/\/laveo.sau.ee\/en\/wp-json\/wp\/v2\/product_brand?post=4813"},{"taxonomy":"product_cat","embeddable":true,"href":"https:\/\/laveo.sau.ee\/en\/wp-json\/wp\/v2\/product_cat?post=4813"},{"taxonomy":"product_tag","embeddable":true,"href":"https:\/\/laveo.sau.ee\/en\/wp-json\/wp\/v2\/product_tag?post=4813"},{"taxonomy":"product-combo","embeddable":true,"href":"https:\/\/laveo.sau.ee\/en\/wp-json\/wp\/v2\/product-combo?post=4813"},{"taxonomy":"plc","embeddable":true,"href":"https:\/\/laveo.sau.ee\/en\/wp-json\/wp\/v2\/plc?post=4813"},{"taxonomy":"edasimyyja","embeddable":true,"href":"https:\/\/laveo.sau.ee\/en\/wp-json\/wp\/v2\/edasimyyja?post=4813"}],"curies":[{"name":"wp","href":"https:\/\/api.w.org\/{rel}","templated":true}]}}