{"id":4805,"date":"2023-03-30T13:28:48","date_gmt":"2023-03-30T10:28:48","guid":{"rendered":"https:\/\/dev.infinit.ee\/prod\/cers-hand-shower-2\/"},"modified":"2026-02-16T12:02:13","modified_gmt":"2026-02-16T10:02:13","slug":"cers-hand-shower-2","status":"publish","type":"product","link":"https:\/\/laveo.sau.ee\/en\/product\/cers-hand-shower-2\/","title":{"rendered":"Cers &#8211; k\u00e4sidu\u0161\u0161"},"content":{"rendered":"<p>Laveo Cers du\u0161isammas on loodud mugavust ja funktsionaalsust silmas pidades.<br \/>\nSamba kaasaegne v\u00e4limus \u00f5rna tahke ja silindrilise kujuga muudab toote sobivaks enamikesse vannitubadesse.<br \/>\nCers on varustatud mugava l\u00fclitiga igast allikast tuleva veevoolu jaoks ja kaasaegse CaCleani s\u00fcsteemiga, mis v\u00f5imaldab katlakivi kiiret ja t\u00f5husat eemaldamist.<br \/>\nVihmadu\u0161i ja k\u00e4sidu\u0161i ajal pakutavad n\u00f5elad suruvad veest sadestunud lubja v\u00e4lja. CaCleani s\u00fcsteemiga saate vaba veevoolu k\u00f5ikidest kanalitest.<br \/>\nK\u00e4sidu\u0161\u0161il, mida saab ka eraldi osta, on saadaval viis voogu, nii et vihm, pehme, massaa\u017e, segavihm ja juba mainitud vihm koos isepuhastuvaga.<br \/>\nKomplekt sisaldab universaalset kosmeetikahoidjat vannitoatarvikute jaoks, nt pesulappi, reguleeritavat paigaldusulatust, mis v\u00f5imaldab kasutajat piisavalt reguleerida, ja v\u00e4\u00e4ndumisvastast s\u00fcsteemi, mis hoiab \u00e4ra du\u0161ivooliku sassi minemise.<\/p>\n","protected":false},"excerpt":{"rendered":"<p>Laveo Cers du\u0161isammas on loodud mugavust ja funktsionaalsust silmas pidades. Samba kaasaegne v\u00e4limus \u00f5rna tahke ja silindrilise kujuga muudab toote sobivaks enamikesse vannitubadesse. Cers on varustatud mugava l\u00fclitiga igast allikast tuleva veevoolu jaoks ja kaasaegse CaCleani s\u00fcsteemiga, mis v\u00f5imaldab katlakivi kiiret ja t\u00f5husat eemaldamist. Vihmadu\u0161i ja k\u00e4sidu\u0161i ajal pakutavad n\u00f5elad suruvad veest sadestunud lubja v\u00e4lja. [&hellip;]<\/p>\n","protected":false},"featured_media":3518,"template":"","meta":[],"product_brand":[],"product_cat":[2712,2713],"product_tag":[],"product-combo":[],"plc":[],"edasimyyja":[],"class_list":{"0":"post-4805","1":"product","2":"type-product","3":"status-publish","4":"has-post-thumbnail","6":"product_cat-dusid","7":"product_cat-kasidusid","8":"pa_anti-calc-system-yes-et","9":"pa_code-nl7-0sad-et","10":"pa_ean-5907791130495-et","11":"pa_finish-chrome-et","12":"pa_flow-class-z--12-l-min-et","13":"pa_hand-shower-jet-size-260x120-mm-et","14":"pa_number-of-hand-shower-streams-5-et","15":"pa_producer-laveo-et","16":"pa_series-cers-et","17":"pa_shape-round-et","18":"pa_stream-types-rain-massage-mixed-soft-rain-with-self-cleaning-et","19":"pa_years-of-warranty-2-see-warranty-terms-et","21":"first","22":"outofstock","23":"purchasable","24":"product-type-simple"},"_links":{"self":[{"href":"https:\/\/laveo.sau.ee\/en\/wp-json\/wp\/v2\/product\/4805","targetHints":{"allow":["GET"]}}],"collection":[{"href":"https:\/\/laveo.sau.ee\/en\/wp-json\/wp\/v2\/product"}],"about":[{"href":"https:\/\/laveo.sau.ee\/en\/wp-json\/wp\/v2\/types\/product"}],"wp:featuredmedia":[{"embeddable":true,"href":"https:\/\/laveo.sau.ee\/en\/wp-json\/wp\/v2\/media\/3518"}],"wp:attachment":[{"href":"https:\/\/laveo.sau.ee\/en\/wp-json\/wp\/v2\/media?parent=4805"}],"wp:term":[{"taxonomy":"product_brand","embeddable":true,"href":"https:\/\/laveo.sau.ee\/en\/wp-json\/wp\/v2\/product_brand?post=4805"},{"taxonomy":"product_cat","embeddable":true,"href":"https:\/\/laveo.sau.ee\/en\/wp-json\/wp\/v2\/product_cat?post=4805"},{"taxonomy":"product_tag","embeddable":true,"href":"https:\/\/laveo.sau.ee\/en\/wp-json\/wp\/v2\/product_tag?post=4805"},{"taxonomy":"product-combo","embeddable":true,"href":"https:\/\/laveo.sau.ee\/en\/wp-json\/wp\/v2\/product-combo?post=4805"},{"taxonomy":"plc","embeddable":true,"href":"https:\/\/laveo.sau.ee\/en\/wp-json\/wp\/v2\/plc?post=4805"},{"taxonomy":"edasimyyja","embeddable":true,"href":"https:\/\/laveo.sau.ee\/en\/wp-json\/wp\/v2\/edasimyyja?post=4805"}],"curies":[{"name":"wp","href":"https:\/\/api.w.org\/{rel}","templated":true}]}}