{"id":4792,"date":"2023-03-30T13:28:48","date_gmt":"2023-03-30T10:28:48","guid":{"rendered":"https:\/\/dev.infinit.ee\/prod\/celia-1-bowl-with-a-half-drainer-mixer-tap-u-5\/"},"modified":"2025-11-04T12:02:05","modified_gmt":"2025-11-04T10:02:05","slug":"celia-1-bowl-with-a-half-drainer-mixer-tap-u-5","status":"publish","type":"product","link":"https:\/\/laveo.sau.ee\/en\/product\/celia-1-bowl-with-a-half-drainer-mixer-tap-u-5\/","title":{"rendered":"Celia \u2013 1 kauss poolkuivatusega + segistikraan U"},"content":{"rendered":"<p>Celia sari on kaasaegne disain, mis on vastus kasutajate vajadustele, kes soovivad vannituba, mis oleks \u00fchtaegu ilus ja mugav kasutada. Sarja kuulub kaks mudelit: 1-kausiline kraanikauss koos \u00e4ravoolutoruga suurusega 44&#215;76 cm ja 1-kaussiline valamu koos pool\u00e4ravooluga suurusega 44&#215;65 cm. Iga\u00fcks neist on saadaval kolmes v\u00e4rvivariandis: bee\u017e, hall ja must.<br \/>\nOstes valamu Laveo poolt, ei pea te furnituuri p\u00e4rast muretsema, kuna iga m\u00fc\u00fcdav t\u00fckk on varustatud automaatse pistikuga, ruumis\u00e4\u00e4stliku sifooniga paigaldamiseks koos n\u00f5udepesumasina \u00fchendamise v\u00f5imalusega.<br \/>\nValamu on vastupidav l\u00f6\u00f6kidele, k\u00f5rgele temperatuurile, v\u00e4rvimuutustele ja termilisele \u0161okile, seega j\u00e4rsule temperatuurimuutusele ning k\u00f5ik need omadused saadakse t\u00e4nu t\u00e4pselt valitud koostisele ja kvaliteetsele toorainele nagu graniit.<br \/>\nValamud on valmistatud Poolas, neile kehtib 10-aastane garantii ja neil on Riikliku Rahvatervise Instituudi sertifikaat.<\/p>\n","protected":false},"excerpt":{"rendered":"<p>Celia sari on kaasaegne disain, mis on vastus kasutajate vajadustele, kes soovivad vannituba, mis oleks \u00fchtaegu ilus ja mugav kasutada. Sarja kuulub kaks mudelit: 1-kausiline kraanikauss koos \u00e4ravoolutoruga suurusega 44&#215;76 cm ja 1-kaussiline valamu koos pool\u00e4ravooluga suurusega 44&#215;65 cm. Iga\u00fcks neist on saadaval kolmes v\u00e4rvivariandis: bee\u017e, hall ja must. Ostes valamu Laveo poolt, ei pea [&hellip;]<\/p>\n","protected":false},"featured_media":3505,"template":"","meta":[],"product_brand":[],"product_cat":[2733,2730,2734],"product_tag":[],"product-combo":[5133],"plc":[],"edasimyyja":[],"class_list":{"0":"post-4792","1":"product","2":"type-product","3":"status-publish","4":"has-post-thumbnail","6":"product_cat-1-valamuga","7":"product_cat-graniitvalamud","8":"product_cat-segistid","9":"product_shipping_class-home-delivery-et","10":"pa_automatic-drain-shut-off-yes-et","11":"pa_code-sjcg413t-et","12":"pa_connection-to-a-dishwasher-yes-et","13":"pa_depth-of-bowl-170-mm-et","14":"pa_drain-35-et","15":"pa_ean-5907791132840-et","16":"pa_finish-beige-et","17":"pa_for-cabinet-500-mm-et","18":"pa_length-650-mm-et","19":"pa_model-rectangular-1-bowl-does-the-set-include-mixer-et","20":"pa_producer-laveo-et","21":"pa_resistant-to-thermal-shock-yes-et","22":"pa_reversible-yes-et","23":"pa_series-celia-et","24":"pa_width-440-mm-et","25":"product-combo-celia-1-half-mix-2","27":"first","28":"outofstock","29":"purchasable","30":"product-type-simple"},"_links":{"self":[{"href":"https:\/\/laveo.sau.ee\/en\/wp-json\/wp\/v2\/product\/4792","targetHints":{"allow":["GET"]}}],"collection":[{"href":"https:\/\/laveo.sau.ee\/en\/wp-json\/wp\/v2\/product"}],"about":[{"href":"https:\/\/laveo.sau.ee\/en\/wp-json\/wp\/v2\/types\/product"}],"wp:featuredmedia":[{"embeddable":true,"href":"https:\/\/laveo.sau.ee\/en\/wp-json\/wp\/v2\/media\/3505"}],"wp:attachment":[{"href":"https:\/\/laveo.sau.ee\/en\/wp-json\/wp\/v2\/media?parent=4792"}],"wp:term":[{"taxonomy":"product_brand","embeddable":true,"href":"https:\/\/laveo.sau.ee\/en\/wp-json\/wp\/v2\/product_brand?post=4792"},{"taxonomy":"product_cat","embeddable":true,"href":"https:\/\/laveo.sau.ee\/en\/wp-json\/wp\/v2\/product_cat?post=4792"},{"taxonomy":"product_tag","embeddable":true,"href":"https:\/\/laveo.sau.ee\/en\/wp-json\/wp\/v2\/product_tag?post=4792"},{"taxonomy":"product-combo","embeddable":true,"href":"https:\/\/laveo.sau.ee\/en\/wp-json\/wp\/v2\/product-combo?post=4792"},{"taxonomy":"plc","embeddable":true,"href":"https:\/\/laveo.sau.ee\/en\/wp-json\/wp\/v2\/plc?post=4792"},{"taxonomy":"edasimyyja","embeddable":true,"href":"https:\/\/laveo.sau.ee\/en\/wp-json\/wp\/v2\/edasimyyja?post=4792"}],"curies":[{"name":"wp","href":"https:\/\/api.w.org\/{rel}","templated":true}]}}