{"id":4786,"date":"2023-03-30T13:29:07","date_gmt":"2023-03-30T10:29:07","guid":{"rendered":"https:\/\/dev.infinit.ee\/prod\/dafne-granite-sink-1-bowl-7\/"},"modified":"2026-03-30T12:02:02","modified_gmt":"2026-03-30T09:02:02","slug":"dafne-granite-sink-1-bowl-7","status":"publish","type":"product","link":"https:\/\/laveo.sau.ee\/en\/product\/dafne-granite-sink-1-bowl-7\/","title":{"rendered":"Dafne &#8211; graniidist valamu &#8211; 1 kauss"},"content":{"rendered":"<p>Dafne on Laveo valamute kollektsioon, millel on suur hulk mudeleid, mis k\u00f5ik on valmistatud Poolas.<br \/>\nSeeria pakub j\u00e4rgmisi mudeleid: ilma \u00e4ravooluta segisti auguga ja ilma auguta, \u00e4ravooluga v\u00f5i pool\u00e4ravooluga ja kahe kausiga ilma \u00e4ravooluta.<br \/>\nK\u00f5igil neil on \u00fchendus n\u00f5udepesumasinaga ja 3,5-tollise kurnaga kl\u00f5psuga pistik, mis kaitseb s\u00fcsteemi ummistumise eest k\u00f6\u00f6gin\u00f5ude v\u00f5imalike toiduosakestega.<br \/>\nRuumis\u00e4\u00e4stlik sifoon, nagu nimigi \u00fctleb, v\u00f5imaldab s\u00e4\u00e4sta ruumi valamu all olevas kapis pr\u00fcgikastide v\u00f5i puhastusvahendite korraldaja jaoks.<br \/>\nDafne on valik klassikalises stiilis interj\u00f6\u00f6ri sisustamise austajatele. Valamu \u00f5rnalt \u00fcmarad servad, naturaalsed maav\u00e4rvid: valge, must, bee\u017e, hall ja soojalt puudutatav graniit muudavad valamu interj\u00f6\u00f6ri visuaalselt &#8220;soojendavaks&#8221;.  <\/p>\n<p>Graniidist valmistatud toode on vastupidav termilisele \u0161okile, k\u00f5rgetele temperatuuridele, l\u00f6\u00f6kidele ja m\u00e4\u00e4rdumisele. Tootja katab tootele 10-aastase garantii ja hoolduse kliendi juures.<\/p>\n","protected":false},"excerpt":{"rendered":"<p>Dafne on Laveo valamute kollektsioon, millel on suur hulk mudeleid, mis k\u00f5ik on valmistatud Poolas. Seeria pakub j\u00e4rgmisi mudeleid: ilma \u00e4ravooluta segisti auguga ja ilma auguta, \u00e4ravooluga v\u00f5i pool\u00e4ravooluga ja kahe kausiga ilma \u00e4ravooluta. K\u00f5igil neil on \u00fchendus n\u00f5udepesumasinaga ja 3,5-tollise kurnaga kl\u00f5psuga pistik, mis kaitseb s\u00fcsteemi ummistumise eest k\u00f6\u00f6gin\u00f5ude v\u00f5imalike toiduosakestega. Ruumis\u00e4\u00e4stlik sifoon, nagu [&hellip;]<\/p>\n","protected":false},"featured_media":3534,"template":"","meta":[],"product_brand":[],"product_cat":[2733,2730],"product_tag":[],"product-combo":[5117],"plc":[],"edasimyyja":[5212],"class_list":{"0":"post-4786","1":"product","2":"type-product","3":"status-publish","4":"has-post-thumbnail","6":"product_cat-1-valamuga","7":"product_cat-graniitvalamud","8":"product_shipping_class-home-delivery-et","9":"pa_automatic-drain-shut-off-no-et","10":"pa_code-sbd-780t-et","11":"pa_connection-to-a-dishwasher-yes-et","12":"pa_depth-of-bowl-190-mm-et","13":"pa_drain-35-et","14":"pa_ean-5907791165473-et","15":"pa_finish-black-et","16":"pa_for-cabinet-500-mm-et","17":"pa_length-510-mm-et","18":"pa_model-round-1-bowl-et","19":"pa_producer-laveo-et","20":"pa_resistant-to-thermal-shock-yes-et","21":"pa_reversible-no-et","22":"pa_series-dafne-et","23":"pa_width-510-mm-et","24":"product-combo-dafne-1-poligran-2","25":"edasimyyja-on24-2","27":"first","28":"outofstock","29":"purchasable","30":"product-type-simple"},"_links":{"self":[{"href":"https:\/\/laveo.sau.ee\/en\/wp-json\/wp\/v2\/product\/4786","targetHints":{"allow":["GET"]}}],"collection":[{"href":"https:\/\/laveo.sau.ee\/en\/wp-json\/wp\/v2\/product"}],"about":[{"href":"https:\/\/laveo.sau.ee\/en\/wp-json\/wp\/v2\/types\/product"}],"wp:featuredmedia":[{"embeddable":true,"href":"https:\/\/laveo.sau.ee\/en\/wp-json\/wp\/v2\/media\/3534"}],"wp:attachment":[{"href":"https:\/\/laveo.sau.ee\/en\/wp-json\/wp\/v2\/media?parent=4786"}],"wp:term":[{"taxonomy":"product_brand","embeddable":true,"href":"https:\/\/laveo.sau.ee\/en\/wp-json\/wp\/v2\/product_brand?post=4786"},{"taxonomy":"product_cat","embeddable":true,"href":"https:\/\/laveo.sau.ee\/en\/wp-json\/wp\/v2\/product_cat?post=4786"},{"taxonomy":"product_tag","embeddable":true,"href":"https:\/\/laveo.sau.ee\/en\/wp-json\/wp\/v2\/product_tag?post=4786"},{"taxonomy":"product-combo","embeddable":true,"href":"https:\/\/laveo.sau.ee\/en\/wp-json\/wp\/v2\/product-combo?post=4786"},{"taxonomy":"plc","embeddable":true,"href":"https:\/\/laveo.sau.ee\/en\/wp-json\/wp\/v2\/plc?post=4786"},{"taxonomy":"edasimyyja","embeddable":true,"href":"https:\/\/laveo.sau.ee\/en\/wp-json\/wp\/v2\/edasimyyja?post=4786"}],"curies":[{"name":"wp","href":"https:\/\/api.w.org\/{rel}","templated":true}]}}