{"id":4773,"date":"2023-03-30T13:29:07","date_gmt":"2023-03-30T10:29:07","guid":{"rendered":"https:\/\/dev.infinit.ee\/prod\/click-clack-plug-8\/"},"modified":"2026-03-31T12:02:03","modified_gmt":"2026-03-31T09:02:03","slug":"click-clack-plug-8","status":"publish","type":"product","link":"https:\/\/laveo.sau.ee\/en\/product\/click-clack-plug-8\/","title":{"rendered":"Click-Clack pistik"},"content":{"rendered":"<p>Laveo kl\u00f5psuga pistikud t\u00e4hendavad esteetilist v\u00e4limust ja funktsionaalset rakendust.<br \/>\n\u00dcmmargused automaatsed kl\u00f5psuga pistikud on praktiline lahendus, millel pole lisamehhanisme &#8211; pistikupesa avamiseks v\u00f5i sulgemiseks vajutage neid lihtsalt. Meie pakkumises on koguni kuus viimistlust, nii et kroom, valge, grafiit, must, kollane kuld ja roosa kuld \u2013 pistikud v\u00f5ivad muutuda eristavaks tunnuseks v\u00f5i v\u00f5imaldavad s\u00e4ilitada koosk\u00f5la teiste dekoratiivsete elementidega.<br \/>\nKl\u00f5psuga korgid on m\u00f5eldud m\u00f5lemale valamut\u00fc\u00fcbile, \u00fclevooluga v\u00f5i ilma. Standardiseeritud l\u00e4bim\u00f5\u00f5t v\u00f5imaldab neil sobida k\u00f5igi Euroopa turul saadaolevate valamumudelitega.<br \/>\nKvaliteetne messing, millest pistikud on valmistatud, t\u00f5estab materjali vastupidavust ning lisaks on toode vastupidav k\u00f5rgetele temperatuuridele ja korrosioonile, mis v\u00f5imaldab selle ostmist pikka aega nautida.<\/p>\n","protected":false},"excerpt":{"rendered":"<p>Laveo kl\u00f5psuga pistikud t\u00e4hendavad esteetilist v\u00e4limust ja funktsionaalset rakendust. \u00dcmmargused automaatsed kl\u00f5psuga pistikud on praktiline lahendus, millel pole lisamehhanisme &#8211; pistikupesa avamiseks v\u00f5i sulgemiseks vajutage neid lihtsalt. Meie pakkumises on koguni kuus viimistlust, nii et kroom, valge, grafiit, must, kollane kuld ja roosa kuld \u2013 pistikud v\u00f5ivad muutuda eristavaks tunnuseks v\u00f5i v\u00f5imaldavad s\u00e4ilitada koosk\u00f5la teiste [&hellip;]<\/p>\n","protected":false},"featured_media":3526,"template":"","meta":[],"product_brand":[],"product_cat":[2714,2716,2744],"product_tag":[],"product-combo":[],"plc":[],"edasimyyja":[],"class_list":{"0":"post-4773","1":"product","2":"type-product","3":"status-publish","4":"has-post-thumbnail","6":"product_cat-lisatarvikud","7":"product_cat-lisatarvikud-vannituppa","8":"product_cat-varuosad","9":"pa_code-ckk-62r3-et","10":"pa_ean-5907791180889-et","11":"pa_finish-valge","12":"pa_material-brass-et","13":"pa_producer-laveo-et","14":"pa_thread-diameter-1-et","16":"first","17":"instock","18":"purchasable","19":"product-type-simple"},"_links":{"self":[{"href":"https:\/\/laveo.sau.ee\/en\/wp-json\/wp\/v2\/product\/4773","targetHints":{"allow":["GET"]}}],"collection":[{"href":"https:\/\/laveo.sau.ee\/en\/wp-json\/wp\/v2\/product"}],"about":[{"href":"https:\/\/laveo.sau.ee\/en\/wp-json\/wp\/v2\/types\/product"}],"wp:featuredmedia":[{"embeddable":true,"href":"https:\/\/laveo.sau.ee\/en\/wp-json\/wp\/v2\/media\/3526"}],"wp:attachment":[{"href":"https:\/\/laveo.sau.ee\/en\/wp-json\/wp\/v2\/media?parent=4773"}],"wp:term":[{"taxonomy":"product_brand","embeddable":true,"href":"https:\/\/laveo.sau.ee\/en\/wp-json\/wp\/v2\/product_brand?post=4773"},{"taxonomy":"product_cat","embeddable":true,"href":"https:\/\/laveo.sau.ee\/en\/wp-json\/wp\/v2\/product_cat?post=4773"},{"taxonomy":"product_tag","embeddable":true,"href":"https:\/\/laveo.sau.ee\/en\/wp-json\/wp\/v2\/product_tag?post=4773"},{"taxonomy":"product-combo","embeddable":true,"href":"https:\/\/laveo.sau.ee\/en\/wp-json\/wp\/v2\/product-combo?post=4773"},{"taxonomy":"plc","embeddable":true,"href":"https:\/\/laveo.sau.ee\/en\/wp-json\/wp\/v2\/plc?post=4773"},{"taxonomy":"edasimyyja","embeddable":true,"href":"https:\/\/laveo.sau.ee\/en\/wp-json\/wp\/v2\/edasimyyja?post=4773"}],"curies":[{"name":"wp","href":"https:\/\/api.w.org\/{rel}","templated":true}]}}