{"id":4770,"date":"2023-03-30T13:29:07","date_gmt":"2023-03-30T10:29:07","guid":{"rendered":"https:\/\/dev.infinit.ee\/prod\/claro-upright-sink-mixer-with-water-filter-connection-3\/"},"modified":"2026-04-16T10:50:20","modified_gmt":"2026-04-16T07:50:20","slug":"claro-upright-sink-mixer-with-water-filter-connection-3","status":"publish","type":"product","link":"https:\/\/laveo.sau.ee\/en\/product\/claro-upright-sink-mixer-with-water-filter-connection-3\/","title":{"rendered":"Claro &#8211; veefiltri \u00fchendusega p\u00fcstine valamusegisti"},"content":{"rendered":"<p>Looge k\u00fctkestav, kaasaegne stiil ja m\u00e4\u00e4ratlege oma k\u00f6\u00f6gi funktsionaalsus uuesti. Joogiveefiltriga \u00fchendatud Claro k\u00f6\u00f6gisegisti saab \u00fchendada paljude letialuste puhastuss\u00fcsteemidega. See v\u00f5imaldab s\u00e4\u00e4sta raha, v\u00e4listades vajaduse kasutada pudelivett \u2013 selline lahendus lisab v\u00e4\u00e4rtust igas kodus!<br \/>\nVaatamata suhteliselt v\u00e4ikesele suurusele on kraanile paigaldatavasse veefiltrisse investeerimine selge eelis. Kui see k\u00e4ep\u00e4rane s\u00fcsteem on leti alla paigaldatud, filtreeritakse vesi p\u00e4rast avamist automaatselt. Nii tuleb see otse kraanist v\u00e4lja. Tagades, et vesi on joomiseks ohutu, kasutab sisseehitatud veeautomaat tehnoloogiat plii sisalduse, keemiliste lisandite, kloori maitse ja l\u00f5hna v\u00e4hendamiseks ning vee pehmendamiseks. Sellega kaitsete oma veekeetjat katlakivi kogunemise eest ja tagate, et tee v\u00f5i kohvi ei leidu setet. Ringlussev\u00f5etavad filtrid on v\u00e4ga kasulikud. Need pakuvad ohutut ja puhast joogivett, mida saate nautida olenemata sellest, kas filter on paigaldatud korterisse v\u00f5i majja.<br \/>\nClaro mudelis filtreeritud vesi avatakse segisti korpusega integreeritud nupu abil. Erinevalt teistest veefiltriga \u00fchendatud segistitest, milles on kahekordsed tilad, on Claro eeliseks \u00fche k\u00e4epidemega segisti, millel on \u00fcks tila.<br \/>\n\u00dcmarate kujunditega ja 20,5 cm ulatusega p\u00f6\u00f6ratav tila h\u00f5lbustab suurte pottide ja praepannide puhastamist ning v\u00f5imaldab h\u00f5lpsasti j\u00f5uda kraanikausi k\u00f5ikidesse nurkadesse. Mudel on saadaval kahes viimistluses, kroomitud ja mustas, mis kaunistavad k\u00f6\u00f6gi interj\u00f6\u00f6ri.<\/p>\n","protected":false},"excerpt":{"rendered":"<p>Looge k\u00fctkestav, kaasaegne stiil ja m\u00e4\u00e4ratlege oma k\u00f6\u00f6gi funktsionaalsus uuesti. Joogiveefiltriga \u00fchendatud Claro k\u00f6\u00f6gisegisti saab \u00fchendada paljude letialuste puhastuss\u00fcsteemidega. See v\u00f5imaldab s\u00e4\u00e4sta raha, v\u00e4listades vajaduse kasutada pudelivett \u2013 selline lahendus lisab v\u00e4\u00e4rtust igas kodus! Vaatamata suhteliselt v\u00e4ikesele suurusele on kraanile paigaldatavasse veefiltrisse investeerimine selge eelis. Kui see k\u00e4ep\u00e4rane s\u00fcsteem on leti alla paigaldatud, filtreeritakse vesi [&hellip;]<\/p>\n","protected":false},"featured_media":3523,"template":"","meta":[],"product_brand":[],"product_cat":[2711],"product_tag":[],"product-combo":[5158],"plc":[],"edasimyyja":[],"class_list":{"0":"post-4770","1":"product","2":"type-product","3":"status-publish","4":"has-post-thumbnail","6":"product_cat-koogisegisti-kraanid","7":"pa_acoustic-group-i--20-db-et","8":"pa_code-bak-098d-et","9":"pa_connecting-hose-length-500-mm-et","10":"pa_ean-5907791175441-et","11":"pa_finish-chrome-et","12":"pa_flow-class-a--15-l-min-et","13":"pa_head-diameter-35-mm-et","14":"pa_method-of-installation-upright-et","15":"pa_producer-laveo-et","16":"pa_range-of-spout-205-mm-et","17":"pa_series-claro-et","18":"pa_service-at-customers-location-yes-et","19":"pa_total-mixer-height-412-mm-et","20":"pa_type-of-cartridge-ceramic-et","21":"pa_type-of-handle-single-lever-et","22":"pa_type-of-spout-movable-for-filter-et","23":"product-combo-claro-2","25":"first","26":"instock","27":"purchasable","28":"product-type-simple"},"_links":{"self":[{"href":"https:\/\/laveo.sau.ee\/en\/wp-json\/wp\/v2\/product\/4770","targetHints":{"allow":["GET"]}}],"collection":[{"href":"https:\/\/laveo.sau.ee\/en\/wp-json\/wp\/v2\/product"}],"about":[{"href":"https:\/\/laveo.sau.ee\/en\/wp-json\/wp\/v2\/types\/product"}],"wp:featuredmedia":[{"embeddable":true,"href":"https:\/\/laveo.sau.ee\/en\/wp-json\/wp\/v2\/media\/3523"}],"wp:attachment":[{"href":"https:\/\/laveo.sau.ee\/en\/wp-json\/wp\/v2\/media?parent=4770"}],"wp:term":[{"taxonomy":"product_brand","embeddable":true,"href":"https:\/\/laveo.sau.ee\/en\/wp-json\/wp\/v2\/product_brand?post=4770"},{"taxonomy":"product_cat","embeddable":true,"href":"https:\/\/laveo.sau.ee\/en\/wp-json\/wp\/v2\/product_cat?post=4770"},{"taxonomy":"product_tag","embeddable":true,"href":"https:\/\/laveo.sau.ee\/en\/wp-json\/wp\/v2\/product_tag?post=4770"},{"taxonomy":"product-combo","embeddable":true,"href":"https:\/\/laveo.sau.ee\/en\/wp-json\/wp\/v2\/product-combo?post=4770"},{"taxonomy":"plc","embeddable":true,"href":"https:\/\/laveo.sau.ee\/en\/wp-json\/wp\/v2\/plc?post=4770"},{"taxonomy":"edasimyyja","embeddable":true,"href":"https:\/\/laveo.sau.ee\/en\/wp-json\/wp\/v2\/edasimyyja?post=4770"}],"curies":[{"name":"wp","href":"https:\/\/api.w.org\/{rel}","templated":true}]}}