{"id":4769,"date":"2023-03-30T13:29:07","date_gmt":"2023-03-30T10:29:07","guid":{"rendered":"https:\/\/dev.infinit.ee\/prod\/chichi-granite-sink-1-bowl-6\/"},"modified":"2026-02-16T12:02:13","modified_gmt":"2026-02-16T10:02:13","slug":"chichi-granite-sink-1-bowl-6","status":"publish","type":"product","link":"https:\/\/laveo.sau.ee\/en\/product\/chichi-granite-sink-1-bowl-6\/","title":{"rendered":"Chichi \u2013 graniidist valamu \u2013 1 kauss"},"content":{"rendered":"<p>Laveo Chichi valamu on h\u00e4rjasilm neile, kes seisavad silmitsi v\u00e4ljakutsega sisustada v\u00e4ga v\u00e4ike ja m\u00f5nikord isegi mikroskoopiline k\u00f6\u00f6k, mis on korterites \u00fcsna tavaline.<br \/>\nMaria Kubiaki kujundatud valamu on p\u00fchendatud poissmeeste korteritele, vallaliste k\u00f6\u00f6kidele, kes valivad v\u00e4ljas s\u00f6\u00f6mise v\u00f5i kastitoitlustamise. Chichi osutub kasulikuks ka oma v\u00e4iksuse t\u00f5ttu (mahub 40cm k\u00f6\u00f6gikappi!) \u00fc\u00fcrikorterites. Chichi saab kasutada ka v\u00e4ikestes k\u00f6\u00f6kides, kus t\u00f6\u00f6pinna jaoks ei piisa ruumist. Oluline on see, et oma suhteliselt v\u00e4ikese suurusega kraanikauss on s\u00fcgav (kuni 19 cm), seega v\u00f5imaldab see k\u00fcpsetusplaadi v\u00f5i suure poti h\u00f5lpsat pesta. Lisaks kompaktsele suurusele on valamu varustatud ruumis\u00e4\u00e4stliku sifooniga, mis t\u00e4nu spetsiaalsele k\u00fclgs\u00fcsteemile v\u00f5imaldab kraanikausi all olevat ruumi t\u00f5husalt kasutada pr\u00fcgikasti ja nt puhastusvahendite hoidmiseks. Toode on saadaval kolmes populaarses v\u00e4rvitoonis: bee\u017e, hall ja must. Laveo kaubam\u00e4rk katab valamud pika 10-aastase garantii ja hooldusega kliendi juures. Toode on vastupidav termilisele \u0161okile, k\u00f5rgetele temperatuuridele, m\u00e4\u00e4rdumisele ja l\u00f6\u00f6kidele. See on varustatud ka kl\u00f5psuga pistiku ja 3,5-tollise kurnaga, mis kaitseb pistikupesa s\u00fcsteemi ummistumise eest k\u00f6\u00f6gin\u00f5ude toiduosakestega.<\/p>\n","protected":false},"excerpt":{"rendered":"<p>Laveo Chichi valamu on h\u00e4rjasilm neile, kes seisavad silmitsi v\u00e4ljakutsega sisustada v\u00e4ga v\u00e4ike ja m\u00f5nikord isegi mikroskoopiline k\u00f6\u00f6k, mis on korterites \u00fcsna tavaline. Maria Kubiaki kujundatud valamu on p\u00fchendatud poissmeeste korteritele, vallaliste k\u00f6\u00f6kidele, kes valivad v\u00e4ljas s\u00f6\u00f6mise v\u00f5i kastitoitlustamise. Chichi osutub kasulikuks ka oma v\u00e4iksuse t\u00f5ttu (mahub 40cm k\u00f6\u00f6gikappi!) \u00fc\u00fcrikorterites. Chichi saab kasutada ka v\u00e4ikestes [&hellip;]<\/p>\n","protected":false},"featured_media":3522,"template":"","meta":[],"product_brand":[],"product_cat":[2733,2730],"product_tag":[],"product-combo":[5118],"plc":[],"edasimyyja":[],"class_list":{"0":"post-4769","1":"product","2":"type-product","3":"status-publish","4":"has-post-thumbnail","6":"product_cat-1-valamuga","7":"product_cat-graniitvalamud","8":"product_shipping_class-home-delivery-et","9":"pa_automatic-drain-shut-off-no-et","10":"pa_code-sbh-510t-et","11":"pa_connection-to-a-dishwasher-yes-et","12":"pa_depth-of-bowl-190-mm-et","13":"pa_drain-35-et","14":"pa_ean-5907791158819-et","15":"pa_finish-grey-et","16":"pa_for-cabinet-400-mm-et","17":"pa_length-390-mm-et","18":"pa_model-rectangular-1-bowl-et","19":"pa_producer-laveo-et","20":"pa_resistant-to-thermal-shock-yes-et","21":"pa_reversible-no-et","22":"pa_series-chichi-et","23":"pa_width-480-mm-et","24":"product-combo-chichi-2","26":"first","27":"instock","28":"purchasable","29":"product-type-simple"},"_links":{"self":[{"href":"https:\/\/laveo.sau.ee\/en\/wp-json\/wp\/v2\/product\/4769","targetHints":{"allow":["GET"]}}],"collection":[{"href":"https:\/\/laveo.sau.ee\/en\/wp-json\/wp\/v2\/product"}],"about":[{"href":"https:\/\/laveo.sau.ee\/en\/wp-json\/wp\/v2\/types\/product"}],"wp:featuredmedia":[{"embeddable":true,"href":"https:\/\/laveo.sau.ee\/en\/wp-json\/wp\/v2\/media\/3522"}],"wp:attachment":[{"href":"https:\/\/laveo.sau.ee\/en\/wp-json\/wp\/v2\/media?parent=4769"}],"wp:term":[{"taxonomy":"product_brand","embeddable":true,"href":"https:\/\/laveo.sau.ee\/en\/wp-json\/wp\/v2\/product_brand?post=4769"},{"taxonomy":"product_cat","embeddable":true,"href":"https:\/\/laveo.sau.ee\/en\/wp-json\/wp\/v2\/product_cat?post=4769"},{"taxonomy":"product_tag","embeddable":true,"href":"https:\/\/laveo.sau.ee\/en\/wp-json\/wp\/v2\/product_tag?post=4769"},{"taxonomy":"product-combo","embeddable":true,"href":"https:\/\/laveo.sau.ee\/en\/wp-json\/wp\/v2\/product-combo?post=4769"},{"taxonomy":"plc","embeddable":true,"href":"https:\/\/laveo.sau.ee\/en\/wp-json\/wp\/v2\/plc?post=4769"},{"taxonomy":"edasimyyja","embeddable":true,"href":"https:\/\/laveo.sau.ee\/en\/wp-json\/wp\/v2\/edasimyyja?post=4769"}],"curies":[{"name":"wp","href":"https:\/\/api.w.org\/{rel}","templated":true}]}}