{"id":4766,"date":"2023-03-30T13:29:24","date_gmt":"2023-03-30T10:29:24","guid":{"rendered":"https:\/\/dev.infinit.ee\/prod\/daru-upright-sink-mixer-with-a-pull-out-spout-9\/"},"modified":"2026-04-16T10:50:19","modified_gmt":"2026-04-16T07:50:19","slug":"daru-upright-sink-mixer-with-a-pull-out-spout-9","status":"publish","type":"product","link":"https:\/\/laveo.sau.ee\/en\/product\/daru-upright-sink-mixer-with-a-pull-out-spout-9\/","title":{"rendered":"Daru &#8211; v\u00e4ljat\u00f5mmatava tilaga p\u00fcstine valamusegisti"},"content":{"rendered":"<p>Daru seeria on k\u00f6\u00f6gisegistid, millel on v\u00e4ljat\u00f5mmatav U-kujuline tila, millel on \u00fcmarate ja ergonoomiliste jooned. Daru segistid on saadaval viies viimistluses: kroomitud, valge, bee\u017e, hall ja must. V\u00e4ljat\u00f5mmatav tila on varustatud l\u00fclitiga, mis v\u00f5imaldab voogusid vahetada. Segistil on Eco funktsioon ja selle veevool on v\u00e4ga v\u00e4ike, ulatudes 6,36 liitrini minutis, mis tagab 50% kokkuhoiu selle tarbimiselt. Ja v\u00e4ljat\u00f5mmatava tila abil on segistil v\u00e4ga suur ulatus. See lahendus h\u00f5lbustab suurte pottide, vaaside t\u00e4itmist, ilma et peaksite neid m\u00e4rja valamukausi p\u00f5hja asetama. V\u00e4ljat\u00f5mmatav tila osutub v\u00e4ga kasulikuks puu- ja k\u00f6\u00f6giviljade loputamisel kurnis v\u00f5i isegi pasta k\u00f5venemisel p\u00e4rast keetmist, r\u00e4\u00e4kimata kraanikausi lihtsamast pesemisest.<br \/>\nMikserile kehtib keraamilise kasseti 8-aastane garantii. Sellised elemendid v\u00f5imaldavad kraanin\u00f5usid pikka aastat ja h\u00f5lpsalt kasutada.<\/p>\n","protected":false},"excerpt":{"rendered":"<p>Daru seeria on k\u00f6\u00f6gisegistid, millel on v\u00e4ljat\u00f5mmatav U-kujuline tila, millel on \u00fcmarate ja ergonoomiliste jooned. Daru segistid on saadaval viies viimistluses: kroomitud, valge, bee\u017e, hall ja must. V\u00e4ljat\u00f5mmatav tila on varustatud l\u00fclitiga, mis v\u00f5imaldab voogusid vahetada. Segistil on Eco funktsioon ja selle veevool on v\u00e4ga v\u00e4ike, ulatudes 6,36 liitrini minutis, mis tagab 50% kokkuhoiu selle [&hellip;]<\/p>\n","protected":false},"featured_media":3554,"template":"","meta":[],"product_brand":[],"product_cat":[2711],"product_tag":[],"product-combo":[5144],"plc":[],"edasimyyja":[],"class_list":{"0":"post-4766","1":"product","2":"type-product","3":"status-publish","4":"has-post-thumbnail","6":"product_cat-koogisegisti-kraanid","7":"pa_acoustic-group-i--20-db-et","8":"pa_code-bld-069d-et","9":"pa_connecting-hose-length-400-mm-et","10":"pa_ean-5907791126344-et","11":"pa_finish-chrome-et","12":"pa_flow-class-z--9-l-min-et","13":"pa_head-diameter-35-mm-et","14":"pa_method-of-installation-upright-et","15":"pa_producer-laveo-et","16":"pa_range-of-spout-230-mm-et","17":"pa_series-daru-et","18":"pa_total-mixer-height-410-mm-et","19":"pa_type-of-cartridge-ceramic-et","20":"pa_type-of-handle-single-lever-et","21":"pa_type-of-spout-movable-pull-out-et","22":"product-combo-sink-daru-2","24":"first","25":"instock","26":"purchasable","27":"product-type-simple"},"_links":{"self":[{"href":"https:\/\/laveo.sau.ee\/en\/wp-json\/wp\/v2\/product\/4766","targetHints":{"allow":["GET"]}}],"collection":[{"href":"https:\/\/laveo.sau.ee\/en\/wp-json\/wp\/v2\/product"}],"about":[{"href":"https:\/\/laveo.sau.ee\/en\/wp-json\/wp\/v2\/types\/product"}],"wp:featuredmedia":[{"embeddable":true,"href":"https:\/\/laveo.sau.ee\/en\/wp-json\/wp\/v2\/media\/3554"}],"wp:attachment":[{"href":"https:\/\/laveo.sau.ee\/en\/wp-json\/wp\/v2\/media?parent=4766"}],"wp:term":[{"taxonomy":"product_brand","embeddable":true,"href":"https:\/\/laveo.sau.ee\/en\/wp-json\/wp\/v2\/product_brand?post=4766"},{"taxonomy":"product_cat","embeddable":true,"href":"https:\/\/laveo.sau.ee\/en\/wp-json\/wp\/v2\/product_cat?post=4766"},{"taxonomy":"product_tag","embeddable":true,"href":"https:\/\/laveo.sau.ee\/en\/wp-json\/wp\/v2\/product_tag?post=4766"},{"taxonomy":"product-combo","embeddable":true,"href":"https:\/\/laveo.sau.ee\/en\/wp-json\/wp\/v2\/product-combo?post=4766"},{"taxonomy":"plc","embeddable":true,"href":"https:\/\/laveo.sau.ee\/en\/wp-json\/wp\/v2\/plc?post=4766"},{"taxonomy":"edasimyyja","embeddable":true,"href":"https:\/\/laveo.sau.ee\/en\/wp-json\/wp\/v2\/edasimyyja?post=4766"}],"curies":[{"name":"wp","href":"https:\/\/api.w.org\/{rel}","templated":true}]}}