{"id":4760,"date":"2023-03-30T13:29:24","date_gmt":"2023-03-30T10:29:24","guid":{"rendered":"https:\/\/dev.infinit.ee\/prod\/daga-upright-sink-mixer-with-a-pull-out-spout-4\/"},"modified":"2026-04-16T10:50:20","modified_gmt":"2026-04-16T07:50:20","slug":"daga-upright-sink-mixer-with-a-pull-out-spout-4","status":"publish","type":"product","link":"https:\/\/laveo.sau.ee\/en\/product\/daga-upright-sink-mixer-with-a-pull-out-spout-4\/","title":{"rendered":"Daga &#8211; v\u00e4ljat\u00f5mmatava tilaga p\u00fcstine valamusegisti"},"content":{"rendered":"<p>Daga sari on erakordsed k\u00f6\u00f6gisegistid, mis \u00fchendavad endas v\u00e4rvi- ja kroomielemente, intrigeerivat musta ja klassikalist bee\u017ei. Selline segisti viimistlus muudab toote sobivaks nii musta kui ka bee\u017ei graniidist valamuga. Segistil on v\u00e4ljat\u00f5mmatav tila, mis tagab t\u00e4ieliku vabaduse n\u00f5ude pesemisel v\u00f5i suurte k\u00f6\u00f6gin\u00f5ude veega t\u00e4itmisel, vooluregulaator \u00f5hutab vett h\u00e4sti ja v\u00e4ljat\u00f5mmatav du\u0161ivars saab hakkama k\u00f5igiga, isegi k\u00f5ige raskemate \u00fclesannetega. Tila on varustatud l\u00fclitiga, mis v\u00f5imaldab voogude vahel muutuvat \u00fcmberl\u00fclitamist.<br \/>\nMikser on varustatud 40 mm l\u00e4bim\u00f5\u00f5duga keraamilise kassetiga ja sellele kehtib 8-aastane garantii.<\/p>\n","protected":false},"excerpt":{"rendered":"<p>Daga sari on erakordsed k\u00f6\u00f6gisegistid, mis \u00fchendavad endas v\u00e4rvi- ja kroomielemente, intrigeerivat musta ja klassikalist bee\u017ei. Selline segisti viimistlus muudab toote sobivaks nii musta kui ka bee\u017ei graniidist valamuga. Segistil on v\u00e4ljat\u00f5mmatav tila, mis tagab t\u00e4ieliku vabaduse n\u00f5ude pesemisel v\u00f5i suurte k\u00f6\u00f6gin\u00f5ude veega t\u00e4itmisel, vooluregulaator \u00f5hutab vett h\u00e4sti ja v\u00e4ljat\u00f5mmatav du\u0161ivars saab hakkama k\u00f5igiga, isegi [&hellip;]<\/p>\n","protected":false},"featured_media":3548,"template":"","meta":[],"product_brand":[],"product_cat":[2711],"product_tag":[],"product-combo":[5157],"plc":[],"edasimyyja":[],"class_list":{"0":"post-4760","1":"product","2":"type-product","3":"status-publish","4":"has-post-thumbnail","6":"product_cat-koogisegisti-kraanid","7":"pa_acoustic-group-i--20-db-et","8":"pa_code-blg-469d-et","9":"pa_connecting-hose-length-400-mm-et","10":"pa_ean-5906775348093-et","11":"pa_finish-beige-granite-et","12":"pa_flow-class-z--9-l-min-et","13":"pa_head-diameter-40-mm-et","14":"pa_low-water-consumption-yes-et","15":"pa_method-of-installation-upright-et","16":"pa_producer-laveo-et","17":"pa_range-of-spout-204-mm-et","18":"pa_series-daga-et","19":"pa_total-mixer-height-164-mm-et","20":"pa_type-of-cartridge-ceramic-et","21":"pa_type-of-handle-single-lever-et","22":"pa_type-of-spout-movable-pull-out-et","23":"product-combo-daga-2","25":"first","26":"instock","27":"purchasable","28":"product-type-simple"},"_links":{"self":[{"href":"https:\/\/laveo.sau.ee\/en\/wp-json\/wp\/v2\/product\/4760","targetHints":{"allow":["GET"]}}],"collection":[{"href":"https:\/\/laveo.sau.ee\/en\/wp-json\/wp\/v2\/product"}],"about":[{"href":"https:\/\/laveo.sau.ee\/en\/wp-json\/wp\/v2\/types\/product"}],"wp:featuredmedia":[{"embeddable":true,"href":"https:\/\/laveo.sau.ee\/en\/wp-json\/wp\/v2\/media\/3548"}],"wp:attachment":[{"href":"https:\/\/laveo.sau.ee\/en\/wp-json\/wp\/v2\/media?parent=4760"}],"wp:term":[{"taxonomy":"product_brand","embeddable":true,"href":"https:\/\/laveo.sau.ee\/en\/wp-json\/wp\/v2\/product_brand?post=4760"},{"taxonomy":"product_cat","embeddable":true,"href":"https:\/\/laveo.sau.ee\/en\/wp-json\/wp\/v2\/product_cat?post=4760"},{"taxonomy":"product_tag","embeddable":true,"href":"https:\/\/laveo.sau.ee\/en\/wp-json\/wp\/v2\/product_tag?post=4760"},{"taxonomy":"product-combo","embeddable":true,"href":"https:\/\/laveo.sau.ee\/en\/wp-json\/wp\/v2\/product-combo?post=4760"},{"taxonomy":"plc","embeddable":true,"href":"https:\/\/laveo.sau.ee\/en\/wp-json\/wp\/v2\/plc?post=4760"},{"taxonomy":"edasimyyja","embeddable":true,"href":"https:\/\/laveo.sau.ee\/en\/wp-json\/wp\/v2\/edasimyyja?post=4760"}],"curies":[{"name":"wp","href":"https:\/\/api.w.org\/{rel}","templated":true}]}}