{"id":4746,"date":"2023-03-30T13:29:36","date_gmt":"2023-03-30T10:29:36","guid":{"rendered":"https:\/\/dev.infinit.ee\/prod\/desna-ceramic-countertop-washbasin-10\/"},"modified":"2026-02-16T12:02:11","modified_gmt":"2026-02-16T10:02:11","slug":"desna-ceramic-countertop-washbasin-10","status":"publish","type":"product","link":"https:\/\/laveo.sau.ee\/en\/product\/desna-ceramic-countertop-washbasin-10\/","title":{"rendered":"Desna &#8211; keraamiline t\u00f6\u00f6pinna kraanikauss"},"content":{"rendered":"<p>Keraamilised kraanikausid on valged t\u00f6\u00f6pinna mudelid, mida soovitatakse klassika huvilistele.<br \/>\nVaatamata k\u00f5igi nelja mudeli \u00fcmardatud vormidele on kausid mitmekesise kujuga ja oma intrigeeriva kujuga kiirgavad neist kaasaegset v\u00f5lu.<br \/>\nPeened vormid koos s\u00e4rava ja \u00f5rna viimistlusega loovad t\u00e4iusliku harmoonia ja kontrasti tahke materjaliga. Nii saate erakordselt vastupidava ja samas elegantse toote. Valamu sobib igasse sisekujundusse ja lisaks v\u00f5imaldab seda h\u00f5lpsasti puhastada. Desna mudelid pole mitte ainult praktilised igap\u00e4evaseks kasutamiseks m\u00f5eldud esemed, vaid neist saavad ka vannitoa v\u00f5i tualeti kaunistused. T\u00e4nu rikkalikule Desna kollektsioonile saab vannituba t\u00e4iendada ka WC-poti ja bideega.<\/p>\n","protected":false},"excerpt":{"rendered":"<p>Keraamilised kraanikausid on valged t\u00f6\u00f6pinna mudelid, mida soovitatakse klassika huvilistele. Vaatamata k\u00f5igi nelja mudeli \u00fcmardatud vormidele on kausid mitmekesise kujuga ja oma intrigeeriva kujuga kiirgavad neist kaasaegset v\u00f5lu. Peened vormid koos s\u00e4rava ja \u00f5rna viimistlusega loovad t\u00e4iusliku harmoonia ja kontrasti tahke materjaliga. Nii saate erakordselt vastupidava ja samas elegantse toote. Valamu sobib igasse sisekujundusse ja [&hellip;]<\/p>\n","protected":false},"featured_media":3560,"template":"","meta":[],"product_brand":[],"product_cat":[2747,2746],"product_tag":[],"product-combo":[5138],"plc":[],"edasimyyja":[5212],"class_list":{"0":"post-4746","1":"product","2":"type-product","3":"status-publish","4":"has-post-thumbnail","6":"product_cat-keraamilised","7":"product_cat-valamu-komplektid","8":"pa_code-vud-6241-et","9":"pa_depth-of-bowl-140-mm-et","10":"pa_discolouration-resistant-yes-et","11":"pa_ean-5907791187598-et","12":"pa_finish-valge","13":"pa_length-330-mm-et","14":"pa_method-of-installation-countertop-et","15":"pa_model-oval-et","16":"pa_producer-laveo-et","17":"pa_series-desna-et","18":"pa_type-of-plug-no-plug-et","19":"pa_weight-5-kg-et","20":"pa_width-410-mm-et","21":"pa_years-of-warranty-2-see-warranty-terms-et","22":"product-combo-desna-241-2","23":"edasimyyja-on24-2","25":"first","26":"instock","27":"purchasable","28":"product-type-simple"},"_links":{"self":[{"href":"https:\/\/laveo.sau.ee\/en\/wp-json\/wp\/v2\/product\/4746","targetHints":{"allow":["GET"]}}],"collection":[{"href":"https:\/\/laveo.sau.ee\/en\/wp-json\/wp\/v2\/product"}],"about":[{"href":"https:\/\/laveo.sau.ee\/en\/wp-json\/wp\/v2\/types\/product"}],"wp:featuredmedia":[{"embeddable":true,"href":"https:\/\/laveo.sau.ee\/en\/wp-json\/wp\/v2\/media\/3560"}],"wp:attachment":[{"href":"https:\/\/laveo.sau.ee\/en\/wp-json\/wp\/v2\/media?parent=4746"}],"wp:term":[{"taxonomy":"product_brand","embeddable":true,"href":"https:\/\/laveo.sau.ee\/en\/wp-json\/wp\/v2\/product_brand?post=4746"},{"taxonomy":"product_cat","embeddable":true,"href":"https:\/\/laveo.sau.ee\/en\/wp-json\/wp\/v2\/product_cat?post=4746"},{"taxonomy":"product_tag","embeddable":true,"href":"https:\/\/laveo.sau.ee\/en\/wp-json\/wp\/v2\/product_tag?post=4746"},{"taxonomy":"product-combo","embeddable":true,"href":"https:\/\/laveo.sau.ee\/en\/wp-json\/wp\/v2\/product-combo?post=4746"},{"taxonomy":"plc","embeddable":true,"href":"https:\/\/laveo.sau.ee\/en\/wp-json\/wp\/v2\/plc?post=4746"},{"taxonomy":"edasimyyja","embeddable":true,"href":"https:\/\/laveo.sau.ee\/en\/wp-json\/wp\/v2\/edasimyyja?post=4746"}],"curies":[{"name":"wp","href":"https:\/\/api.w.org\/{rel}","templated":true}]}}