{"id":4723,"date":"2023-03-30T13:29:55","date_gmt":"2023-03-30T10:29:55","guid":{"rendered":"https:\/\/dev.infinit.ee\/prod\/fino-hand-shower-4\/"},"modified":"2026-02-16T12:02:11","modified_gmt":"2026-02-16T10:02:11","slug":"fino-hand-shower-4","status":"publish","type":"product","link":"https:\/\/laveo.sau.ee\/en\/product\/fino-hand-shower-4\/","title":{"rendered":"Fino &#8211; k\u00e4sidu\u0161\u0161"},"content":{"rendered":"<p>Fino seeria koosneb viiest ergonoomilise kujuga mudelist, mida saab valida igasse vannituppa.<br \/>\nK\u00e4sidu\u0161\u0161 on varustatud kolme vooluga: segadu\u0161\u0161, massaa\u017e ja vihm.<br \/>\nSelle t\u00e4iendav eelis on k\u00e4epide, mis on spetsiaalselt profileeritud nii, et see sobiks m\u00e4rja k\u00e4ega. K\u00e4sidu\u0161\u0161i on v\u00f5imalik osta eraldi v\u00f5i komplektidena, muu hulgas \u00fchepunktilise du\u0161ikomplektiga v\u00f5i t\u00f5ususiiniga du\u0161ikomplektiga. Teine v\u00f5imalus on du\u0161isammas ja termostaatsegistiga du\u0161isammas. Riser raili du\u0161ikomplektidel on reguleeritav paigaldusulatus, mis v\u00f5imaldab toodet ideaalselt kasutajale sobitada, muutes vannitamise mugavamaks. Fino seerial on lisaeelised katlakivivastase s\u00fcsteemi ja v\u00e4\u00e4ndumisvastase s\u00fcsteemina. Ja du\u0161isambas olev termostaatsegisti v\u00f5imaldab suplemise ajal hoida p\u00fcsivat veetemperatuuri. Temperatuur, mis on kohandatud vastavalt individuaalsetele vajadustele, v\u00e4ltides p\u00f5letusi v\u00f5i raisatud aega sobivaks seadistamiseks, mis on v\u00e4ikeste laste v\u00f5i eakate inimeste puhul nii oluline, tagades maksimaalse ohutuse ja mugavuse igap\u00e4evasel kasutamisel.<\/p>\n","protected":false},"excerpt":{"rendered":"<p>Fino seeria koosneb viiest ergonoomilise kujuga mudelist, mida saab valida igasse vannituppa. K\u00e4sidu\u0161\u0161 on varustatud kolme vooluga: segadu\u0161\u0161, massaa\u017e ja vihm. Selle t\u00e4iendav eelis on k\u00e4epide, mis on spetsiaalselt profileeritud nii, et see sobiks m\u00e4rja k\u00e4ega. K\u00e4sidu\u0161\u0161i on v\u00f5imalik osta eraldi v\u00f5i komplektidena, muu hulgas \u00fchepunktilise du\u0161ikomplektiga v\u00f5i t\u00f5ususiiniga du\u0161ikomplektiga. Teine v\u00f5imalus on du\u0161isammas ja [&hellip;]<\/p>\n","protected":false},"featured_media":3588,"template":"","meta":[],"product_brand":[],"product_cat":[2712,2713],"product_tag":[],"product-combo":[5164],"plc":[],"edasimyyja":[],"class_list":{"0":"post-4723","1":"product","2":"type-product","3":"status-publish","4":"has-post-thumbnail","6":"product_cat-dusid","7":"product_cat-kasidusid","8":"pa_anti-calc-system-yes-et","9":"pa_code-nlf-7sad-et","10":"pa_ean-5907791122056-et","11":"pa_finish-black-et","12":"pa_flow-class-z--12-l-min-et","13":"pa_hand-shower-jet-size-258x125-mm-et","14":"pa_number-of-hand-shower-streams-3-et","15":"pa_producer-laveo-et","16":"pa_series-fino-et","17":"pa_shape-round-et","18":"pa_stream-types-rain-massage-mixed-et","19":"pa_years-of-warranty-2-see-warranty-terms-et","20":"product-combo-fino-2","22":"first","23":"instock","24":"purchasable","25":"product-type-simple"},"_links":{"self":[{"href":"https:\/\/laveo.sau.ee\/en\/wp-json\/wp\/v2\/product\/4723","targetHints":{"allow":["GET"]}}],"collection":[{"href":"https:\/\/laveo.sau.ee\/en\/wp-json\/wp\/v2\/product"}],"about":[{"href":"https:\/\/laveo.sau.ee\/en\/wp-json\/wp\/v2\/types\/product"}],"wp:featuredmedia":[{"embeddable":true,"href":"https:\/\/laveo.sau.ee\/en\/wp-json\/wp\/v2\/media\/3588"}],"wp:attachment":[{"href":"https:\/\/laveo.sau.ee\/en\/wp-json\/wp\/v2\/media?parent=4723"}],"wp:term":[{"taxonomy":"product_brand","embeddable":true,"href":"https:\/\/laveo.sau.ee\/en\/wp-json\/wp\/v2\/product_brand?post=4723"},{"taxonomy":"product_cat","embeddable":true,"href":"https:\/\/laveo.sau.ee\/en\/wp-json\/wp\/v2\/product_cat?post=4723"},{"taxonomy":"product_tag","embeddable":true,"href":"https:\/\/laveo.sau.ee\/en\/wp-json\/wp\/v2\/product_tag?post=4723"},{"taxonomy":"product-combo","embeddable":true,"href":"https:\/\/laveo.sau.ee\/en\/wp-json\/wp\/v2\/product-combo?post=4723"},{"taxonomy":"plc","embeddable":true,"href":"https:\/\/laveo.sau.ee\/en\/wp-json\/wp\/v2\/plc?post=4723"},{"taxonomy":"edasimyyja","embeddable":true,"href":"https:\/\/laveo.sau.ee\/en\/wp-json\/wp\/v2\/edasimyyja?post=4723"}],"curies":[{"name":"wp","href":"https:\/\/api.w.org\/{rel}","templated":true}]}}