{"id":4721,"date":"2023-03-30T13:29:55","date_gmt":"2023-03-30T10:29:55","guid":{"rendered":"https:\/\/dev.infinit.ee\/prod\/fen-bidetta-shower-set-with-switch-2\/"},"modified":"2026-02-16T12:02:11","modified_gmt":"2026-02-16T10:02:11","slug":"fen-bidetta-shower-set-with-switch-2","status":"publish","type":"product","link":"https:\/\/laveo.sau.ee\/en\/product\/fen-bidetta-shower-set-with-switch-2\/","title":{"rendered":"FEN &#8211; l\u00fclitiga bidetta du\u0161ikomplekt"},"content":{"rendered":"<p>Fen on bidetta \u00fchepunktiline du\u0161ikomplekt, mis on vajalik iga vannitoa sisustamiseks.<br \/>\nSelle funktsionaalsusega on v\u00f5imalik bidee funktsioone asendada, eriti v\u00e4ikestes vannitubades.<br \/>\nSookomplekt v\u00f5imaldab igap\u00e4evast hooldust ilma raami v\u00f5i bideekaussi paigaldamata.<br \/>\nKomplekti kuulub kroomitud k\u00e4sidu\u0161\u0161 koos voolul\u00fclitiga ja 150cm pikkune du\u0161ivoolik.<br \/>\nSeeriasse kuulub \u00fchepunktiline du\u0161ikomplekt ja segisti k\u00fclge paigaldatav l\u00fclitiga (aeraator) versioon.<br \/>\nV\u00f5imalik on osta aeraator, mis v\u00f5imaldab Fen-komplekti kiirelt otse segistiga \u00fchendada. Kahefunktsioonilist l\u00fclitit kasutatakse segisti aeraatorina ja bidee k\u00e4sidu\u0161i l\u00fclitina.<br \/>\nKomplekti saab kasutada universaalselt, see osutub ideaalseks igap\u00e4evaseks h\u00fcgieeniks, nii et juuste pesemiseks ja mis tahes puhastust\u00f6\u00f6deks, nagu kraanikausi pesemine, \u00e4mbrite v\u00f5i kausside t\u00e4itmine koristamisel.<\/p>\n","protected":false},"excerpt":{"rendered":"<p>Fen on bidetta \u00fchepunktiline du\u0161ikomplekt, mis on vajalik iga vannitoa sisustamiseks. Selle funktsionaalsusega on v\u00f5imalik bidee funktsioone asendada, eriti v\u00e4ikestes vannitubades. Sookomplekt v\u00f5imaldab igap\u00e4evast hooldust ilma raami v\u00f5i bideekaussi paigaldamata. Komplekti kuulub kroomitud k\u00e4sidu\u0161\u0161 koos voolul\u00fclitiga ja 150cm pikkune du\u0161ivoolik. Seeriasse kuulub \u00fchepunktiline du\u0161ikomplekt ja segisti k\u00fclge paigaldatav l\u00fclitiga (aeraator) versioon. V\u00f5imalik on osta aeraator, [&hellip;]<\/p>\n","protected":false},"featured_media":3586,"template":"","meta":[],"product_brand":[],"product_cat":[2712],"product_tag":[],"product-combo":[],"plc":[],"edasimyyja":[],"class_list":{"0":"post-4721","1":"product","2":"type-product","3":"status-publish","4":"has-post-thumbnail","6":"product_cat-dusid","7":"pa_acoustic-group-ii-20--30-db-et","8":"pa_bar-length-1500-mm-et","9":"pa_code-naf-01pd-et","10":"pa_ean-5907791176066-et","11":"pa_finish-chrome-et","12":"pa_fixing-single-point-set-et","13":"pa_flow-class-z--12-l-min-et","14":"pa_hand-shower-jet-size-o32-mm-et","15":"pa_hose-anti-twist-system-yes-et","16":"pa_length-of-hose-1500-mm-et","17":"pa_material-plastic-steel-et","18":"pa_number-of-hand-shower-streams-1-et","19":"pa_producer-laveo-et","20":"pa_series-fen-et","21":"pa_shower-hose-material-steel-braided-rubber-et","22":"pa_stream-types-rain-et","24":"first","25":"instock","26":"purchasable","27":"product-type-simple"},"_links":{"self":[{"href":"https:\/\/laveo.sau.ee\/en\/wp-json\/wp\/v2\/product\/4721","targetHints":{"allow":["GET"]}}],"collection":[{"href":"https:\/\/laveo.sau.ee\/en\/wp-json\/wp\/v2\/product"}],"about":[{"href":"https:\/\/laveo.sau.ee\/en\/wp-json\/wp\/v2\/types\/product"}],"wp:featuredmedia":[{"embeddable":true,"href":"https:\/\/laveo.sau.ee\/en\/wp-json\/wp\/v2\/media\/3586"}],"wp:attachment":[{"href":"https:\/\/laveo.sau.ee\/en\/wp-json\/wp\/v2\/media?parent=4721"}],"wp:term":[{"taxonomy":"product_brand","embeddable":true,"href":"https:\/\/laveo.sau.ee\/en\/wp-json\/wp\/v2\/product_brand?post=4721"},{"taxonomy":"product_cat","embeddable":true,"href":"https:\/\/laveo.sau.ee\/en\/wp-json\/wp\/v2\/product_cat?post=4721"},{"taxonomy":"product_tag","embeddable":true,"href":"https:\/\/laveo.sau.ee\/en\/wp-json\/wp\/v2\/product_tag?post=4721"},{"taxonomy":"product-combo","embeddable":true,"href":"https:\/\/laveo.sau.ee\/en\/wp-json\/wp\/v2\/product-combo?post=4721"},{"taxonomy":"plc","embeddable":true,"href":"https:\/\/laveo.sau.ee\/en\/wp-json\/wp\/v2\/plc?post=4721"},{"taxonomy":"edasimyyja","embeddable":true,"href":"https:\/\/laveo.sau.ee\/en\/wp-json\/wp\/v2\/edasimyyja?post=4721"}],"curies":[{"name":"wp","href":"https:\/\/api.w.org\/{rel}","templated":true}]}}