{"id":4717,"date":"2023-03-30T13:29:55","date_gmt":"2023-03-30T10:29:55","guid":{"rendered":"https:\/\/dev.infinit.ee\/prod\/evora-upright-sink-mixer-with-l-shaped-spout-6\/"},"modified":"2026-04-16T10:50:19","modified_gmt":"2026-04-16T07:50:19","slug":"evora-upright-sink-mixer-with-l-shaped-spout-6","status":"publish","type":"product","link":"https:\/\/laveo.sau.ee\/en\/product\/evora-upright-sink-mixer-with-l-shaped-spout-6\/","title":{"rendered":"Evora \u2013 L-kujulise tilaga p\u00fcstine valamusegisti"},"content":{"rendered":"<p>Laveo Evora on stiili, ainulaadse vormi ja t\u00e4psuse kompositsioon. See on puhas maiuspala retrostiili austajatele oma interj\u00f6\u00f6ris. Evora on stiliseeritud k\u00f6\u00f6gis nagu klassikalised p\u00e4rlid, mida kantakse v\u00e4ikese musta kleidiga. See on saadaval neljas v\u00e4rvivariandis: kroom, antiikmessing, must ja alati moes vask. \u00dche k\u00e4epidemega liigutatava tilaga L-kujuline segisti v\u00f5imaldab mugavalt n\u00f5uda suuri n\u00f5usid ja tagab kasutusmugavuse igap\u00e4evaste k\u00f6\u00f6git\u00f6\u00f6de ajal. Valmistatud kvaliteetsest messingist MO54.<br \/>\nKaetud teenindusega kliendi asukohas ja 8-aastase garantiiga.<\/p>\n","protected":false},"excerpt":{"rendered":"<p>Laveo Evora on stiili, ainulaadse vormi ja t\u00e4psuse kompositsioon. See on puhas maiuspala retrostiili austajatele oma interj\u00f6\u00f6ris. Evora on stiliseeritud k\u00f6\u00f6gis nagu klassikalised p\u00e4rlid, mida kantakse v\u00e4ikese musta kleidiga. See on saadaval neljas v\u00e4rvivariandis: kroom, antiikmessing, must ja alati moes vask. \u00dche k\u00e4epidemega liigutatava tilaga L-kujuline segisti v\u00f5imaldab mugavalt n\u00f5uda suuri n\u00f5usid ja tagab kasutusmugavuse [&hellip;]<\/p>\n","protected":false},"featured_media":3582,"template":"","meta":[],"product_brand":[],"product_cat":[2711],"product_tag":[],"product-combo":[5156],"plc":[],"edasimyyja":[5212],"class_list":{"0":"post-4717","1":"product","2":"type-product","3":"status-publish","4":"has-post-thumbnail","6":"product_cat-koogisegisti-kraanid","7":"pa_acoustic-group-i--20-db-et","8":"pa_code-bae-765d-et","9":"pa_connecting-hose-length-500-mm-et","10":"pa_ean-5907791142276-et","11":"pa_finish-black-et","12":"pa_flow-class-a--15-l-min-et","13":"pa_head-diameter-35-mm-et","14":"pa_method-of-installation-upright-et","15":"pa_producer-laveo-et","16":"pa_range-of-spout-184-mm-et","17":"pa_series-evora-et","18":"pa_total-mixer-height-304-mm-et","19":"pa_type-of-cartridge-ceramic-et","20":"pa_type-of-handle-single-lever-et","21":"pa_type-of-spout-movable-et","22":"product-combo-evora-2","23":"edasimyyja-on24-2","25":"first","26":"instock","27":"purchasable","28":"product-type-simple"},"_links":{"self":[{"href":"https:\/\/laveo.sau.ee\/en\/wp-json\/wp\/v2\/product\/4717","targetHints":{"allow":["GET"]}}],"collection":[{"href":"https:\/\/laveo.sau.ee\/en\/wp-json\/wp\/v2\/product"}],"about":[{"href":"https:\/\/laveo.sau.ee\/en\/wp-json\/wp\/v2\/types\/product"}],"wp:featuredmedia":[{"embeddable":true,"href":"https:\/\/laveo.sau.ee\/en\/wp-json\/wp\/v2\/media\/3582"}],"wp:attachment":[{"href":"https:\/\/laveo.sau.ee\/en\/wp-json\/wp\/v2\/media?parent=4717"}],"wp:term":[{"taxonomy":"product_brand","embeddable":true,"href":"https:\/\/laveo.sau.ee\/en\/wp-json\/wp\/v2\/product_brand?post=4717"},{"taxonomy":"product_cat","embeddable":true,"href":"https:\/\/laveo.sau.ee\/en\/wp-json\/wp\/v2\/product_cat?post=4717"},{"taxonomy":"product_tag","embeddable":true,"href":"https:\/\/laveo.sau.ee\/en\/wp-json\/wp\/v2\/product_tag?post=4717"},{"taxonomy":"product-combo","embeddable":true,"href":"https:\/\/laveo.sau.ee\/en\/wp-json\/wp\/v2\/product-combo?post=4717"},{"taxonomy":"plc","embeddable":true,"href":"https:\/\/laveo.sau.ee\/en\/wp-json\/wp\/v2\/plc?post=4717"},{"taxonomy":"edasimyyja","embeddable":true,"href":"https:\/\/laveo.sau.ee\/en\/wp-json\/wp\/v2\/edasimyyja?post=4717"}],"curies":[{"name":"wp","href":"https:\/\/api.w.org\/{rel}","templated":true}]}}