{"id":4711,"date":"2023-03-30T13:29:55","date_gmt":"2023-03-30T10:29:55","guid":{"rendered":"https:\/\/dev.infinit.ee\/prod\/drop-shower-column-3\/"},"modified":"2026-04-16T10:50:19","modified_gmt":"2026-04-16T07:50:19","slug":"drop-shower-column-3","status":"publish","type":"product","link":"https:\/\/laveo.sau.ee\/en\/product\/drop-shower-column-3\/","title":{"rendered":"Tilk &#8211; du\u0161isammas"},"content":{"rendered":"<p>Langev du\u0161isammas on praktiline lahendus, mis paistab silma kubistliku ja range vormiga. Nii lai vihmadu\u0161\u0161 kui ka k\u00e4sidu\u0161\u0161 on varustatud vihmaveejoaga. Baarile kinnitatav seebialus v\u00f5imaldab hoida lemmikaksessuaare v\u00f5i kosmeetikat k\u00e4ep\u00e4rast. Lisaks pakub Drop kolonn palju lahendusi, mis h\u00f5lbustavad igap\u00e4evast suplemist. Tootel on reguleeritav riba, mis v\u00f5imaldab sobituda kasutaja pikkusega. Kolonn on varustatud katlakivivastase s\u00fcsteemiga ja 150 cm pikkuse du\u0161ivoolikuga, millel on v\u00e4\u00e4ndumisvastane s\u00fcsteem. Sammas on universaalne lahendus integreerimiseks iga seinale paigaldatava du\u0161isegisiga.<\/p>\n","protected":false},"excerpt":{"rendered":"<p>Langev du\u0161isammas on praktiline lahendus, mis paistab silma kubistliku ja range vormiga. Nii lai vihmadu\u0161\u0161 kui ka k\u00e4sidu\u0161\u0161 on varustatud vihmaveejoaga. Baarile kinnitatav seebialus v\u00f5imaldab hoida lemmikaksessuaare v\u00f5i kosmeetikat k\u00e4ep\u00e4rast. Lisaks pakub Drop kolonn palju lahendusi, mis h\u00f5lbustavad igap\u00e4evast suplemist. Tootel on reguleeritav riba, mis v\u00f5imaldab sobituda kasutaja pikkusega. Kolonn on varustatud katlakivivastase s\u00fcsteemiga ja [&hellip;]<\/p>\n","protected":false},"featured_media":3579,"template":"","meta":[],"product_brand":[],"product_cat":[2712,2741],"product_tag":[],"product-combo":[5189],"plc":[],"edasimyyja":[],"class_list":{"0":"post-4711","1":"product","2":"type-product","3":"status-publish","4":"has-post-thumbnail","6":"product_cat-dusid","7":"product_cat-dusisambad","8":"pa_additional-functions-with-anti-twist-system-with-anti-limescale-system-adjustable-fixing-span-et","9":"pa_anti-calc-system-yes-et","10":"pa_bar-length-950-mm-et","11":"pa_code-pl5-00kx-et","12":"pa_depth-467-mm-et","13":"pa_ean-5907791126207-et","14":"pa_finish-chrome-et","15":"pa_hand-shower-jet-size-80x80-mm-et","16":"pa_height-1000-mm-et","17":"pa_length-of-hose-1500-mm-et","18":"pa_method-of-installation-wall-mounted-et","19":"pa_number-of-hand-shower-streams-1-et","20":"pa_producer-laveo-et","21":"pa_series-drop-et","22":"pa_stream-types-rain-et","23":"pa_width-225-mm-et","24":"product-combo-drop-2","26":"first","27":"instock","28":"purchasable","29":"product-type-simple"},"_links":{"self":[{"href":"https:\/\/laveo.sau.ee\/en\/wp-json\/wp\/v2\/product\/4711","targetHints":{"allow":["GET"]}}],"collection":[{"href":"https:\/\/laveo.sau.ee\/en\/wp-json\/wp\/v2\/product"}],"about":[{"href":"https:\/\/laveo.sau.ee\/en\/wp-json\/wp\/v2\/types\/product"}],"wp:featuredmedia":[{"embeddable":true,"href":"https:\/\/laveo.sau.ee\/en\/wp-json\/wp\/v2\/media\/3579"}],"wp:attachment":[{"href":"https:\/\/laveo.sau.ee\/en\/wp-json\/wp\/v2\/media?parent=4711"}],"wp:term":[{"taxonomy":"product_brand","embeddable":true,"href":"https:\/\/laveo.sau.ee\/en\/wp-json\/wp\/v2\/product_brand?post=4711"},{"taxonomy":"product_cat","embeddable":true,"href":"https:\/\/laveo.sau.ee\/en\/wp-json\/wp\/v2\/product_cat?post=4711"},{"taxonomy":"product_tag","embeddable":true,"href":"https:\/\/laveo.sau.ee\/en\/wp-json\/wp\/v2\/product_tag?post=4711"},{"taxonomy":"product-combo","embeddable":true,"href":"https:\/\/laveo.sau.ee\/en\/wp-json\/wp\/v2\/product-combo?post=4711"},{"taxonomy":"plc","embeddable":true,"href":"https:\/\/laveo.sau.ee\/en\/wp-json\/wp\/v2\/plc?post=4711"},{"taxonomy":"edasimyyja","embeddable":true,"href":"https:\/\/laveo.sau.ee\/en\/wp-json\/wp\/v2\/edasimyyja?post=4711"}],"curies":[{"name":"wp","href":"https:\/\/api.w.org\/{rel}","templated":true}]}}