{"id":4705,"date":"2023-03-30T13:30:08","date_gmt":"2023-03-30T10:30:08","guid":{"rendered":"https:\/\/dev.infinit.ee\/prod\/iga-upright-sink-mixer-3\/"},"modified":"2026-03-21T12:02:05","modified_gmt":"2026-03-21T10:02:05","slug":"iga-upright-sink-mixer-3","status":"publish","type":"product","link":"https:\/\/laveo.sau.ee\/en\/product\/iga-upright-sink-mixer-3\/","title":{"rendered":"Iga &#8211; p\u00fcstine valamusegisti"},"content":{"rendered":"<p>Iga \u00fche k\u00e4epidemega k\u00f6\u00f6gisegisti on loodud neile, kes soovivad k\u00f6\u00f6gis oma n\u00f5udepesuala m\u00e4rgistada.<br \/>\nSegisti sobib suurep\u00e4raselt valamu graniidist viimistlusega.<br \/>\nSee on saadaval bee\u017ei v\u00f5i musta variandina.<br \/>\nSee on liigutatava tilaga tahke kraanin\u00f5u, mis t\u00f6\u00f6tab ideaalselt k\u00f6\u00f6gitingimustes.<br \/>\nSelle keraamiline kassett v\u00f5imaldab segistit pikki aastaid tasuta kasutada.<br \/>\nSarjal on Riikliku Rahvatervise Instituudi sertifikaat ning sellele kehtib 8-aastane garantii ja teenindus.<\/p>\n","protected":false},"excerpt":{"rendered":"<p>Iga \u00fche k\u00e4epidemega k\u00f6\u00f6gisegisti on loodud neile, kes soovivad k\u00f6\u00f6gis oma n\u00f5udepesuala m\u00e4rgistada. Segisti sobib suurep\u00e4raselt valamu graniidist viimistlusega. See on saadaval bee\u017ei v\u00f5i musta variandina. See on liigutatava tilaga tahke kraanin\u00f5u, mis t\u00f6\u00f6tab ideaalselt k\u00f6\u00f6gitingimustes. Selle keraamiline kassett v\u00f5imaldab segistit pikki aastaid tasuta kasutada. Sarjal on Riikliku Rahvatervise Instituudi sertifikaat ning sellele kehtib 8-aastane [&hellip;]<\/p>\n","protected":false},"featured_media":3610,"template":"","meta":[],"product_brand":[],"product_cat":[2711],"product_tag":[],"product-combo":[5155],"plc":[],"edasimyyja":[],"class_list":{"0":"post-4705","1":"product","2":"type-product","3":"status-publish","4":"has-post-thumbnail","6":"product_cat-koogisegisti-kraanid","7":"pa_acoustic-group-i--20-db-et","8":"pa_code-bgg-760d-et","9":"pa_connecting-hose-length-400-mm-et","10":"pa_ean-5907791101488-et","11":"pa_finish-black-granite-et","12":"pa_flow-class-a--15-l-min-et","13":"pa_head-diameter-40-mm-et","14":"pa_method-of-installation-upright-et","15":"pa_producer-laveo-et","16":"pa_range-of-spout-216-mm-et","17":"pa_series-iga-et","18":"pa_total-mixer-height-122-mm-et","19":"pa_type-of-cartridge-ceramic-et","20":"pa_type-of-handle-single-lever-et","21":"pa_type-of-spout-movable-et","22":"product-combo-iga-2","24":"first","25":"instock","26":"purchasable","27":"product-type-simple"},"_links":{"self":[{"href":"https:\/\/laveo.sau.ee\/en\/wp-json\/wp\/v2\/product\/4705","targetHints":{"allow":["GET"]}}],"collection":[{"href":"https:\/\/laveo.sau.ee\/en\/wp-json\/wp\/v2\/product"}],"about":[{"href":"https:\/\/laveo.sau.ee\/en\/wp-json\/wp\/v2\/types\/product"}],"wp:featuredmedia":[{"embeddable":true,"href":"https:\/\/laveo.sau.ee\/en\/wp-json\/wp\/v2\/media\/3610"}],"wp:attachment":[{"href":"https:\/\/laveo.sau.ee\/en\/wp-json\/wp\/v2\/media?parent=4705"}],"wp:term":[{"taxonomy":"product_brand","embeddable":true,"href":"https:\/\/laveo.sau.ee\/en\/wp-json\/wp\/v2\/product_brand?post=4705"},{"taxonomy":"product_cat","embeddable":true,"href":"https:\/\/laveo.sau.ee\/en\/wp-json\/wp\/v2\/product_cat?post=4705"},{"taxonomy":"product_tag","embeddable":true,"href":"https:\/\/laveo.sau.ee\/en\/wp-json\/wp\/v2\/product_tag?post=4705"},{"taxonomy":"product-combo","embeddable":true,"href":"https:\/\/laveo.sau.ee\/en\/wp-json\/wp\/v2\/product-combo?post=4705"},{"taxonomy":"plc","embeddable":true,"href":"https:\/\/laveo.sau.ee\/en\/wp-json\/wp\/v2\/plc?post=4705"},{"taxonomy":"edasimyyja","embeddable":true,"href":"https:\/\/laveo.sau.ee\/en\/wp-json\/wp\/v2\/edasimyyja?post=4705"}],"curies":[{"name":"wp","href":"https:\/\/api.w.org\/{rel}","templated":true}]}}