{"id":4702,"date":"2023-03-30T13:30:08","date_gmt":"2023-03-30T10:30:08","guid":{"rendered":"https:\/\/dev.infinit.ee\/prod\/ibiza-granite-sink-1-bowl-4\/"},"modified":"2026-04-16T10:50:19","modified_gmt":"2026-04-16T07:50:19","slug":"ibiza-granite-sink-1-bowl-4","status":"publish","type":"product","link":"https:\/\/laveo.sau.ee\/en\/product\/ibiza-granite-sink-1-bowl-4\/","title":{"rendered":"Ibiza \u2013 graniidist valamu \u2013 1 kauss"},"content":{"rendered":"<p>Ibiza \u00fche kausiga graniidist valamud on allapaigaldatavad mudelid. Oma m\u00f5\u00f5tmete poolest osutuvad need kasulikuks suuremates k\u00f6\u00f6kides ja rahuldavad ka k\u00f5ige n\u00f5udlikumaid kasutajaid. Ristk\u00fclikukujuline kuju suurusega 56&#215;46 cm ja 20 cm s\u00fcgavune kauss v\u00f5imaldab elavas k\u00f6\u00f6gis p\u00f6\u00f6rata 90\u00ba ja t\u00e4ielikku ergonoomikat. Oma vormilt lihtne, spetsiaalselt profileeritud \u00fcmbrikukujulise p\u00f5hjaga mudel n\u00e4eb suurep\u00e4raselt v\u00e4lja ja r\u00f5\u00f5mustab silma. Allapaigaldatav valamu ei ulatu t\u00f6\u00f6pinnast v\u00e4ljapoole, luues koos t\u00e4iesti tasase pinna. Valamu on peidetud t\u00f6\u00f6pinna alla ja see v\u00f5imaldab k\u00f5ik j\u00e4\u00e4gid ja puru otse valamukaussi p\u00fchkida, hoides k\u00f6\u00f6gi kogu aeg puhtana. Bee\u017ei, halli ja musta viimistlusega valamu v\u00f5imaldab luua ideaalse terviku kaasaegses k\u00f6\u00f6gis. See suurep\u00e4rase v\u00e4limusega valamu on t\u00e4iuslik kombinatsioon minimalistlikust disainist ja tugevusest. Tootmises kasutatud graniit tagab vastupidavuse v\u00e4rvimuutustele, kriimustustele, l\u00f6\u00f6kidele, termilisele \u0161okile ja temperatuurile kuni 250\u00baC. Mudel on varustatud n\u00f5udepesumasinaga \u00fchenduse, ruumis\u00e4\u00e4stliku sifooni ja kl\u00f5psuga pistikuga.<br \/>\nTootja katab tootele 10-aastase garantii.<br \/>\nPoola toode.<\/p>\n","protected":false},"excerpt":{"rendered":"<p>Ibiza \u00fche kausiga graniidist valamud on allapaigaldatavad mudelid. Oma m\u00f5\u00f5tmete poolest osutuvad need kasulikuks suuremates k\u00f6\u00f6kides ja rahuldavad ka k\u00f5ige n\u00f5udlikumaid kasutajaid. Ristk\u00fclikukujuline kuju suurusega 56&#215;46 cm ja 20 cm s\u00fcgavune kauss v\u00f5imaldab elavas k\u00f6\u00f6gis p\u00f6\u00f6rata 90\u00ba ja t\u00e4ielikku ergonoomikat. Oma vormilt lihtne, spetsiaalselt profileeritud \u00fcmbrikukujulise p\u00f5hjaga mudel n\u00e4eb suurep\u00e4raselt v\u00e4lja ja r\u00f5\u00f5mustab silma. Allapaigaldatav [&hellip;]<\/p>\n","protected":false},"featured_media":3607,"template":"","meta":[],"product_brand":[],"product_cat":[2733,2730],"product_tag":[],"product-combo":[5112],"plc":[],"edasimyyja":[5212],"class_list":{"0":"post-4702","1":"product","2":"type-product","3":"status-publish","4":"has-post-thumbnail","6":"product_cat-1-valamuga","7":"product_cat-graniitvalamud","8":"product_shipping_class-home-delivery-et","9":"pa_automatic-drain-shut-off-no-et","10":"pa_code-sbi-710u-et","11":"pa_connection-to-a-dishwasher-yes-et","12":"pa_depth-of-bowl-200-mm-et","13":"pa_drain-35-et","14":"pa_ean-5907791192424-et","15":"pa_finish-black-et","16":"pa_for-cabinet-800-mm-et","17":"pa_length-460-mm-et","18":"pa_model-rectangular-1-bowl-et","19":"pa_producer-laveo-et","20":"pa_resistant-to-thermal-shock-yes-et","21":"pa_reversible-yes-et","22":"pa_series-ibiza-et","23":"pa_width-560-mm-et","24":"product-combo-ibiza-2","25":"edasimyyja-on24-2","27":"first","28":"instock","29":"purchasable","30":"product-type-simple"},"_links":{"self":[{"href":"https:\/\/laveo.sau.ee\/en\/wp-json\/wp\/v2\/product\/4702","targetHints":{"allow":["GET"]}}],"collection":[{"href":"https:\/\/laveo.sau.ee\/en\/wp-json\/wp\/v2\/product"}],"about":[{"href":"https:\/\/laveo.sau.ee\/en\/wp-json\/wp\/v2\/types\/product"}],"wp:featuredmedia":[{"embeddable":true,"href":"https:\/\/laveo.sau.ee\/en\/wp-json\/wp\/v2\/media\/3607"}],"wp:attachment":[{"href":"https:\/\/laveo.sau.ee\/en\/wp-json\/wp\/v2\/media?parent=4702"}],"wp:term":[{"taxonomy":"product_brand","embeddable":true,"href":"https:\/\/laveo.sau.ee\/en\/wp-json\/wp\/v2\/product_brand?post=4702"},{"taxonomy":"product_cat","embeddable":true,"href":"https:\/\/laveo.sau.ee\/en\/wp-json\/wp\/v2\/product_cat?post=4702"},{"taxonomy":"product_tag","embeddable":true,"href":"https:\/\/laveo.sau.ee\/en\/wp-json\/wp\/v2\/product_tag?post=4702"},{"taxonomy":"product-combo","embeddable":true,"href":"https:\/\/laveo.sau.ee\/en\/wp-json\/wp\/v2\/product-combo?post=4702"},{"taxonomy":"plc","embeddable":true,"href":"https:\/\/laveo.sau.ee\/en\/wp-json\/wp\/v2\/plc?post=4702"},{"taxonomy":"edasimyyja","embeddable":true,"href":"https:\/\/laveo.sau.ee\/en\/wp-json\/wp\/v2\/edasimyyja?post=4702"}],"curies":[{"name":"wp","href":"https:\/\/api.w.org\/{rel}","templated":true}]}}