{"id":4698,"date":"2023-03-30T13:30:08","date_gmt":"2023-03-30T10:30:08","guid":{"rendered":"https:\/\/dev.infinit.ee\/prod\/halvo-multi-functional-granite-drainer-5\/"},"modified":"2026-02-21T12:02:04","modified_gmt":"2026-02-21T10:02:04","slug":"halvo-multi-functional-granite-drainer-5","status":"publish","type":"product","link":"https:\/\/laveo.sau.ee\/en\/product\/halvo-multi-functional-granite-drainer-5\/","title":{"rendered":"Halvo &#8211; multifunktsionaalne graniidist kuivendusmasin"},"content":{"rendered":"<p>Halvo on multifunktsionaalne graniidist kuivendusmasin, mis on saadaval erinevates v\u00e4rvides. Selle universaalsed omadused v\u00f5imaldavad seda kasutada laua, padja v\u00f5i kandikuna, n\u00e4iteks sushi jaoks. \u00c4ravoolu spetsiaalne s\u00e4lk v\u00f5imaldab seda toetuda kraanikausi piirile, t\u00e4nu millele saadakse lisat\u00f6\u00f6ruumi \u00fcksikute n\u00f5ude kuivatamiseks. Graniidist valmistatud toode on vastupidav termilisele \u0161okile, k\u00f5rgetele temperatuuridele, l\u00f6\u00f6kidele ja m\u00e4\u00e4rdumisele. Selle suurim eelis on mobiilsus, mis v\u00f5imaldab k\u00f6\u00f6git\u00f6\u00f6de tegemise ajal eemaldada kuivendusvedeliku t\u00f6\u00f6tasapinnalt, kui seda enam ei vajata. Toode sobib suurep\u00e4raselt v\u00e4ikestesse k\u00f6\u00f6ki ja seda saab kasutada \u00fche kausiga valamute t\u00e4iendamiseks ilma \u00e4ravooluta. See on saadaval valge, halli, musta ja bee\u017ei viimistlusega. Viimistluse v\u00e4rvid \u00fchtivad Laveo valamute v\u00e4rvidega.<\/p>\n","protected":false},"excerpt":{"rendered":"<p>Halvo on multifunktsionaalne graniidist kuivendusmasin, mis on saadaval erinevates v\u00e4rvides. Selle universaalsed omadused v\u00f5imaldavad seda kasutada laua, padja v\u00f5i kandikuna, n\u00e4iteks sushi jaoks. \u00c4ravoolu spetsiaalne s\u00e4lk v\u00f5imaldab seda toetuda kraanikausi piirile, t\u00e4nu millele saadakse lisat\u00f6\u00f6ruumi \u00fcksikute n\u00f5ude kuivatamiseks. Graniidist valmistatud toode on vastupidav termilisele \u0161okile, k\u00f5rgetele temperatuuridele, l\u00f6\u00f6kidele ja m\u00e4\u00e4rdumisele. Selle suurim eelis on mobiilsus, [&hellip;]<\/p>\n","protected":false},"featured_media":3603,"template":"","meta":[],"product_brand":[],"product_cat":[2714,2719],"product_tag":[],"product-combo":[],"plc":[],"edasimyyja":[],"class_list":{"0":"post-4698","1":"product","2":"type-product","3":"status-publish","4":"has-post-thumbnail","6":"product_cat-lisatarvikud","7":"product_cat-lisatarvikud-kooki","8":"product_shipping_class-pickup-point-2","9":"pa_code-oba-601t-et","10":"pa_discolouration-resistant-yes-et","11":"pa_ean-5905358200988-et","12":"pa_finish-valge","13":"pa_length-350-mm-et","14":"pa_producer-laveo-et","15":"pa_resistant-to-thermal-shock-yes-et","16":"pa_scratch-resistant-yes-et","17":"pa_series-halvo-et","18":"pa_service-at-customers-location-250c-et","19":"pa_width-350-mm-et","21":"first","22":"instock","23":"purchasable","24":"product-type-simple"},"_links":{"self":[{"href":"https:\/\/laveo.sau.ee\/en\/wp-json\/wp\/v2\/product\/4698","targetHints":{"allow":["GET"]}}],"collection":[{"href":"https:\/\/laveo.sau.ee\/en\/wp-json\/wp\/v2\/product"}],"about":[{"href":"https:\/\/laveo.sau.ee\/en\/wp-json\/wp\/v2\/types\/product"}],"wp:featuredmedia":[{"embeddable":true,"href":"https:\/\/laveo.sau.ee\/en\/wp-json\/wp\/v2\/media\/3603"}],"wp:attachment":[{"href":"https:\/\/laveo.sau.ee\/en\/wp-json\/wp\/v2\/media?parent=4698"}],"wp:term":[{"taxonomy":"product_brand","embeddable":true,"href":"https:\/\/laveo.sau.ee\/en\/wp-json\/wp\/v2\/product_brand?post=4698"},{"taxonomy":"product_cat","embeddable":true,"href":"https:\/\/laveo.sau.ee\/en\/wp-json\/wp\/v2\/product_cat?post=4698"},{"taxonomy":"product_tag","embeddable":true,"href":"https:\/\/laveo.sau.ee\/en\/wp-json\/wp\/v2\/product_tag?post=4698"},{"taxonomy":"product-combo","embeddable":true,"href":"https:\/\/laveo.sau.ee\/en\/wp-json\/wp\/v2\/product-combo?post=4698"},{"taxonomy":"plc","embeddable":true,"href":"https:\/\/laveo.sau.ee\/en\/wp-json\/wp\/v2\/plc?post=4698"},{"taxonomy":"edasimyyja","embeddable":true,"href":"https:\/\/laveo.sau.ee\/en\/wp-json\/wp\/v2\/edasimyyja?post=4698"}],"curies":[{"name":"wp","href":"https:\/\/api.w.org\/{rel}","templated":true}]}}