{"id":4696,"date":"2023-03-30T13:30:08","date_gmt":"2023-03-30T10:30:08","guid":{"rendered":"https:\/\/dev.infinit.ee\/prod\/grenada-granite-sink-1-bowl-5\/"},"modified":"2026-03-27T12:02:02","modified_gmt":"2026-03-27T10:02:02","slug":"grenada-granite-sink-1-bowl-5","status":"publish","type":"product","link":"https:\/\/laveo.sau.ee\/en\/product\/grenada-granite-sink-1-bowl-5\/","title":{"rendered":"Grenada \u2013 graniidist valamu \u2013 1 kauss"},"content":{"rendered":"<p>Grenada seeria \u2013 Laveo valamute portfelli eest vastutava Maria Kubiaki originaaldisain \u2013 on kaubam\u00e4rgi pakkumises erakordne uudsus. Valamud on disainitud nii, et lisaks ilmsetele &#8220;k\u00f6\u00f6gi&#8221; funktsioonidele m\u00e4ngivad need eelk\u00f5ige dekoratiivset rolli.<br \/>\nGrenada on minimalistlik ehe moodsasse k\u00f6\u00f6ki. \u00dcks kuivendusvedelikuga kauss paistab silma lihtsa, \u00fcsna range vormiga. \u00dche kausiga versioon on as\u00fcmmeetriline tahke aine, mis annab valamule ainulaadse iseloomu. Valamule lisavad elegantsi lisatarvikute rafineeritud detailid, nagu valamu s\u00f5ela sile kaitse ja pneumaatiline pistik pistikupesa sulgemiseks, mis on m\u00f5eldud premium-klassi valamutele.<br \/>\nBr\u00e4nd pakub kahte mudelit, millest iga\u00fcks on saadaval kolmes viimistluses: bee\u017e, hall ja must. Valamute materjal \u2013 graniit \u2013 tagab nende kasutajatele vastupidavuse kriimustustele, v\u00e4rvimuutustele, termilisele \u0161okile ja k\u00f5rgele temperatuurile kuni 250\u00b0C.<br \/>\nValamu pind on \u00fchtlane, sile, ilma n\u00e4htavate s\u00e4lkude ja s\u00fcvenditeta, mis paneb vee vabalt kaussi voolama ning valamut ennast on lihtne puhastada.<br \/>\nGrenada sari sobib suurep\u00e4raselt kaasaegses stiilis k\u00f6\u00f6kidesse.<br \/>\nValamutele kehtib 10-aastane garantii ja need on varustatud ruumis\u00e4\u00e4stliku sifooniga, et s\u00e4\u00e4sta ruumi kapis.<\/p>\n","protected":false},"excerpt":{"rendered":"<p>Grenada seeria \u2013 Laveo valamute portfelli eest vastutava Maria Kubiaki originaaldisain \u2013 on kaubam\u00e4rgi pakkumises erakordne uudsus. Valamud on disainitud nii, et lisaks ilmsetele &#8220;k\u00f6\u00f6gi&#8221; funktsioonidele m\u00e4ngivad need eelk\u00f5ige dekoratiivset rolli. Grenada on minimalistlik ehe moodsasse k\u00f6\u00f6ki. \u00dcks kuivendusvedelikuga kauss paistab silma lihtsa, \u00fcsna range vormiga. \u00dche kausiga versioon on as\u00fcmmeetriline tahke aine, mis annab [&hellip;]<\/p>\n","protected":false},"featured_media":3601,"template":"","meta":[],"product_brand":[],"product_cat":[2733,2730],"product_tag":[],"product-combo":[5107],"plc":[],"edasimyyja":[],"class_list":{"0":"post-4696","1":"product","2":"type-product","3":"status-publish","4":"has-post-thumbnail","6":"product_cat-1-valamuga","7":"product_cat-graniitvalamud","8":"product_shipping_class-home-delivery-et","9":"pa_automatic-drain-shut-off-yes-et","10":"pa_code-sbg-710t-et","11":"pa_connection-to-a-dishwasher-yes-et","12":"pa_depth-of-bowl-200-mm-et","13":"pa_drain-35-et","14":"pa_ean-5907791158857-et","15":"pa_finish-black-et","16":"pa_for-cabinet-800-mm-et","17":"pa_length-600-mm-et","18":"pa_model-rectangular-1-bowl-et","19":"pa_producer-laveo-et","20":"pa_resistant-to-thermal-shock-yes-et","21":"pa_reversible-no-et","22":"pa_series-grenada-et","23":"pa_width-480-mm-et","24":"product-combo-grenada-2","26":"first","27":"outofstock","28":"purchasable","29":"product-type-simple"},"_links":{"self":[{"href":"https:\/\/laveo.sau.ee\/en\/wp-json\/wp\/v2\/product\/4696","targetHints":{"allow":["GET"]}}],"collection":[{"href":"https:\/\/laveo.sau.ee\/en\/wp-json\/wp\/v2\/product"}],"about":[{"href":"https:\/\/laveo.sau.ee\/en\/wp-json\/wp\/v2\/types\/product"}],"wp:featuredmedia":[{"embeddable":true,"href":"https:\/\/laveo.sau.ee\/en\/wp-json\/wp\/v2\/media\/3601"}],"wp:attachment":[{"href":"https:\/\/laveo.sau.ee\/en\/wp-json\/wp\/v2\/media?parent=4696"}],"wp:term":[{"taxonomy":"product_brand","embeddable":true,"href":"https:\/\/laveo.sau.ee\/en\/wp-json\/wp\/v2\/product_brand?post=4696"},{"taxonomy":"product_cat","embeddable":true,"href":"https:\/\/laveo.sau.ee\/en\/wp-json\/wp\/v2\/product_cat?post=4696"},{"taxonomy":"product_tag","embeddable":true,"href":"https:\/\/laveo.sau.ee\/en\/wp-json\/wp\/v2\/product_tag?post=4696"},{"taxonomy":"product-combo","embeddable":true,"href":"https:\/\/laveo.sau.ee\/en\/wp-json\/wp\/v2\/product-combo?post=4696"},{"taxonomy":"plc","embeddable":true,"href":"https:\/\/laveo.sau.ee\/en\/wp-json\/wp\/v2\/plc?post=4696"},{"taxonomy":"edasimyyja","embeddable":true,"href":"https:\/\/laveo.sau.ee\/en\/wp-json\/wp\/v2\/edasimyyja?post=4696"}],"curies":[{"name":"wp","href":"https:\/\/api.w.org\/{rel}","templated":true}]}}