{"id":4693,"date":"2023-03-30T13:30:08","date_gmt":"2023-03-30T11:30:08","guid":{"rendered":"https:\/\/dev.infinit.ee\/prod\/grenada-granite-sink-1-bowl-with-a-drainer-4\/"},"modified":"2026-04-16T16:31:48","modified_gmt":"2026-04-16T13:31:48","slug":"grenada-granite-sink-1-bowl-with-a-drainer-4","status":"publish","type":"product","link":"https:\/\/laveo.sau.ee\/en\/product\/grenada-granite-sink-1-bowl-with-a-drainer-4\/","title":{"rendered":"Grenada \u2013 graniitvalamu \u2013 1 kauss n\u00f5rutuspinnaga"},"content":{"rendered":"<p>Grenada seeria \u2013 Maria Kubiaki originaaldisain, kes vastutab Laveo valamute tootevaliku eest \u2013 on br\u00e4ndi pakkumises erakordne uudistoode. Valamud on disainitud nii, et lisaks ilmsetele k\u00f6\u00f6gifunktsioonidele t\u00e4idavad need eelk\u00f5ige dekoratiivset rolli.<br \/>\nGrenada on minimalistlik ehe kaasaegsesse k\u00f6\u00f6ki. \u00dche kausi ja n\u00f5rutuspinnaga mudel paistab silma lihtsa, \u00fcsna askeetliku vormiga. \u00dche kausiga versioon on as\u00fcmmeetriline vorm, mis annab valamule ainulaadse iseloomu. Valamule lisavad elegantsi lisatarvikute peened detailid, nagu s\u00f5ela sile kate ja pneumaatiline \u00e4ravoolukork, mis on m\u00f5eldud premium-klassi valamutele.<br \/>\nBr\u00e4nd pakub kahte mudelit, millest m\u00f5lemad on saadaval kolmes viimistluses: bee\u017e, hall ja must. Valamute materjal \u2013 graniit \u2013 tagab kasutajatele vastupidavuse kriimustustele, v\u00e4rvimuutustele, termilisele \u0161okile ja k\u00f5rgele temperatuurile kuni 250 \u00b0C.<br \/>\nValamu pind on \u00fchtlane ja sile, ilma n\u00e4htavate s\u00e4lkude v\u00f5i s\u00fcvenditeta, mis laseb veel vabalt kaussi voolata ning muudab valamu puhastamise lihtsaks.<br \/>\nGrenada seeria sobib ideaalselt kaasaegses stiilis k\u00f6\u00f6kidesse.<br \/>\nValamutele kehtib 10-aastane garantii ja need on varustatud Space Saving sifooniga, et s\u00e4\u00e4sta kappides ruumi.<\/p>\n","protected":false},"excerpt":{"rendered":"<p>Grenada seeria \u2013 Maria Kubiaki originaaldisain, kes vastutab Laveo valamute tootevaliku eest \u2013 on br\u00e4ndi pakkumises erakordne uudistoode. Valamud on disainitud nii, et lisaks ilmsetele k\u00f6\u00f6gifunktsioonidele t\u00e4idavad need eelk\u00f5ige dekoratiivset rolli. Grenada on minimalistlik ehe kaasaegsesse k\u00f6\u00f6ki. \u00dche kausi ja n\u00f5rutuspinnaga mudel paistab silma lihtsa, \u00fcsna askeetliku vormiga. \u00dche kausiga versioon on as\u00fcmmeetriline vorm, mis [&hellip;]<\/p>\n","protected":false},"featured_media":3598,"template":"","meta":[],"product_brand":[],"product_cat":[2733,2730],"product_tag":[],"product-combo":[],"plc":[],"edasimyyja":[],"class_list":{"0":"post-4693","1":"product","2":"type-product","3":"status-publish","4":"has-post-thumbnail","6":"product_cat-1-valamuga","7":"product_cat-graniitvalamud","8":"pa_automatic-drain-shut-off-yes-et","9":"pa_code-sbg-711t-et","10":"pa_connection-to-a-dishwasher-yes-et","11":"pa_depth-of-bowl-190-mm-et","12":"pa_drain-35-et","13":"pa_ean-5907791158789-et","14":"pa_finish-black-et","15":"pa_for-cabinet-500-mm-et","16":"pa_length-780-mm-et","17":"pa_model-rectangular-1-bowl-et","18":"pa_producer-laveo-et","19":"pa_resistant-to-thermal-shock-yes-et","20":"pa_reversible-yes-et","21":"pa_series-grenada-et","22":"pa_width-480-mm-et","24":"first","25":"outofstock","26":"purchasable","27":"product-type-simple"},"_links":{"self":[{"href":"https:\/\/laveo.sau.ee\/en\/wp-json\/wp\/v2\/product\/4693","targetHints":{"allow":["GET"]}}],"collection":[{"href":"https:\/\/laveo.sau.ee\/en\/wp-json\/wp\/v2\/product"}],"about":[{"href":"https:\/\/laveo.sau.ee\/en\/wp-json\/wp\/v2\/types\/product"}],"wp:featuredmedia":[{"embeddable":true,"href":"https:\/\/laveo.sau.ee\/en\/wp-json\/wp\/v2\/media\/3598"}],"wp:attachment":[{"href":"https:\/\/laveo.sau.ee\/en\/wp-json\/wp\/v2\/media?parent=4693"}],"wp:term":[{"taxonomy":"product_brand","embeddable":true,"href":"https:\/\/laveo.sau.ee\/en\/wp-json\/wp\/v2\/product_brand?post=4693"},{"taxonomy":"product_cat","embeddable":true,"href":"https:\/\/laveo.sau.ee\/en\/wp-json\/wp\/v2\/product_cat?post=4693"},{"taxonomy":"product_tag","embeddable":true,"href":"https:\/\/laveo.sau.ee\/en\/wp-json\/wp\/v2\/product_tag?post=4693"},{"taxonomy":"product-combo","embeddable":true,"href":"https:\/\/laveo.sau.ee\/en\/wp-json\/wp\/v2\/product-combo?post=4693"},{"taxonomy":"plc","embeddable":true,"href":"https:\/\/laveo.sau.ee\/en\/wp-json\/wp\/v2\/plc?post=4693"},{"taxonomy":"edasimyyja","embeddable":true,"href":"https:\/\/laveo.sau.ee\/en\/wp-json\/wp\/v2\/edasimyyja?post=4693"}],"curies":[{"name":"wp","href":"https:\/\/api.w.org\/{rel}","templated":true}]}}