{"id":4683,"date":"2023-03-30T13:30:27","date_gmt":"2023-03-30T10:30:27","guid":{"rendered":"https:\/\/dev.infinit.ee\/prod\/kvadrato-rain-overhead-shower-dimensions-200-x-200-mm-2\/"},"modified":"2026-02-16T12:02:10","modified_gmt":"2026-02-16T10:02:10","slug":"kvadrato-rain-overhead-shower-dimensions-200-x-200-mm-2","status":"publish","type":"product","link":"https:\/\/laveo.sau.ee\/en\/product\/kvadrato-rain-overhead-shower-dimensions-200-x-200-mm-2\/","title":{"rendered":"Kvadrato &#8211; vihma \u00fcladu\u0161\u0161i m\u00f5\u00f5dud 200 x 200 mm"},"content":{"rendered":"<p>Valige vihmadu\u0161\u0161, mis tagab kvaliteedi nagu spaas. Du\u0161\u0161 ei ole mitte ainult keha puhastamise viis, vaid ka meetod vaimu ja hinge rahustamiseks ning stressist l\u00f5\u00f5gastumiseks. Seega on oluline valida see targalt, vastavalt individuaalsetele soovidele. Nii et kui otsite ruudukujulist vihmahoogu, vaadake Kvadrato sarja. Ruudukujuliste mudelite hulgast saab eristada plastikust ja terasest vihmadu\u0161\u0161e. Suurus on saadaval vahemikus 10&#215;10 kuni 30&#215;30 cm, mis v\u00f5imaldab teil otsustada, milline neist teile k\u00f5ige paremini sobib. Iga Kvadrato vihmadu\u0161\u0161i mudel on varustatud vihmajoaga, mis tagab meeldiva du\u0161\u0161i. Ja vihmadu\u0161\u0161il leitud v\u00e4ljaulatuvad osad varustati katlakivivastase s\u00fcsteemiga, mis v\u00f5imaldab lihtsalt ja kiiresti vabaneda veest sadestunud katlakivist. Vihmadu\u0161id on varustatud universaalse \u00fchenduskeermega 1\/2&#8243;, mis sobib igale tilale.<br \/>\nSaadaval kroomitud, valge ja musta viimistlusega.<\/p>\n","protected":false},"excerpt":{"rendered":"<p>Valige vihmadu\u0161\u0161, mis tagab kvaliteedi nagu spaas. Du\u0161\u0161 ei ole mitte ainult keha puhastamise viis, vaid ka meetod vaimu ja hinge rahustamiseks ning stressist l\u00f5\u00f5gastumiseks. Seega on oluline valida see targalt, vastavalt individuaalsetele soovidele. Nii et kui otsite ruudukujulist vihmahoogu, vaadake Kvadrato sarja. Ruudukujuliste mudelite hulgast saab eristada plastikust ja terasest vihmadu\u0161\u0161e. Suurus on saadaval [&hellip;]<\/p>\n","protected":false},"featured_media":3627,"template":"","meta":[],"product_brand":[],"product_cat":[2712,2739,2740],"product_tag":[],"product-combo":[],"plc":[],"edasimyyja":[],"class_list":{"0":"post-4683","1":"product","2":"type-product","3":"status-publish","4":"has-post-thumbnail","6":"product_cat-dusid","7":"product_cat-peidetud-dusipaneel","8":"product_cat-vihmadusid","9":"pa_anti-calc-system-yes-et","10":"pa_code-nlq-0dad-et","11":"pa_connection-thread-1-2-et","12":"pa_ean-5907791127754-et","13":"pa_finish-chrome-et","14":"pa_flow-class-a--15-l-min-et","15":"pa_producer-laveo-et","16":"pa_rain-shower-size-200x200-mm-et","17":"pa_series-kvadrato-et","18":"pa_years-of-warranty-2-et","20":"first","21":"outofstock","22":"purchasable","23":"product-type-simple"},"_links":{"self":[{"href":"https:\/\/laveo.sau.ee\/en\/wp-json\/wp\/v2\/product\/4683","targetHints":{"allow":["GET"]}}],"collection":[{"href":"https:\/\/laveo.sau.ee\/en\/wp-json\/wp\/v2\/product"}],"about":[{"href":"https:\/\/laveo.sau.ee\/en\/wp-json\/wp\/v2\/types\/product"}],"wp:featuredmedia":[{"embeddable":true,"href":"https:\/\/laveo.sau.ee\/en\/wp-json\/wp\/v2\/media\/3627"}],"wp:attachment":[{"href":"https:\/\/laveo.sau.ee\/en\/wp-json\/wp\/v2\/media?parent=4683"}],"wp:term":[{"taxonomy":"product_brand","embeddable":true,"href":"https:\/\/laveo.sau.ee\/en\/wp-json\/wp\/v2\/product_brand?post=4683"},{"taxonomy":"product_cat","embeddable":true,"href":"https:\/\/laveo.sau.ee\/en\/wp-json\/wp\/v2\/product_cat?post=4683"},{"taxonomy":"product_tag","embeddable":true,"href":"https:\/\/laveo.sau.ee\/en\/wp-json\/wp\/v2\/product_tag?post=4683"},{"taxonomy":"product-combo","embeddable":true,"href":"https:\/\/laveo.sau.ee\/en\/wp-json\/wp\/v2\/product-combo?post=4683"},{"taxonomy":"plc","embeddable":true,"href":"https:\/\/laveo.sau.ee\/en\/wp-json\/wp\/v2\/plc?post=4683"},{"taxonomy":"edasimyyja","embeddable":true,"href":"https:\/\/laveo.sau.ee\/en\/wp-json\/wp\/v2\/edasimyyja?post=4683"}],"curies":[{"name":"wp","href":"https:\/\/api.w.org\/{rel}","templated":true}]}}