{"id":4682,"date":"2023-03-30T13:30:27","date_gmt":"2023-03-30T10:30:27","guid":{"rendered":"https:\/\/dev.infinit.ee\/prod\/kvadrato-rain-overhead-shower-ceiling-spout-264-mm-4\/"},"modified":"2026-02-16T12:02:10","modified_gmt":"2026-02-16T10:02:10","slug":"kvadrato-rain-overhead-shower-ceiling-spout-264-mm-4","status":"publish","type":"product","link":"https:\/\/laveo.sau.ee\/en\/product\/kvadrato-rain-overhead-shower-ceiling-spout-264-mm-4\/","title":{"rendered":"Kvadrato &#8211; vihma \u00fcladu\u0161\u0161i lae tila 264 mm"},"content":{"rendered":"<p>Kvadrato tila v\u00f5imaldab paigaldada vihmadu\u0161\u0161i lakke, mis annab v\u00f5imaluse asetada see seinast mis tahes kaugusele, parandades seel\u00e4bi du\u0161\u0161i kasutamise mugavust. Tila tarnitakse ristk\u00fclikukujulise maskeerimiskattega ja sobib k\u00f5ikidele ruudukujulise korpusega seeriatele. Tila ulatus: 264 mm.<\/p>\n","protected":false},"excerpt":{"rendered":"<p>Kvadrato tila v\u00f5imaldab paigaldada vihmadu\u0161\u0161i lakke, mis annab v\u00f5imaluse asetada see seinast mis tahes kaugusele, parandades seel\u00e4bi du\u0161\u0161i kasutamise mugavust. Tila tarnitakse ristk\u00fclikukujulise maskeerimiskattega ja sobib k\u00f5ikidele ruudukujulise korpusega seeriatele. Tila ulatus: 264 mm.<\/p>\n","protected":false},"featured_media":3626,"template":"","meta":[],"product_brand":[],"product_cat":[2723,2739],"product_tag":[],"product-combo":[5174],"plc":[],"edasimyyja":[],"class_list":{"0":"post-4682","1":"product","2":"type-product","3":"status-publish","4":"has-post-thumbnail","6":"product_cat-kraanid","7":"product_cat-peidetud-dusipaneel","8":"product_shipping_class-pickup-point-2","9":"pa_code-nwq-750k-et","10":"pa_connection-thread-1-2-et","11":"pa_ean-5907791169662-et","12":"pa_finish-black-et","13":"pa_material-brass-et","14":"pa_producer-laveo-et","15":"pa_series-kvadrato-et","16":"pa_shape-square-et","17":"pa_years-of-warranty-2-et","18":"product-combo-kvadrato-50-2","20":"first","21":"instock","22":"purchasable","23":"product-type-simple"},"_links":{"self":[{"href":"https:\/\/laveo.sau.ee\/en\/wp-json\/wp\/v2\/product\/4682","targetHints":{"allow":["GET"]}}],"collection":[{"href":"https:\/\/laveo.sau.ee\/en\/wp-json\/wp\/v2\/product"}],"about":[{"href":"https:\/\/laveo.sau.ee\/en\/wp-json\/wp\/v2\/types\/product"}],"wp:featuredmedia":[{"embeddable":true,"href":"https:\/\/laveo.sau.ee\/en\/wp-json\/wp\/v2\/media\/3626"}],"wp:attachment":[{"href":"https:\/\/laveo.sau.ee\/en\/wp-json\/wp\/v2\/media?parent=4682"}],"wp:term":[{"taxonomy":"product_brand","embeddable":true,"href":"https:\/\/laveo.sau.ee\/en\/wp-json\/wp\/v2\/product_brand?post=4682"},{"taxonomy":"product_cat","embeddable":true,"href":"https:\/\/laveo.sau.ee\/en\/wp-json\/wp\/v2\/product_cat?post=4682"},{"taxonomy":"product_tag","embeddable":true,"href":"https:\/\/laveo.sau.ee\/en\/wp-json\/wp\/v2\/product_tag?post=4682"},{"taxonomy":"product-combo","embeddable":true,"href":"https:\/\/laveo.sau.ee\/en\/wp-json\/wp\/v2\/product-combo?post=4682"},{"taxonomy":"plc","embeddable":true,"href":"https:\/\/laveo.sau.ee\/en\/wp-json\/wp\/v2\/plc?post=4682"},{"taxonomy":"edasimyyja","embeddable":true,"href":"https:\/\/laveo.sau.ee\/en\/wp-json\/wp\/v2\/edasimyyja?post=4682"}],"curies":[{"name":"wp","href":"https:\/\/api.w.org\/{rel}","templated":true}]}}