{"id":4671,"date":"2023-03-30T13:30:27","date_gmt":"2023-03-30T10:30:27","guid":{"rendered":"https:\/\/dev.infinit.ee\/prod\/komodo-granite-sink-1-bowl-9\/"},"modified":"2026-04-16T10:50:19","modified_gmt":"2026-04-16T07:50:19","slug":"komodo-granite-sink-1-bowl-9","status":"publish","type":"product","link":"https:\/\/laveo.sau.ee\/en\/product\/komodo-granite-sink-1-bowl-9\/","title":{"rendered":"Komodo \u2013 graniidist valamu \u2013 1 kauss"},"content":{"rendered":"<p>Komodo on ainulaadne graniidist valamu, mille iseloomulikuks tunnuseks on m\u00f6\u00f6bli taustal n\u00e4htav originaalne lai esiosa. Valamu on disaininud Laveo tootejuht Maria Kubiak ja see on Poola graniidist valmistatud toode, ainus omataoline turul saadaval. Ainulaadne Komodo tahke k\u00f6\u00f6p sobib suurep\u00e4raselt Skandinaavia ja Provence&#8217;i stiilis k\u00f6\u00f6ki ning laia v\u00e4rvivalikuga ka moodsamasse interj\u00f6\u00f6ri.<br \/>\nMudelit iseloomustab suur funktsionaalne kauss ning selle v\u00e4ljaulatuv esiosa v\u00f5imaldab p\u00e4\u00e4seda kraanikausile v\u00f5imalikult l\u00e4hedale ja v\u00f5tta mugava asendi, ilma et see igap\u00e4evaste toimingute ajal selga koormaks.<br \/>\nKomodo v\u00f5ib olla uhke oma vastupidavuse \u00fcle kriimustustele, v\u00e4rvimuutustele, termilisele \u0161okile ja k\u00f5rgele temperatuurile kuni 250 \u00b0C. Graniidi t\u00f6\u00f6kindlusega valamule kehtib 10-aastane garantii ja \u00fcleriigiline teenindus kliendi juures. Valamu esiosa, mida p\u00f5hjusel nimetatakse ka &#8220;p\u00f5lleks&#8221;, kaitseb t\u00f6\u00f6pinda ja m\u00f6\u00f6bliuksi otsese kokkupuute eest veega.<br \/>\nValamu on varustatud ruumis\u00e4\u00e4stliku sifooniga, mis v\u00f5imaldab s\u00e4\u00e4sta ruumi kapis, muutes seel\u00e4bi pr\u00fcgikastide jaoks ruumi korraldamise lihtsamaks. Lisaks on toode varustatud automaatse pistikuga, mis h\u00f5lbustab vee v\u00e4ljalaskeava avamist ja sulgemist, ilma et peaksite p\u00e4rast pesemist k\u00e4si vette kastma.<\/p>\n","protected":false},"excerpt":{"rendered":"<p>Komodo on ainulaadne graniidist valamu, mille iseloomulikuks tunnuseks on m\u00f6\u00f6bli taustal n\u00e4htav originaalne lai esiosa. Valamu on disaininud Laveo tootejuht Maria Kubiak ja see on Poola graniidist valmistatud toode, ainus omataoline turul saadaval. Ainulaadne Komodo tahke k\u00f6\u00f6p sobib suurep\u00e4raselt Skandinaavia ja Provence&#8217;i stiilis k\u00f6\u00f6ki ning laia v\u00e4rvivalikuga ka moodsamasse interj\u00f6\u00f6ri. Mudelit iseloomustab suur funktsionaalne kauss [&hellip;]<\/p>\n","protected":false},"featured_media":3615,"template":"","meta":[],"product_brand":[],"product_cat":[2733,2730],"product_tag":[],"product-combo":[5108],"plc":[],"edasimyyja":[],"class_list":{"0":"post-4671","1":"product","2":"type-product","3":"status-publish","4":"has-post-thumbnail","6":"product_cat-1-valamuga","7":"product_cat-graniitvalamud","8":"product_shipping_class-home-delivery-et","9":"pa_automatic-drain-shut-off-no-et","10":"pa_code-sbk-710t-et","11":"pa_connection-to-a-dishwasher-yes-et","12":"pa_depth-of-bowl-190-mm-et","13":"pa_drain-35-et","14":"pa_ean-5907791158888-et","15":"pa_finish-black-et","16":"pa_for-cabinet-for-custom-made-cabinets-et","17":"pa_length-630-mm-et","18":"pa_model-rectangular-1-bowl-et","19":"pa_producer-laveo-et","20":"pa_resistant-to-thermal-shock-yes-et","21":"pa_reversible-no-et","22":"pa_series-komodo-et","23":"pa_width-490-mm-et","24":"product-combo-komodo-10-t-2","26":"first","27":"outofstock","28":"purchasable","29":"product-type-simple"},"_links":{"self":[{"href":"https:\/\/laveo.sau.ee\/en\/wp-json\/wp\/v2\/product\/4671","targetHints":{"allow":["GET"]}}],"collection":[{"href":"https:\/\/laveo.sau.ee\/en\/wp-json\/wp\/v2\/product"}],"about":[{"href":"https:\/\/laveo.sau.ee\/en\/wp-json\/wp\/v2\/types\/product"}],"wp:featuredmedia":[{"embeddable":true,"href":"https:\/\/laveo.sau.ee\/en\/wp-json\/wp\/v2\/media\/3615"}],"wp:attachment":[{"href":"https:\/\/laveo.sau.ee\/en\/wp-json\/wp\/v2\/media?parent=4671"}],"wp:term":[{"taxonomy":"product_brand","embeddable":true,"href":"https:\/\/laveo.sau.ee\/en\/wp-json\/wp\/v2\/product_brand?post=4671"},{"taxonomy":"product_cat","embeddable":true,"href":"https:\/\/laveo.sau.ee\/en\/wp-json\/wp\/v2\/product_cat?post=4671"},{"taxonomy":"product_tag","embeddable":true,"href":"https:\/\/laveo.sau.ee\/en\/wp-json\/wp\/v2\/product_tag?post=4671"},{"taxonomy":"product-combo","embeddable":true,"href":"https:\/\/laveo.sau.ee\/en\/wp-json\/wp\/v2\/product-combo?post=4671"},{"taxonomy":"plc","embeddable":true,"href":"https:\/\/laveo.sau.ee\/en\/wp-json\/wp\/v2\/plc?post=4671"},{"taxonomy":"edasimyyja","embeddable":true,"href":"https:\/\/laveo.sau.ee\/en\/wp-json\/wp\/v2\/edasimyyja?post=4671"}],"curies":[{"name":"wp","href":"https:\/\/api.w.org\/{rel}","templated":true}]}}