{"id":4660,"date":"2023-03-30T13:30:44","date_gmt":"2023-03-30T10:30:44","guid":{"rendered":"https:\/\/dev.infinit.ee\/prod\/kvadrato-wall-mounted-bath-mixer-without-shower-set-4\/"},"modified":"2026-02-16T12:02:10","modified_gmt":"2026-02-16T10:02:10","slug":"kvadrato-wall-mounted-bath-mixer-without-shower-set-4","status":"publish","type":"product","link":"https:\/\/laveo.sau.ee\/en\/product\/kvadrato-wall-mounted-bath-mixer-without-shower-set-4\/","title":{"rendered":"Kvadrato &#8211; seinale paigaldatav vannisegisti ilma du\u0161ikomplektita"},"content":{"rendered":"<p>Laveo Kvadrato segistid on vannitoa pakkumine, mis on suunatud k\u00f5igile, kes hindavad trendikaid lahendusi ja rafineeritud detaile. Kubistlike kujundite ja t\u00e4isnurkade abil saavutatakse segistite selge geomeetria. See on ideaalne ettepanek supluskoha jaoks &#8220;tema jaoks&#8221;.<br \/>\nT\u00e4iuslikud vormid ja kasutusmugavus loovad \u00fchtse terviku, mis sobib viimaste trendidega.<br \/>\nKollektsioon v\u00f5imaldab vannitoa t\u00e4ielikult sisustada.<br \/>\nPakkumises on lai valik kraanikausse, vanni, du\u0161isegisti ja bideesegisti. Seeria on saadaval kahes viimistluses: kroom ja must. Seet\u00f5ttu on see suurep\u00e4rane lahendus l\u00f5\u00f5gastusala loomiseks mugavalt oma kodus.<br \/>\nLaialdane suplusala valik v\u00f5imaldab sobitada mudeleid vastavalt vajadustele ja t\u00e4iendada seda t\u00f5usutoruga du\u0161ikomplekti v\u00f5i du\u0161isamba valimisega. Viimane on saadaval ka termostaatsegistiga versioonis.<br \/>\nNeile, kes soovivad s\u00e4ilitada tugevaid, kandilisi aktsente ka oma k\u00f6\u00f6gis, pakume seinale kinnitatavat valamusegistit, mis on saadaval kahes viimistluses: kroom ja must. Segistid on saadaval kahes versioonis: vertikaalse hoovaga, mis on ette n\u00e4htud segisti keskele, ja k\u00fclghoovaga, mis asub segisti paremal k\u00fcljel. Seeria kaetakse teenusega kliendi asukohas.<\/p>\n","protected":false},"excerpt":{"rendered":"<p>Laveo Kvadrato segistid on vannitoa pakkumine, mis on suunatud k\u00f5igile, kes hindavad trendikaid lahendusi ja rafineeritud detaile. Kubistlike kujundite ja t\u00e4isnurkade abil saavutatakse segistite selge geomeetria. See on ideaalne ettepanek supluskoha jaoks &#8220;tema jaoks&#8221;. T\u00e4iuslikud vormid ja kasutusmugavus loovad \u00fchtse terviku, mis sobib viimaste trendidega. Kollektsioon v\u00f5imaldab vannitoa t\u00e4ielikult sisustada. Pakkumises on lai valik kraanikausse, [&hellip;]<\/p>\n","protected":false},"featured_media":3644,"template":"","meta":[],"product_brand":[],"product_cat":[2725,2724],"product_tag":[],"product-combo":[],"plc":[],"edasimyyja":[],"class_list":{"0":"post-4660","1":"product","2":"type-product","3":"status-publish","4":"has-post-thumbnail","6":"product_cat-vannisegistid","7":"product_cat-vannitoa-segistid","8":"pa_acoustic-group-i--20-db-et","9":"pa_code-blq-710d-et","10":"pa_ean-5907791177858-et","11":"pa_finish-black-et","12":"pa_flow-class-s--198-l-min-et","13":"pa_head-diameter-35-mm-et","14":"pa_method-of-installation-wall-mounted-et","15":"pa_producer-laveo-et","16":"pa_range-of-spout-184-mm-et","17":"pa_series-kvadrato-et","18":"pa_service-at-customers-location-yes-et","19":"pa_total-mixer-height-93-mm-et","20":"pa_type-of-cartridge-ceramic-et","21":"pa_type-of-handle-single-lever-et","22":"pa_type-of-spout-fixed-et","23":"pa_years-of-warranty-8-see-warranty-terms-et","25":"first","26":"instock","27":"purchasable","28":"product-type-simple"},"_links":{"self":[{"href":"https:\/\/laveo.sau.ee\/en\/wp-json\/wp\/v2\/product\/4660","targetHints":{"allow":["GET"]}}],"collection":[{"href":"https:\/\/laveo.sau.ee\/en\/wp-json\/wp\/v2\/product"}],"about":[{"href":"https:\/\/laveo.sau.ee\/en\/wp-json\/wp\/v2\/types\/product"}],"wp:featuredmedia":[{"embeddable":true,"href":"https:\/\/laveo.sau.ee\/en\/wp-json\/wp\/v2\/media\/3644"}],"wp:attachment":[{"href":"https:\/\/laveo.sau.ee\/en\/wp-json\/wp\/v2\/media?parent=4660"}],"wp:term":[{"taxonomy":"product_brand","embeddable":true,"href":"https:\/\/laveo.sau.ee\/en\/wp-json\/wp\/v2\/product_brand?post=4660"},{"taxonomy":"product_cat","embeddable":true,"href":"https:\/\/laveo.sau.ee\/en\/wp-json\/wp\/v2\/product_cat?post=4660"},{"taxonomy":"product_tag","embeddable":true,"href":"https:\/\/laveo.sau.ee\/en\/wp-json\/wp\/v2\/product_tag?post=4660"},{"taxonomy":"product-combo","embeddable":true,"href":"https:\/\/laveo.sau.ee\/en\/wp-json\/wp\/v2\/product-combo?post=4660"},{"taxonomy":"plc","embeddable":true,"href":"https:\/\/laveo.sau.ee\/en\/wp-json\/wp\/v2\/plc?post=4660"},{"taxonomy":"edasimyyja","embeddable":true,"href":"https:\/\/laveo.sau.ee\/en\/wp-json\/wp\/v2\/edasimyyja?post=4660"}],"curies":[{"name":"wp","href":"https:\/\/api.w.org\/{rel}","templated":true}]}}