{"id":4637,"date":"2023-03-30T13:31:11","date_gmt":"2023-03-30T10:31:11","guid":{"rendered":"https:\/\/dev.infinit.ee\/prod\/kvadrato-water-connection-for-shower-hose-3\/"},"modified":"2026-04-16T10:50:19","modified_gmt":"2026-04-16T07:50:19","slug":"kvadrato-water-connection-for-shower-hose-3","status":"publish","type":"product","link":"https:\/\/laveo.sau.ee\/en\/product\/kvadrato-water-connection-for-shower-hose-3\/","title":{"rendered":"Kvadrato &#8211; du\u0161ivooliku vee\u00fchendus"},"content":{"rendered":"<p>Kvadrato du\u0161ivooliku nurgeline liitmik on valmistatud t\u00e4ielikult messingist. Seda saab kombineerida teiste varjatud paigalduselementidega sarjast, mida iseloomustavad ruudukujulised vormid. Pistikud on saadaval kahes versioonis: k\u00e4sidu\u0161iklambriga ja ilma.<\/p>\n","protected":false},"excerpt":{"rendered":"<p>Kvadrato du\u0161ivooliku nurgeline liitmik on valmistatud t\u00e4ielikult messingist. Seda saab kombineerida teiste varjatud paigalduselementidega sarjast, mida iseloomustavad ruudukujulised vormid. Pistikud on saadaval kahes versioonis: k\u00e4sidu\u0161iklambriga ja ilma.<\/p>\n","protected":false},"featured_media":3661,"template":"","meta":[],"product_brand":[],"product_cat":[2714,2716,2715,2739],"product_tag":[],"product-combo":[],"plc":[],"edasimyyja":[5212],"class_list":{"0":"post-4637","1":"product","2":"type-product","3":"status-publish","4":"has-post-thumbnail","6":"product_cat-lisatarvikud","7":"product_cat-lisatarvikud-vannituppa","8":"product_cat-nurkuhendused","9":"product_cat-peidetud-dusipaneel","10":"product_shipping_class-pickup-point-2","11":"pa_code-npq-061k-et","12":"pa_connection-thread-1-2-et","13":"pa_ean-5907791113795-et","14":"pa_finish-chrome-et","15":"pa_material-brass-et","16":"pa_producer-laveo-et","17":"pa_series-kvadrato-et","18":"pa_years-of-warranty-2-see-warranty-terms-et","19":"edasimyyja-on24-2","21":"first","22":"instock","23":"purchasable","24":"product-type-simple"},"_links":{"self":[{"href":"https:\/\/laveo.sau.ee\/en\/wp-json\/wp\/v2\/product\/4637","targetHints":{"allow":["GET"]}}],"collection":[{"href":"https:\/\/laveo.sau.ee\/en\/wp-json\/wp\/v2\/product"}],"about":[{"href":"https:\/\/laveo.sau.ee\/en\/wp-json\/wp\/v2\/types\/product"}],"wp:featuredmedia":[{"embeddable":true,"href":"https:\/\/laveo.sau.ee\/en\/wp-json\/wp\/v2\/media\/3661"}],"wp:attachment":[{"href":"https:\/\/laveo.sau.ee\/en\/wp-json\/wp\/v2\/media?parent=4637"}],"wp:term":[{"taxonomy":"product_brand","embeddable":true,"href":"https:\/\/laveo.sau.ee\/en\/wp-json\/wp\/v2\/product_brand?post=4637"},{"taxonomy":"product_cat","embeddable":true,"href":"https:\/\/laveo.sau.ee\/en\/wp-json\/wp\/v2\/product_cat?post=4637"},{"taxonomy":"product_tag","embeddable":true,"href":"https:\/\/laveo.sau.ee\/en\/wp-json\/wp\/v2\/product_tag?post=4637"},{"taxonomy":"product-combo","embeddable":true,"href":"https:\/\/laveo.sau.ee\/en\/wp-json\/wp\/v2\/product-combo?post=4637"},{"taxonomy":"plc","embeddable":true,"href":"https:\/\/laveo.sau.ee\/en\/wp-json\/wp\/v2\/plc?post=4637"},{"taxonomy":"edasimyyja","embeddable":true,"href":"https:\/\/laveo.sau.ee\/en\/wp-json\/wp\/v2\/edasimyyja?post=4637"}],"curies":[{"name":"wp","href":"https:\/\/api.w.org\/{rel}","templated":true}]}}