{"id":4620,"date":"2023-03-30T13:31:35","date_gmt":"2023-03-30T10:31:35","guid":{"rendered":"https:\/\/dev.infinit.ee\/prod\/largo-shower-mixer-for-concealed-installation-with-a-switch-4\/"},"modified":"2025-07-01T09:31:59","modified_gmt":"2025-07-01T06:31:59","slug":"largo-shower-mixer-for-concealed-installation-with-a-switch-4","status":"publish","type":"product","link":"https:\/\/laveo.sau.ee\/en\/product\/largo-shower-mixer-for-concealed-installation-with-a-switch-4\/","title":{"rendered":"Largo &#8211; l\u00fclitiga du\u0161isegisti varjatud paigaldamiseks"},"content":{"rendered":"<p>Laveo Largo sarja tooted on vannitoatarvikud, mida iseloomustab \u00f5huke, peen, kuid samas d\u00fcnaamiline disain. Sarja t\u00e4iendavad komplekti kuuluvad erakordselt elegantsed du\u0161isegisti ja k\u00e4sidu\u0161iga du\u0161isambad. Vihmajuga tagab erakordse mugavuse ja loomulikult on v\u00f5imalik valida k\u00e4sidu\u0161i all pakutavaid ojasid, nii et vihm, h\u00fcdromassaa\u017e, segatud. Sammas on varustatud terasest \u00f5hukese 20 cm l\u00e4bim\u00f5\u00f5duga vihmadu\u0161iga ja 150 cm pikkuse du\u0161ivoolikuga, millel on v\u00e4\u00e4ndumisvastane s\u00fcsteem. Reguleeritav sammas v\u00f5imaldab kohandada selle k\u00f5rgust vastavalt kasutajate vajadustele. Iga Largo seeria mudel on saadaval kolmes v\u00e4rvivariandis: valge\/kroom, must\/kroom ja kroom. Selline v\u00e4rvilahendus sobib ideaalselt teiste v\u00e4rvidega, nt plaatide v\u00f5i kraanikausside v\u00e4rvidega. Tootja tagab \u00fcleriigilise teeninduse kliendi asukohas.<\/p>\n","protected":false},"excerpt":{"rendered":"<p>Laveo Largo sarja tooted on vannitoatarvikud, mida iseloomustab \u00f5huke, peen, kuid samas d\u00fcnaamiline disain. Sarja t\u00e4iendavad komplekti kuuluvad erakordselt elegantsed du\u0161isegisti ja k\u00e4sidu\u0161iga du\u0161isambad. Vihmajuga tagab erakordse mugavuse ja loomulikult on v\u00f5imalik valida k\u00e4sidu\u0161i all pakutavaid ojasid, nii et vihm, h\u00fcdromassaa\u017e, segatud. Sammas on varustatud terasest \u00f5hukese 20 cm l\u00e4bim\u00f5\u00f5duga vihmadu\u0161iga ja 150 cm pikkuse [&hellip;]<\/p>\n","protected":false},"featured_media":3679,"template":"","meta":[],"product_brand":[],"product_cat":[2712,2728,2739,2729,2724],"product_tag":[],"product-combo":[],"plc":[],"edasimyyja":[],"class_list":{"0":"post-4620","1":"product","2":"type-product","3":"status-publish","4":"has-post-thumbnail","6":"product_cat-dusid","7":"product_cat-dusisegistid","8":"product_cat-peidetud-dusipaneel","9":"product_cat-suvistatavad-segistid","10":"product_cat-vannitoa-segistid","11":"pa_acoustic-group-i--20-db-et","12":"pa_code-bah-60pd-et","13":"pa_concealed-box-yes-et","14":"pa_ean-5907791146625-et","15":"pa_finish-valge-kroom","16":"pa_flow-class-a--15-l-min-et","17":"pa_head-diameter-35-mm-et","18":"pa_method-of-installation-concealed-et","19":"pa_producer-laveo-et","20":"pa_series-largo-et","21":"pa_service-at-customers-location-yes-et","22":"pa_total-mixer-height-185-mm-et","23":"pa_type-of-cartridge-ceramic-et","24":"pa_type-of-handle-single-lever-et","25":"pa_years-of-warranty-8-see-warranty-terms-et","27":"first","28":"instock","29":"purchasable","30":"product-type-simple"},"_links":{"self":[{"href":"https:\/\/laveo.sau.ee\/en\/wp-json\/wp\/v2\/product\/4620","targetHints":{"allow":["GET"]}}],"collection":[{"href":"https:\/\/laveo.sau.ee\/en\/wp-json\/wp\/v2\/product"}],"about":[{"href":"https:\/\/laveo.sau.ee\/en\/wp-json\/wp\/v2\/types\/product"}],"wp:featuredmedia":[{"embeddable":true,"href":"https:\/\/laveo.sau.ee\/en\/wp-json\/wp\/v2\/media\/3679"}],"wp:attachment":[{"href":"https:\/\/laveo.sau.ee\/en\/wp-json\/wp\/v2\/media?parent=4620"}],"wp:term":[{"taxonomy":"product_brand","embeddable":true,"href":"https:\/\/laveo.sau.ee\/en\/wp-json\/wp\/v2\/product_brand?post=4620"},{"taxonomy":"product_cat","embeddable":true,"href":"https:\/\/laveo.sau.ee\/en\/wp-json\/wp\/v2\/product_cat?post=4620"},{"taxonomy":"product_tag","embeddable":true,"href":"https:\/\/laveo.sau.ee\/en\/wp-json\/wp\/v2\/product_tag?post=4620"},{"taxonomy":"product-combo","embeddable":true,"href":"https:\/\/laveo.sau.ee\/en\/wp-json\/wp\/v2\/product-combo?post=4620"},{"taxonomy":"plc","embeddable":true,"href":"https:\/\/laveo.sau.ee\/en\/wp-json\/wp\/v2\/plc?post=4620"},{"taxonomy":"edasimyyja","embeddable":true,"href":"https:\/\/laveo.sau.ee\/en\/wp-json\/wp\/v2\/edasimyyja?post=4620"}],"curies":[{"name":"wp","href":"https:\/\/api.w.org\/{rel}","templated":true}]}}