{"id":4607,"date":"2023-03-30T13:31:47","date_gmt":"2023-03-30T10:31:47","guid":{"rendered":"https:\/\/dev.infinit.ee\/prod\/lete-upright-sink-mixer-with-u-shaped-spout-8\/"},"modified":"2026-03-21T12:02:05","modified_gmt":"2026-03-21T10:02:05","slug":"lete-upright-sink-mixer-with-u-shaped-spout-8","status":"publish","type":"product","link":"https:\/\/laveo.sau.ee\/en\/product\/lete-upright-sink-mixer-with-u-shaped-spout-8\/","title":{"rendered":"Lete &#8211; U-kujulise tilaga p\u00fcstine valamusegisti"},"content":{"rendered":"<p>Lete sarja kuulub U-kujulise tilaga p\u00fcstine valamusegisti.<br \/>\nSelle minimalistlikud vormid sobivad ideaalselt nii klassikalisse kui ka keerukamasse k\u00f6\u00f6ki.<br \/>\nLiigutatav tila v\u00f5imaldab h\u00f5lpsat igap\u00e4evast kasutamist, samas kui \u00fcks k\u00e4epide v\u00f5imaldab muuta veesurvet ja temperatuuri vastavalt individuaalsetele vajadustele.<br \/>\nLisaks v\u00f5ib segisti viimistlus sobida teie paigutusega, luues kas selge kontrasti v\u00f5i harmoonilise \u00fchenduse teiste sisustuselementidega.<br \/>\nKuna Laveo kaubam\u00e4rk pakub nelja v\u00e4rvi Lete segisti viimistlust, nii klassikaline kroom, bee\u017e, hall ja must. Kaks viimast sobivad suurep\u00e4raselt graniidist valamu t\u00e4iendamiseks.<br \/>\nTootele kehtib 8-aastane garantii ja teenindus kliendi juures.<\/p>\n","protected":false},"excerpt":{"rendered":"<p>Lete sarja kuulub U-kujulise tilaga p\u00fcstine valamusegisti. Selle minimalistlikud vormid sobivad ideaalselt nii klassikalisse kui ka keerukamasse k\u00f6\u00f6ki. Liigutatav tila v\u00f5imaldab h\u00f5lpsat igap\u00e4evast kasutamist, samas kui \u00fcks k\u00e4epide v\u00f5imaldab muuta veesurvet ja temperatuuri vastavalt individuaalsetele vajadustele. Lisaks v\u00f5ib segisti viimistlus sobida teie paigutusega, luues kas selge kontrasti v\u00f5i harmoonilise \u00fchenduse teiste sisustuselementidega. Kuna Laveo kaubam\u00e4rk [&hellip;]<\/p>\n","protected":false},"featured_media":3707,"template":"","meta":[],"product_brand":[],"product_cat":[2711],"product_tag":[],"product-combo":[5153],"plc":[],"edasimyyja":[],"class_list":{"0":"post-4607","1":"product","2":"type-product","3":"status-publish","4":"has-post-thumbnail","6":"product_cat-koogisegisti-kraanid","7":"pa_acoustic-group-i--20-db-et","8":"pa_code-bku-068d-et","9":"pa_connecting-hose-length-350-mm-et","10":"pa_ean-5907791125422-et","11":"pa_finish-chrome-et","12":"pa_flow-class-a--15-l-min-et","13":"pa_head-diameter-35-mm-et","14":"pa_method-of-installation-upright-et","15":"pa_producer-laveo-et","16":"pa_range-of-spout-182-mm-et","17":"pa_series-lete-et","18":"pa_total-mixer-height-318-mm-et","19":"pa_type-of-cartridge-ceramic-et","20":"pa_type-of-handle-single-lever-et","21":"pa_type-of-spout-movable-et","22":"product-combo-lete-2","24":"first","25":"outofstock","26":"purchasable","27":"product-type-simple"},"_links":{"self":[{"href":"https:\/\/laveo.sau.ee\/en\/wp-json\/wp\/v2\/product\/4607","targetHints":{"allow":["GET"]}}],"collection":[{"href":"https:\/\/laveo.sau.ee\/en\/wp-json\/wp\/v2\/product"}],"about":[{"href":"https:\/\/laveo.sau.ee\/en\/wp-json\/wp\/v2\/types\/product"}],"wp:featuredmedia":[{"embeddable":true,"href":"https:\/\/laveo.sau.ee\/en\/wp-json\/wp\/v2\/media\/3707"}],"wp:attachment":[{"href":"https:\/\/laveo.sau.ee\/en\/wp-json\/wp\/v2\/media?parent=4607"}],"wp:term":[{"taxonomy":"product_brand","embeddable":true,"href":"https:\/\/laveo.sau.ee\/en\/wp-json\/wp\/v2\/product_brand?post=4607"},{"taxonomy":"product_cat","embeddable":true,"href":"https:\/\/laveo.sau.ee\/en\/wp-json\/wp\/v2\/product_cat?post=4607"},{"taxonomy":"product_tag","embeddable":true,"href":"https:\/\/laveo.sau.ee\/en\/wp-json\/wp\/v2\/product_tag?post=4607"},{"taxonomy":"product-combo","embeddable":true,"href":"https:\/\/laveo.sau.ee\/en\/wp-json\/wp\/v2\/product-combo?post=4607"},{"taxonomy":"plc","embeddable":true,"href":"https:\/\/laveo.sau.ee\/en\/wp-json\/wp\/v2\/plc?post=4607"},{"taxonomy":"edasimyyja","embeddable":true,"href":"https:\/\/laveo.sau.ee\/en\/wp-json\/wp\/v2\/edasimyyja?post=4607"}],"curies":[{"name":"wp","href":"https:\/\/api.w.org\/{rel}","templated":true}]}}