{"id":4601,"date":"2023-03-30T13:31:47","date_gmt":"2023-03-30T10:31:47","guid":{"rendered":"https:\/\/dev.infinit.ee\/prod\/leste-hand-shower-2\/"},"modified":"2026-02-16T12:02:09","modified_gmt":"2026-02-16T10:02:09","slug":"leste-hand-shower-2","status":"publish","type":"product","link":"https:\/\/laveo.sau.ee\/en\/product\/leste-hand-shower-2\/","title":{"rendered":"Leste &#8211; k\u00e4sidu\u0161\u0161"},"content":{"rendered":"<p>Leste du\u0161isari on valik neile, kes otsivad lihtsaid lahendusi ja minimalistlikke vorme. K\u00e4sidu\u0161\u0161, t\u00f5usutoru du\u0161ikomplekt ja du\u0161isammas v\u00f5imaldavad saavutada suplusala selguse. K\u00f5ik Leste sambaelemendid on omavahel integreeritud ja l\u00e4ikiv viimistlus r\u00f5hutab elegantsi.<br \/>\n\u00d5rnade, \u00fcmarate kujunditega sari, mis sisaldab kahevoolulist k\u00e4sidu\u0161\u0161i tavalise vihmaga ja haruldast kaskaadjuga. Reguleeritav paigaldusava t\u00f5usutoru du\u0161ikomplektis ja du\u0161isambas v\u00f5imaldab asetada toote sobivale k\u00f5rgusele. K\u00e4si- ja vihmadu\u0161\u0161is rakendatav katlakivivastane s\u00fcsteem muudab du\u0161i kasutamise ja puhastamise lihtsamaks.<br \/>\nKomplekti kuuluv 150 cm pikkune du\u0161ivoolik ei tee samuti probleeme, kuna see on varustatud keerdumisvastase s\u00fcsteemiga.<\/p>\n","protected":false},"excerpt":{"rendered":"<p>Leste du\u0161isari on valik neile, kes otsivad lihtsaid lahendusi ja minimalistlikke vorme. K\u00e4sidu\u0161\u0161, t\u00f5usutoru du\u0161ikomplekt ja du\u0161isammas v\u00f5imaldavad saavutada suplusala selguse. K\u00f5ik Leste sambaelemendid on omavahel integreeritud ja l\u00e4ikiv viimistlus r\u00f5hutab elegantsi. \u00d5rnade, \u00fcmarate kujunditega sari, mis sisaldab kahevoolulist k\u00e4sidu\u0161\u0161i tavalise vihmaga ja haruldast kaskaadjuga. Reguleeritav paigaldusava t\u00f5usutoru du\u0161ikomplektis ja du\u0161isambas v\u00f5imaldab asetada toote sobivale [&hellip;]<\/p>\n","protected":false},"featured_media":3701,"template":"","meta":[],"product_brand":[],"product_cat":[2712,2713],"product_tag":[],"product-combo":[],"plc":[],"edasimyyja":[],"class_list":{"0":"post-4601","1":"product","2":"type-product","3":"status-publish","4":"has-post-thumbnail","6":"product_cat-dusid","7":"product_cat-kasidusid","8":"pa_anti-calc-system-yes-et","9":"pa_code-nll-0sad-et","10":"pa_ean-5907791107084-et","11":"pa_finish-chrome-et","12":"pa_flow-class-zz--72-l-min-et","13":"pa_hand-shower-jet-size-228x100-mm-et","14":"pa_material-plastic-et","15":"pa_number-of-hand-shower-streams-2-et","16":"pa_producer-laveo-et","17":"pa_series-leste-et","18":"pa_shape-round-et","19":"pa_stream-types-rain-cascade-et","20":"pa_years-of-warranty-2-see-warranty-terms-et","22":"first","23":"instock","24":"purchasable","25":"product-type-simple"},"_links":{"self":[{"href":"https:\/\/laveo.sau.ee\/en\/wp-json\/wp\/v2\/product\/4601","targetHints":{"allow":["GET"]}}],"collection":[{"href":"https:\/\/laveo.sau.ee\/en\/wp-json\/wp\/v2\/product"}],"about":[{"href":"https:\/\/laveo.sau.ee\/en\/wp-json\/wp\/v2\/types\/product"}],"wp:featuredmedia":[{"embeddable":true,"href":"https:\/\/laveo.sau.ee\/en\/wp-json\/wp\/v2\/media\/3701"}],"wp:attachment":[{"href":"https:\/\/laveo.sau.ee\/en\/wp-json\/wp\/v2\/media?parent=4601"}],"wp:term":[{"taxonomy":"product_brand","embeddable":true,"href":"https:\/\/laveo.sau.ee\/en\/wp-json\/wp\/v2\/product_brand?post=4601"},{"taxonomy":"product_cat","embeddable":true,"href":"https:\/\/laveo.sau.ee\/en\/wp-json\/wp\/v2\/product_cat?post=4601"},{"taxonomy":"product_tag","embeddable":true,"href":"https:\/\/laveo.sau.ee\/en\/wp-json\/wp\/v2\/product_tag?post=4601"},{"taxonomy":"product-combo","embeddable":true,"href":"https:\/\/laveo.sau.ee\/en\/wp-json\/wp\/v2\/product-combo?post=4601"},{"taxonomy":"plc","embeddable":true,"href":"https:\/\/laveo.sau.ee\/en\/wp-json\/wp\/v2\/plc?post=4601"},{"taxonomy":"edasimyyja","embeddable":true,"href":"https:\/\/laveo.sau.ee\/en\/wp-json\/wp\/v2\/edasimyyja?post=4601"}],"curies":[{"name":"wp","href":"https:\/\/api.w.org\/{rel}","templated":true}]}}