{"id":4599,"date":"2023-03-30T13:31:47","date_gmt":"2023-03-30T10:31:47","guid":{"rendered":"https:\/\/dev.infinit.ee\/prod\/lena-upright-sink-mixer-with-l-shaped-spout-9\/"},"modified":"2026-03-21T12:02:05","modified_gmt":"2026-03-21T10:02:05","slug":"lena-upright-sink-mixer-with-l-shaped-spout-9","status":"publish","type":"product","link":"https:\/\/laveo.sau.ee\/en\/product\/lena-upright-sink-mixer-with-l-shaped-spout-9\/","title":{"rendered":"Lena &#8211; L-kujulise tilaga p\u00fcstine valamusegisti"},"content":{"rendered":"<p>Laveo Lena k\u00f6\u00f6gisegistid sobivad ideaalselt futuristlikku ja minimalistlikku interj\u00f6\u00f6ri. Liigutatav tila parandab oluliselt iga koduperenaise t\u00f6\u00f6mugavust.<br \/>\nMugav segisti v\u00f5imaldab vee temperatuuri kiiresti reguleerida vastavalt individuaalsetele vajadustele. Oluliseks h\u00f5lbustajaks on ka tila kuju, mis v\u00f5imaldab panna suured potid alla, et neid h\u00f5lpsalt pesta.<br \/>\nSeeria on klassifitseeritud akustilisse r\u00fchma, mis m\u00e4\u00e4rab I r\u00fchma t\u00f6\u00f6tavast mikserist v\u00e4ljuva helir\u00f5hu taseme, seega madalaima ja kuulmisele k\u00f5ige s\u00f5bralikuma, samas kui vooluklass on A \u2013 \u00fcks madalamaid.<br \/>\nKollektsioon on saadaval viies viimistluses, seega kroomitud, valge, bee\u017e, hall ja must, ning selline valik v\u00f5imaldab mikserit sobitada k\u00f6\u00f6gis pakutava paigutusega v\u00f5i r\u00f5hutada interj\u00f6\u00f6ri kraanin\u00f5udega.<br \/>\nMikseritele kehtib korpuse ja kasseti 8-aastane garantii.<\/p>\n","protected":false},"excerpt":{"rendered":"<p>Laveo Lena k\u00f6\u00f6gisegistid sobivad ideaalselt futuristlikku ja minimalistlikku interj\u00f6\u00f6ri. Liigutatav tila parandab oluliselt iga koduperenaise t\u00f6\u00f6mugavust. Mugav segisti v\u00f5imaldab vee temperatuuri kiiresti reguleerida vastavalt individuaalsetele vajadustele. Oluliseks h\u00f5lbustajaks on ka tila kuju, mis v\u00f5imaldab panna suured potid alla, et neid h\u00f5lpsalt pesta. Seeria on klassifitseeritud akustilisse r\u00fchma, mis m\u00e4\u00e4rab I r\u00fchma t\u00f6\u00f6tavast mikserist v\u00e4ljuva helir\u00f5hu [&hellip;]<\/p>\n","protected":false},"featured_media":3699,"template":"","meta":[],"product_brand":[],"product_cat":[2711],"product_tag":[],"product-combo":[5152],"plc":[],"edasimyyja":[],"class_list":{"0":"post-4599","1":"product","2":"type-product","3":"status-publish","4":"has-post-thumbnail","6":"product_cat-koogisegisti-kraanid","7":"pa_acoustic-group-i--20-db-et","8":"pa_code-bku-065d-et","9":"pa_connecting-hose-length-400-mm-et","10":"pa_ean-5907791125361-et","11":"pa_finish-chrome-et","12":"pa_flow-class-a--15-l-min-et","13":"pa_head-diameter-35-mm-et","14":"pa_method-of-installation-upright-et","15":"pa_producer-laveo-et","16":"pa_range-of-spout-184-mm-et","17":"pa_series-lena-et","18":"pa_total-mixer-height-302-mm-et","19":"pa_type-of-cartridge-ceramic-et","20":"pa_type-of-handle-single-lever-et","21":"pa_type-of-spout-movable-et","22":"product-combo-lena-2","24":"first","25":"instock","26":"purchasable","27":"product-type-simple"},"_links":{"self":[{"href":"https:\/\/laveo.sau.ee\/en\/wp-json\/wp\/v2\/product\/4599","targetHints":{"allow":["GET"]}}],"collection":[{"href":"https:\/\/laveo.sau.ee\/en\/wp-json\/wp\/v2\/product"}],"about":[{"href":"https:\/\/laveo.sau.ee\/en\/wp-json\/wp\/v2\/types\/product"}],"wp:featuredmedia":[{"embeddable":true,"href":"https:\/\/laveo.sau.ee\/en\/wp-json\/wp\/v2\/media\/3699"}],"wp:attachment":[{"href":"https:\/\/laveo.sau.ee\/en\/wp-json\/wp\/v2\/media?parent=4599"}],"wp:term":[{"taxonomy":"product_brand","embeddable":true,"href":"https:\/\/laveo.sau.ee\/en\/wp-json\/wp\/v2\/product_brand?post=4599"},{"taxonomy":"product_cat","embeddable":true,"href":"https:\/\/laveo.sau.ee\/en\/wp-json\/wp\/v2\/product_cat?post=4599"},{"taxonomy":"product_tag","embeddable":true,"href":"https:\/\/laveo.sau.ee\/en\/wp-json\/wp\/v2\/product_tag?post=4599"},{"taxonomy":"product-combo","embeddable":true,"href":"https:\/\/laveo.sau.ee\/en\/wp-json\/wp\/v2\/product-combo?post=4599"},{"taxonomy":"plc","embeddable":true,"href":"https:\/\/laveo.sau.ee\/en\/wp-json\/wp\/v2\/plc?post=4599"},{"taxonomy":"edasimyyja","embeddable":true,"href":"https:\/\/laveo.sau.ee\/en\/wp-json\/wp\/v2\/edasimyyja?post=4599"}],"curies":[{"name":"wp","href":"https:\/\/api.w.org\/{rel}","templated":true}]}}