{"id":4594,"date":"2023-03-30T13:31:47","date_gmt":"2023-03-30T10:31:47","guid":{"rendered":"https:\/\/dev.infinit.ee\/prod\/leia-overhead-rain-shower-diameter-240-mm-3\/"},"modified":"2026-02-16T12:02:09","modified_gmt":"2026-02-16T10:02:09","slug":"leia-overhead-rain-shower-diameter-240-mm-3","status":"publish","type":"product","link":"https:\/\/laveo.sau.ee\/en\/product\/leia-overhead-rain-shower-diameter-240-mm-3\/","title":{"rendered":"Leia &#8211; vihmadu\u0161\u0161i l\u00e4bim\u00f5\u00f5t 240 mm"},"content":{"rendered":"<p>Laveo Leia vihmadu\u0161\u0161 on lahendus du\u0161inurga viimistlemiseks \u00f5rna ja esteetilise lisandiga.<br \/>\n\u00dcmmarguse vihmadu\u0161\u0161i saab paigaldada seinakinnitusse v\u00f5i du\u0161ipaneeli. Toote l\u00e4bim\u00f5\u00f5t on 240 mm ja kiire katlakivi eemaldamise s\u00fcsteem ning reguleeritav vihmadu\u0161i nurk.<br \/>\nLeia on varustatud vihmajoaga ja selle ulatus katab h\u00e4sti kehahoiaku, tehes samal ajal nahale \u00f5rna massaa\u017ei. Vihmadu\u0161\u0161 on universaalne t\u00e4nu kroomitud viimistlusele ja 1\/2&#8243; keermele. Saadaval kahes viimistluses: kroom ja must.<\/p>\n","protected":false},"excerpt":{"rendered":"<p>Laveo Leia vihmadu\u0161\u0161 on lahendus du\u0161inurga viimistlemiseks \u00f5rna ja esteetilise lisandiga. \u00dcmmarguse vihmadu\u0161\u0161i saab paigaldada seinakinnitusse v\u00f5i du\u0161ipaneeli. Toote l\u00e4bim\u00f5\u00f5t on 240 mm ja kiire katlakivi eemaldamise s\u00fcsteem ning reguleeritav vihmadu\u0161i nurk. Leia on varustatud vihmajoaga ja selle ulatus katab h\u00e4sti kehahoiaku, tehes samal ajal nahale \u00f5rna massaa\u017ei. Vihmadu\u0161\u0161 on universaalne t\u00e4nu kroomitud viimistlusele ja [&hellip;]<\/p>\n","protected":false},"featured_media":3694,"template":"","meta":[],"product_brand":[],"product_cat":[2712,2739,2740],"product_tag":[],"product-combo":[5171],"plc":[],"edasimyyja":[],"class_list":{"0":"post-4594","1":"product","2":"type-product","3":"status-publish","4":"has-post-thumbnail","6":"product_cat-dusid","7":"product_cat-peidetud-dusipaneel","8":"product_cat-vihmadusid","9":"pa_anti-calc-system-yes-et","10":"pa_code-nle-0dad-et","11":"pa_connection-thread-1-2-et","12":"pa_ean-5907791122483-et","13":"pa_finish-chrome-et","14":"pa_flow-class-z--12-l-min-et","15":"pa_producer-laveo-et","16":"pa_rain-shower-size-o240-mm-et","17":"pa_series-leia-et","18":"pa_years-of-warranty-2-et","19":"product-combo-leia-2","21":"first","22":"instock","23":"purchasable","24":"product-type-simple"},"_links":{"self":[{"href":"https:\/\/laveo.sau.ee\/en\/wp-json\/wp\/v2\/product\/4594","targetHints":{"allow":["GET"]}}],"collection":[{"href":"https:\/\/laveo.sau.ee\/en\/wp-json\/wp\/v2\/product"}],"about":[{"href":"https:\/\/laveo.sau.ee\/en\/wp-json\/wp\/v2\/types\/product"}],"wp:featuredmedia":[{"embeddable":true,"href":"https:\/\/laveo.sau.ee\/en\/wp-json\/wp\/v2\/media\/3694"}],"wp:attachment":[{"href":"https:\/\/laveo.sau.ee\/en\/wp-json\/wp\/v2\/media?parent=4594"}],"wp:term":[{"taxonomy":"product_brand","embeddable":true,"href":"https:\/\/laveo.sau.ee\/en\/wp-json\/wp\/v2\/product_brand?post=4594"},{"taxonomy":"product_cat","embeddable":true,"href":"https:\/\/laveo.sau.ee\/en\/wp-json\/wp\/v2\/product_cat?post=4594"},{"taxonomy":"product_tag","embeddable":true,"href":"https:\/\/laveo.sau.ee\/en\/wp-json\/wp\/v2\/product_tag?post=4594"},{"taxonomy":"product-combo","embeddable":true,"href":"https:\/\/laveo.sau.ee\/en\/wp-json\/wp\/v2\/product-combo?post=4594"},{"taxonomy":"plc","embeddable":true,"href":"https:\/\/laveo.sau.ee\/en\/wp-json\/wp\/v2\/plc?post=4594"},{"taxonomy":"edasimyyja","embeddable":true,"href":"https:\/\/laveo.sau.ee\/en\/wp-json\/wp\/v2\/edasimyyja?post=4594"}],"curies":[{"name":"wp","href":"https:\/\/api.w.org\/{rel}","templated":true}]}}