{"id":4589,"date":"2023-03-30T13:32:00","date_gmt":"2023-03-30T10:32:00","guid":{"rendered":"https:\/\/dev.infinit.ee\/prod\/margarita-granite-sink-1-bowl-with-a-drainer-5\/"},"modified":"2026-03-28T12:02:02","modified_gmt":"2026-03-28T10:02:02","slug":"margarita-granite-sink-1-bowl-with-a-drainer-5","status":"publish","type":"product","link":"https:\/\/laveo.sau.ee\/en\/product\/margarita-granite-sink-1-bowl-with-a-drainer-5\/","title":{"rendered":"Margarita &#8211; graniidist valamu &#8211; 1 kauss koos \u00e4ravooluga"},"content":{"rendered":"<p>Margarita valamu on sirgete joontega mudel.<br \/>\nSee stiil on praegu k\u00f5ige levinum linnakorterites, kus kasutajad valivad oma k\u00f6\u00f6ki tavaliselt \u00fche kausiga kraanikausid koos \u00e4ravooluga.<br \/>\nValamu suurus on 49 x 79 cm, samas kui mahukas kauss (kuni 19 cm s\u00fcgav) annab n\u00f5udepesu ajal just piisavalt ruumi. Mudel on m\u00f5eldud kokandushuvilistele, kes peavad suhteliselt sageli k\u00fcpsetusplaate v\u00f5i suuri potte pesema.<br \/>\nMargarita mudeli eelisteks on erakordselt lihtne hooldada, vastupidavus k\u00f5rgele temperatuurile kuni 250\u00b0, l\u00f6\u00f6gid ja kriimustused igap\u00e4evasel kasutamisel.<br \/>\nKomplekt sisaldab ruumis\u00e4\u00e4stlikku sifooni, automaatset pistikut, \u00fchendamist n\u00f5udepesumasinaga, 10-aastast garantiid ja v\u00f5imalust valamut p\u00f6\u00f6rata, et valida, kas \u00e4ravoolutoru asub vasakul v\u00f5i paremal.<\/p>\n","protected":false},"excerpt":{"rendered":"<p>Margarita valamu on sirgete joontega mudel. See stiil on praegu k\u00f5ige levinum linnakorterites, kus kasutajad valivad oma k\u00f6\u00f6ki tavaliselt \u00fche kausiga kraanikausid koos \u00e4ravooluga. Valamu suurus on 49 x 79 cm, samas kui mahukas kauss (kuni 19 cm s\u00fcgav) annab n\u00f5udepesu ajal just piisavalt ruumi. Mudel on m\u00f5eldud kokandushuvilistele, kes peavad suhteliselt sageli k\u00fcpsetusplaate v\u00f5i [&hellip;]<\/p>\n","protected":false},"featured_media":3718,"template":"","meta":[],"product_brand":[],"product_cat":[2733,2730],"product_tag":[],"product-combo":[5104],"plc":[],"edasimyyja":[],"class_list":{"0":"post-4589","1":"product","2":"type-product","3":"status-publish","4":"has-post-thumbnail","6":"product_cat-1-valamuga","7":"product_cat-graniitvalamud","8":"product_shipping_class-home-delivery-et","9":"pa_automatic-drain-shut-off-yes-et","10":"pa_code-sbm-411t-et","11":"pa_connection-to-a-dishwasher-yes-et","12":"pa_depth-of-bowl-190-mm-et","13":"pa_drain-35-et","14":"pa_ean-5907791161048-et","15":"pa_finish-beige-et","16":"pa_for-cabinet-500-mm-et","17":"pa_length-790-mm-et","18":"pa_model-rectangular-1-bowl-et","19":"pa_producer-laveo-et","20":"pa_resistant-to-thermal-shock-yes-et","21":"pa_reversible-yes-et","22":"pa_series-margarita-et","23":"pa_width-490-mm-et","24":"product-combo-margarita-2","26":"first","27":"instock","28":"purchasable","29":"product-type-simple"},"_links":{"self":[{"href":"https:\/\/laveo.sau.ee\/en\/wp-json\/wp\/v2\/product\/4589","targetHints":{"allow":["GET"]}}],"collection":[{"href":"https:\/\/laveo.sau.ee\/en\/wp-json\/wp\/v2\/product"}],"about":[{"href":"https:\/\/laveo.sau.ee\/en\/wp-json\/wp\/v2\/types\/product"}],"wp:featuredmedia":[{"embeddable":true,"href":"https:\/\/laveo.sau.ee\/en\/wp-json\/wp\/v2\/media\/3718"}],"wp:attachment":[{"href":"https:\/\/laveo.sau.ee\/en\/wp-json\/wp\/v2\/media?parent=4589"}],"wp:term":[{"taxonomy":"product_brand","embeddable":true,"href":"https:\/\/laveo.sau.ee\/en\/wp-json\/wp\/v2\/product_brand?post=4589"},{"taxonomy":"product_cat","embeddable":true,"href":"https:\/\/laveo.sau.ee\/en\/wp-json\/wp\/v2\/product_cat?post=4589"},{"taxonomy":"product_tag","embeddable":true,"href":"https:\/\/laveo.sau.ee\/en\/wp-json\/wp\/v2\/product_tag?post=4589"},{"taxonomy":"product-combo","embeddable":true,"href":"https:\/\/laveo.sau.ee\/en\/wp-json\/wp\/v2\/product-combo?post=4589"},{"taxonomy":"plc","embeddable":true,"href":"https:\/\/laveo.sau.ee\/en\/wp-json\/wp\/v2\/plc?post=4589"},{"taxonomy":"edasimyyja","embeddable":true,"href":"https:\/\/laveo.sau.ee\/en\/wp-json\/wp\/v2\/edasimyyja?post=4589"}],"curies":[{"name":"wp","href":"https:\/\/api.w.org\/{rel}","templated":true}]}}