{"id":4582,"date":"2023-03-30T13:32:00","date_gmt":"2023-03-30T10:32:00","guid":{"rendered":"https:\/\/dev.infinit.ee\/prod\/luna-upright-sink-mixer-with-a-pull-out-spout-9\/"},"modified":"2026-02-16T12:02:09","modified_gmt":"2026-02-16T10:02:09","slug":"luna-upright-sink-mixer-with-a-pull-out-spout-9","status":"publish","type":"product","link":"https:\/\/laveo.sau.ee\/en\/product\/luna-upright-sink-mixer-with-a-pull-out-spout-9\/","title":{"rendered":"Luna &#8211; v\u00e4ljat\u00f5mmatava tilaga p\u00fcstine valamusegisti"},"content":{"rendered":"","protected":false},"excerpt":{"rendered":"","protected":false},"featured_media":3715,"template":"","meta":[],"product_brand":[],"product_cat":[2711],"product_tag":[],"product-combo":[5151],"plc":[],"edasimyyja":[5212],"class_list":{"0":"post-4582","1":"product","2":"type-product","3":"status-publish","4":"has-post-thumbnail","6":"product_cat-koogisegisti-kraanid","7":"pa_acoustic-group-i--20-db-et","8":"pa_code-blz-069d-et","9":"pa_connecting-hose-length-400-mm-et","10":"pa_ean-5907791127709-et","11":"pa_finish-chrome-et","12":"pa_flow-class-z--9-l-min-et","13":"pa_head-diameter-35-mm-et","14":"pa_method-of-installation-upright-et","15":"pa_producer-laveo-et","16":"pa_range-of-spout-217-mm-et","17":"pa_series-luna-et","18":"pa_total-mixer-height-353-mm-et","19":"pa_type-of-cartridge-ceramic-et","20":"pa_type-of-handle-single-lever-et","21":"pa_type-of-spout-movable-pull-out-et","22":"product-combo-luna-2","23":"edasimyyja-on24-2","25":"first","26":"instock","27":"purchasable","28":"product-type-simple"},"_links":{"self":[{"href":"https:\/\/laveo.sau.ee\/en\/wp-json\/wp\/v2\/product\/4582","targetHints":{"allow":["GET"]}}],"collection":[{"href":"https:\/\/laveo.sau.ee\/en\/wp-json\/wp\/v2\/product"}],"about":[{"href":"https:\/\/laveo.sau.ee\/en\/wp-json\/wp\/v2\/types\/product"}],"wp:featuredmedia":[{"embeddable":true,"href":"https:\/\/laveo.sau.ee\/en\/wp-json\/wp\/v2\/media\/3715"}],"wp:attachment":[{"href":"https:\/\/laveo.sau.ee\/en\/wp-json\/wp\/v2\/media?parent=4582"}],"wp:term":[{"taxonomy":"product_brand","embeddable":true,"href":"https:\/\/laveo.sau.ee\/en\/wp-json\/wp\/v2\/product_brand?post=4582"},{"taxonomy":"product_cat","embeddable":true,"href":"https:\/\/laveo.sau.ee\/en\/wp-json\/wp\/v2\/product_cat?post=4582"},{"taxonomy":"product_tag","embeddable":true,"href":"https:\/\/laveo.sau.ee\/en\/wp-json\/wp\/v2\/product_tag?post=4582"},{"taxonomy":"product-combo","embeddable":true,"href":"https:\/\/laveo.sau.ee\/en\/wp-json\/wp\/v2\/product-combo?post=4582"},{"taxonomy":"plc","embeddable":true,"href":"https:\/\/laveo.sau.ee\/en\/wp-json\/wp\/v2\/plc?post=4582"},{"taxonomy":"edasimyyja","embeddable":true,"href":"https:\/\/laveo.sau.ee\/en\/wp-json\/wp\/v2\/edasimyyja?post=4582"}],"curies":[{"name":"wp","href":"https:\/\/api.w.org\/{rel}","templated":true}]}}