{"id":4579,"date":"2023-03-30T13:32:00","date_gmt":"2023-03-30T10:32:00","guid":{"rendered":"https:\/\/dev.infinit.ee\/prod\/luna-upright-sink-mixer-with-a-pull-out-spout-6\/"},"modified":"2026-04-16T10:50:18","modified_gmt":"2026-04-16T07:50:18","slug":"luna-upright-sink-mixer-with-a-pull-out-spout-6","status":"publish","type":"product","link":"https:\/\/laveo.sau.ee\/en\/product\/luna-upright-sink-mixer-with-a-pull-out-spout-6\/","title":{"rendered":"Luna &#8211; v\u00e4ljat\u00f5mmatava tilaga p\u00fcstine valamusegisti"},"content":{"rendered":"<p>Luna k\u00f6\u00f6gisegistite seeria on t\u00e4nu \u00f5hukesele minimalistlikule kujule kummardus veidi julgema ja kaasaegsema disaini poole.<br \/>\nTeisaldatav ja samas v\u00e4ljat\u00f5mmatav tila on praktiline element \u2013 selline lahendus h\u00f5lbustab kindlasti suurte anumate t\u00e4itmist, k\u00f6\u00f6giviljade ja puuviljade pesemist v\u00f5i valamu enda kausside loputamist.<br \/>\nSee on ka kulude kokkuhoidlik mudel, kuna vooluhulk on alla 8 liitri minutis.<br \/>\nSee originaalsete, lihtsate vormide ja \u00f5hukeste joontega funktsionaalne segisti annab igale interj\u00f6\u00f6rile stiili ja elegantsi noodid.<br \/>\nSeeria on saadaval viies viimistluses, seega kroomitud, valge, bee\u017e, hall ja must, mis v\u00f5imaldab sobitada mikserit individuaalsete paigutusvajadustega.<br \/>\nLaveo tootele kehtib 8-aastane garantii ja hooldus kliendi juures.<\/p>\n","protected":false},"excerpt":{"rendered":"<p>Luna k\u00f6\u00f6gisegistite seeria on t\u00e4nu \u00f5hukesele minimalistlikule kujule kummardus veidi julgema ja kaasaegsema disaini poole. Teisaldatav ja samas v\u00e4ljat\u00f5mmatav tila on praktiline element \u2013 selline lahendus h\u00f5lbustab kindlasti suurte anumate t\u00e4itmist, k\u00f6\u00f6giviljade ja puuviljade pesemist v\u00f5i valamu enda kausside loputamist. See on ka kulude kokkuhoidlik mudel, kuna vooluhulk on alla 8 liitri minutis. See originaalsete, [&hellip;]<\/p>\n","protected":false},"featured_media":3712,"template":"","meta":[],"product_brand":[],"product_cat":[2711],"product_tag":[],"product-combo":[5151],"plc":[],"edasimyyja":[],"class_list":{"0":"post-4579","1":"product","2":"type-product","3":"status-publish","4":"has-post-thumbnail","6":"product_cat-koogisegisti-kraanid","7":"pa_acoustic-group-i--20-db-et","8":"pa_code-blz-969d-et","9":"pa_connecting-hose-length-400-mm-et","10":"pa_ean-5907791164452-et","11":"pa_finish-grey-granite-et","12":"pa_flow-class-z--9-l-min-et","13":"pa_head-diameter-35-mm-et","14":"pa_method-of-installation-upright-et","15":"pa_producer-laveo-et","16":"pa_range-of-spout-217-mm-et","17":"pa_series-luna-et","18":"pa_total-mixer-height-353-mm-et","19":"pa_type-of-cartridge-ceramic-et","20":"pa_type-of-handle-single-lever-et","21":"pa_type-of-spout-movable-pull-out-et","22":"product-combo-luna-2","24":"first","25":"instock","26":"purchasable","27":"product-type-simple"},"_links":{"self":[{"href":"https:\/\/laveo.sau.ee\/en\/wp-json\/wp\/v2\/product\/4579","targetHints":{"allow":["GET"]}}],"collection":[{"href":"https:\/\/laveo.sau.ee\/en\/wp-json\/wp\/v2\/product"}],"about":[{"href":"https:\/\/laveo.sau.ee\/en\/wp-json\/wp\/v2\/types\/product"}],"wp:featuredmedia":[{"embeddable":true,"href":"https:\/\/laveo.sau.ee\/en\/wp-json\/wp\/v2\/media\/3712"}],"wp:attachment":[{"href":"https:\/\/laveo.sau.ee\/en\/wp-json\/wp\/v2\/media?parent=4579"}],"wp:term":[{"taxonomy":"product_brand","embeddable":true,"href":"https:\/\/laveo.sau.ee\/en\/wp-json\/wp\/v2\/product_brand?post=4579"},{"taxonomy":"product_cat","embeddable":true,"href":"https:\/\/laveo.sau.ee\/en\/wp-json\/wp\/v2\/product_cat?post=4579"},{"taxonomy":"product_tag","embeddable":true,"href":"https:\/\/laveo.sau.ee\/en\/wp-json\/wp\/v2\/product_tag?post=4579"},{"taxonomy":"product-combo","embeddable":true,"href":"https:\/\/laveo.sau.ee\/en\/wp-json\/wp\/v2\/product-combo?post=4579"},{"taxonomy":"plc","embeddable":true,"href":"https:\/\/laveo.sau.ee\/en\/wp-json\/wp\/v2\/plc?post=4579"},{"taxonomy":"edasimyyja","embeddable":true,"href":"https:\/\/laveo.sau.ee\/en\/wp-json\/wp\/v2\/edasimyyja?post=4579"}],"curies":[{"name":"wp","href":"https:\/\/api.w.org\/{rel}","templated":true}]}}