{"id":4578,"date":"2023-03-30T13:32:00","date_gmt":"2023-03-30T10:32:00","guid":{"rendered":"https:\/\/dev.infinit.ee\/prod\/luke-rain-overhead-shower-dimensions-220-x-220-mm-4\/"},"modified":"2026-03-03T12:02:04","modified_gmt":"2026-03-03T10:02:04","slug":"luke-rain-overhead-shower-dimensions-220-x-220-mm-4","status":"publish","type":"product","link":"https:\/\/laveo.sau.ee\/en\/product\/luke-rain-overhead-shower-dimensions-220-x-220-mm-4\/","title":{"rendered":"Luke &#8211; vihma \u00fcladu\u0161\u0161i m\u00f5\u00f5dud 220 x 220 mm"},"content":{"rendered":"<p>Luke ruudukujuline vihmadu\u0161\u0161 on lahendus du\u0161iruumi viimistlemiseks.<br \/>\nSuurus on 220&#215;220 mm. Vihmajuga v\u00f5imaldab katta keha \u00f5rna vihmakardinaga.<br \/>\nVihmadu\u0161\u0161i on v\u00f5imalik paigaldada du\u0161ipaneelile v\u00f5i seinale kinnitatavale kronsteinile.<br \/>\nOtsad on valmistatud silikoonist ja katlakivi kogunemise eemaldamiseks piisab nende k\u00e4sitsi h\u00f5\u00f5rumisest.<br \/>\nKroomitud v\u00f5i must viimistlus ja 1\/2&#8243; niit v\u00f5imaldavad vihmadu\u0161\u0161i vabalt reguleerida.<\/p>\n","protected":false},"excerpt":{"rendered":"<p>Luke ruudukujuline vihmadu\u0161\u0161 on lahendus du\u0161iruumi viimistlemiseks. Suurus on 220&#215;220 mm. Vihmajuga v\u00f5imaldab katta keha \u00f5rna vihmakardinaga. Vihmadu\u0161\u0161i on v\u00f5imalik paigaldada du\u0161ipaneelile v\u00f5i seinale kinnitatavale kronsteinile. Otsad on valmistatud silikoonist ja katlakivi kogunemise eemaldamiseks piisab nende k\u00e4sitsi h\u00f5\u00f5rumisest. Kroomitud v\u00f5i must viimistlus ja 1\/2&#8243; niit v\u00f5imaldavad vihmadu\u0161\u0161i vabalt reguleerida.<\/p>\n","protected":false},"featured_media":3711,"template":"","meta":[],"product_brand":[],"product_cat":[2712,2739,2740],"product_tag":[],"product-combo":[5168],"plc":[],"edasimyyja":[],"class_list":{"0":"post-4578","1":"product","2":"type-product","3":"status-publish","4":"has-post-thumbnail","6":"product_cat-dusid","7":"product_cat-peidetud-dusipaneel","8":"product_cat-vihmadusid","9":"pa_anti-calc-system-yes-et","10":"pa_code-nlk-7dad-et","11":"pa_connection-thread-1-2-et","12":"pa_ean-5907791188137-et","13":"pa_finish-black-et","14":"pa_flow-class-z--12-l-min-et","15":"pa_producer-laveo-et","16":"pa_rain-shower-size-220x220-mm-et","17":"pa_series-luke-et","18":"pa_years-of-warranty-2-see-warranty-terms-et","19":"product-combo-luke-2","21":"first","22":"instock","23":"purchasable","24":"product-type-simple"},"_links":{"self":[{"href":"https:\/\/laveo.sau.ee\/en\/wp-json\/wp\/v2\/product\/4578","targetHints":{"allow":["GET"]}}],"collection":[{"href":"https:\/\/laveo.sau.ee\/en\/wp-json\/wp\/v2\/product"}],"about":[{"href":"https:\/\/laveo.sau.ee\/en\/wp-json\/wp\/v2\/types\/product"}],"wp:featuredmedia":[{"embeddable":true,"href":"https:\/\/laveo.sau.ee\/en\/wp-json\/wp\/v2\/media\/3711"}],"wp:attachment":[{"href":"https:\/\/laveo.sau.ee\/en\/wp-json\/wp\/v2\/media?parent=4578"}],"wp:term":[{"taxonomy":"product_brand","embeddable":true,"href":"https:\/\/laveo.sau.ee\/en\/wp-json\/wp\/v2\/product_brand?post=4578"},{"taxonomy":"product_cat","embeddable":true,"href":"https:\/\/laveo.sau.ee\/en\/wp-json\/wp\/v2\/product_cat?post=4578"},{"taxonomy":"product_tag","embeddable":true,"href":"https:\/\/laveo.sau.ee\/en\/wp-json\/wp\/v2\/product_tag?post=4578"},{"taxonomy":"product-combo","embeddable":true,"href":"https:\/\/laveo.sau.ee\/en\/wp-json\/wp\/v2\/product-combo?post=4578"},{"taxonomy":"plc","embeddable":true,"href":"https:\/\/laveo.sau.ee\/en\/wp-json\/wp\/v2\/plc?post=4578"},{"taxonomy":"edasimyyja","embeddable":true,"href":"https:\/\/laveo.sau.ee\/en\/wp-json\/wp\/v2\/edasimyyja?post=4578"}],"curies":[{"name":"wp","href":"https:\/\/api.w.org\/{rel}","templated":true}]}}