{"id":4576,"date":"2023-03-30T13:32:00","date_gmt":"2023-03-30T10:32:00","guid":{"rendered":"https:\/\/dev.infinit.ee\/prod\/lucas-shower-set-with-fixed-bracket-2\/"},"modified":"2026-03-14T12:02:02","modified_gmt":"2026-03-14T10:02:02","slug":"lucas-shower-set-with-fixed-bracket-2","status":"publish","type":"product","link":"https:\/\/laveo.sau.ee\/en\/product\/lucas-shower-set-with-fixed-bracket-2\/","title":{"rendered":"Lucas &#8211; fikseeritud kronsteiniga du\u0161ikomplekt"},"content":{"rendered":"<p>Lucas \u00fchepunktiline du\u0161ikomplekt on praktiline lahendus igap\u00e4evaseks suplemiseks. See iseseisev komplekt t\u00e4iendab vannitoas olevat vanni v\u00f5i du\u0161ikabiini. Trendikas valge ja kroomitud viimistluse kombinatsioon, mida v\u00f5ib leida Lucase k\u00e4sidu\u0161ist, sobib ideaalselt valge keraamika ja kroomitud kraanin\u00f5udega. Kuid see pole veel k\u00f5ik, sest komplektis on seinale kinnitatav kronstein k\u00e4sidu\u0161\u0161i paigaldamiseks koos paigaldatud 150 cm pikkuse du\u0161ivoolikuga. Lai k\u00e4sidu\u0161\u0161 on varustatud silikoonist v\u00e4ljaulatuvate osadega, mis t\u00e4nu katlakivivastasele tehnoloogiale v\u00f5imaldavad katlakivi kiiret ja lihtsat eemaldamist. Kaasasolevad 3 ojat\u00fc\u00fcpi, nii segatud, massaa\u017e ja vihm, tagavad meeldiva suplemise koos t\u00e4ieliku l\u00f5\u00f5gastumisega.<\/p>\n","protected":false},"excerpt":{"rendered":"<p>Lucas \u00fchepunktiline du\u0161ikomplekt on praktiline lahendus igap\u00e4evaseks suplemiseks. See iseseisev komplekt t\u00e4iendab vannitoas olevat vanni v\u00f5i du\u0161ikabiini. Trendikas valge ja kroomitud viimistluse kombinatsioon, mida v\u00f5ib leida Lucase k\u00e4sidu\u0161ist, sobib ideaalselt valge keraamika ja kroomitud kraanin\u00f5udega. Kuid see pole veel k\u00f5ik, sest komplektis on seinale kinnitatav kronstein k\u00e4sidu\u0161\u0161i paigaldamiseks koos paigaldatud 150 cm pikkuse du\u0161ivoolikuga. Lai [&hellip;]<\/p>\n","protected":false},"featured_media":3709,"template":"","meta":[],"product_brand":[],"product_cat":[2712,2742],"product_tag":[],"product-combo":[],"plc":[],"edasimyyja":[],"class_list":{"0":"post-4576","1":"product","2":"type-product","3":"status-publish","4":"has-post-thumbnail","6":"product_cat-dusid","7":"product_cat-dusikomplektid","8":"pa_additional-functions-with-anti-limescale-system-et","9":"pa_anti-calc-system-yes-et","10":"pa_code-nll-60ad-et","11":"pa_ean-5907791121684-et","12":"pa_finish-valge-kroom","13":"pa_fixing-single-point-set-et","14":"pa_flow-class-zz--72-l-min-et","15":"pa_hand-shower-jet-size-230x117-mm-et","16":"pa_length-of-hose-1500-mm-et","17":"pa_material-plastic-steel-et","18":"pa_method-of-installation-wall-mounted-et","19":"pa_number-of-hand-shower-streams-3-et","20":"pa_producer-laveo-et","21":"pa_series-lucas-et","22":"pa_stream-types-rain-massage-mixed-et","23":"pa_type-2-no-mixer-et","25":"first","26":"instock","27":"purchasable","28":"product-type-simple"},"_links":{"self":[{"href":"https:\/\/laveo.sau.ee\/en\/wp-json\/wp\/v2\/product\/4576","targetHints":{"allow":["GET"]}}],"collection":[{"href":"https:\/\/laveo.sau.ee\/en\/wp-json\/wp\/v2\/product"}],"about":[{"href":"https:\/\/laveo.sau.ee\/en\/wp-json\/wp\/v2\/types\/product"}],"wp:featuredmedia":[{"embeddable":true,"href":"https:\/\/laveo.sau.ee\/en\/wp-json\/wp\/v2\/media\/3709"}],"wp:attachment":[{"href":"https:\/\/laveo.sau.ee\/en\/wp-json\/wp\/v2\/media?parent=4576"}],"wp:term":[{"taxonomy":"product_brand","embeddable":true,"href":"https:\/\/laveo.sau.ee\/en\/wp-json\/wp\/v2\/product_brand?post=4576"},{"taxonomy":"product_cat","embeddable":true,"href":"https:\/\/laveo.sau.ee\/en\/wp-json\/wp\/v2\/product_cat?post=4576"},{"taxonomy":"product_tag","embeddable":true,"href":"https:\/\/laveo.sau.ee\/en\/wp-json\/wp\/v2\/product_tag?post=4576"},{"taxonomy":"product-combo","embeddable":true,"href":"https:\/\/laveo.sau.ee\/en\/wp-json\/wp\/v2\/product-combo?post=4576"},{"taxonomy":"plc","embeddable":true,"href":"https:\/\/laveo.sau.ee\/en\/wp-json\/wp\/v2\/plc?post=4576"},{"taxonomy":"edasimyyja","embeddable":true,"href":"https:\/\/laveo.sau.ee\/en\/wp-json\/wp\/v2\/edasimyyja?post=4576"}],"curies":[{"name":"wp","href":"https:\/\/api.w.org\/{rel}","templated":true}]}}