{"id":4570,"date":"2023-03-30T13:32:00","date_gmt":"2023-03-30T10:32:00","guid":{"rendered":"https:\/\/dev.infinit.ee\/prod\/lila-upright-sink-mixer-with-foldable-u-shaped-spout-2\/"},"modified":"2026-02-16T12:02:08","modified_gmt":"2026-02-16T10:02:08","slug":"lila-upright-sink-mixer-with-foldable-u-shaped-spout-2","status":"publish","type":"product","link":"https:\/\/laveo.sau.ee\/en\/product\/lila-upright-sink-mixer-with-foldable-u-shaped-spout-2\/","title":{"rendered":"Lila &#8211; kokkupandava U-kujulise tilaga p\u00fcstine valamusegisti"},"content":{"rendered":"<p>Laveo Lila mikser on korterite v\u00e4ikeste k\u00f6\u00f6kide hitt.<br \/>\nJa seda k\u00f5ike t\u00e4nu sellele, et segisti on kokkupandav. See on nn kokkupandav aknaalune segisti, mis t\u00e4nu spetsiaalsele konstruktsioonile v\u00f5imaldab segisti lamavasse asendisse seada ja selle taga asuva akna probleemideta avada.<br \/>\nToodet hindavad k\u00f5ik need, kes n\u00e4evad vaeva k\u00f6\u00f6gis v\u00e4ikese ruumiga ja sooviksid valamu paigutada akna valgusesse. Lila mikseriga on see v\u00e4ga mugav. N\u00f5udepesu pestes saate nautida p\u00e4evavalgust, kuuma ilmaga, kui soovite p\u00e4rast toiduvalmistamist k\u00f6\u00f6ki tuulutada v\u00f5i akent pesta, pole probleemi seda avada.<br \/>\nKui mainida t\u00f6\u00f6 kvaliteeti, taskukohast hinda, 8-aastast garantiid, v\u00f5ib Lila osutuda suurep\u00e4raseks investeeringuks aastateks.<\/p>\n","protected":false},"excerpt":{"rendered":"<p>Laveo Lila mikser on korterite v\u00e4ikeste k\u00f6\u00f6kide hitt. Ja seda k\u00f5ike t\u00e4nu sellele, et segisti on kokkupandav. See on nn kokkupandav aknaalune segisti, mis t\u00e4nu spetsiaalsele konstruktsioonile v\u00f5imaldab segisti lamavasse asendisse seada ja selle taga asuva akna probleemideta avada. Toodet hindavad k\u00f5ik need, kes n\u00e4evad vaeva k\u00f6\u00f6gis v\u00e4ikese ruumiga ja sooviksid valamu paigutada akna valgusesse. [&hellip;]<\/p>\n","protected":false},"featured_media":3708,"template":"","meta":[],"product_brand":[],"product_cat":[2711],"product_tag":[],"product-combo":[],"plc":[],"edasimyyja":[],"class_list":{"0":"post-4570","1":"product","2":"type-product","3":"status-publish","4":"has-post-thumbnail","6":"product_cat-koogisegisti-kraanid","7":"pa_acoustic-group-i--20-db-et","8":"pa_code-bld-06ld-et","9":"pa_connecting-hose-length-400-mm-et","10":"pa_ean-5907791105899-et","11":"pa_finish-chrome-et","12":"pa_flow-class-z--9-l-min-et","13":"pa_head-diameter-40-mm-et","14":"pa_low-water-consumption-yes-et","15":"pa_method-of-installation-upright-et","16":"pa_producer-laveo-et","17":"pa_range-of-spout-180-mm-et","18":"pa_series-lila-et","19":"pa_total-mixer-height-289-mm-et","20":"pa_type-of-cartridge-ceramic-et","21":"pa_type-of-handle-single-lever-et","22":"pa_type-of-spout-movable-foldable-under-window-et","24":"first","25":"instock","26":"featured","27":"purchasable","28":"product-type-simple"},"_links":{"self":[{"href":"https:\/\/laveo.sau.ee\/en\/wp-json\/wp\/v2\/product\/4570","targetHints":{"allow":["GET"]}}],"collection":[{"href":"https:\/\/laveo.sau.ee\/en\/wp-json\/wp\/v2\/product"}],"about":[{"href":"https:\/\/laveo.sau.ee\/en\/wp-json\/wp\/v2\/types\/product"}],"wp:featuredmedia":[{"embeddable":true,"href":"https:\/\/laveo.sau.ee\/en\/wp-json\/wp\/v2\/media\/3708"}],"wp:attachment":[{"href":"https:\/\/laveo.sau.ee\/en\/wp-json\/wp\/v2\/media?parent=4570"}],"wp:term":[{"taxonomy":"product_brand","embeddable":true,"href":"https:\/\/laveo.sau.ee\/en\/wp-json\/wp\/v2\/product_brand?post=4570"},{"taxonomy":"product_cat","embeddable":true,"href":"https:\/\/laveo.sau.ee\/en\/wp-json\/wp\/v2\/product_cat?post=4570"},{"taxonomy":"product_tag","embeddable":true,"href":"https:\/\/laveo.sau.ee\/en\/wp-json\/wp\/v2\/product_tag?post=4570"},{"taxonomy":"product-combo","embeddable":true,"href":"https:\/\/laveo.sau.ee\/en\/wp-json\/wp\/v2\/product-combo?post=4570"},{"taxonomy":"plc","embeddable":true,"href":"https:\/\/laveo.sau.ee\/en\/wp-json\/wp\/v2\/plc?post=4570"},{"taxonomy":"edasimyyja","embeddable":true,"href":"https:\/\/laveo.sau.ee\/en\/wp-json\/wp\/v2\/edasimyyja?post=4570"}],"curies":[{"name":"wp","href":"https:\/\/api.w.org\/{rel}","templated":true}]}}