{"id":4566,"date":"2023-03-30T13:32:14","date_gmt":"2023-03-30T10:32:14","guid":{"rendered":"https:\/\/dev.infinit.ee\/prod\/megalo-granite-sink-2-bowls-with-a-drainer-4\/"},"modified":"2026-04-16T10:50:18","modified_gmt":"2026-04-16T07:50:18","slug":"megalo-granite-sink-2-bowls-with-a-drainer-4","status":"publish","type":"product","link":"https:\/\/laveo.sau.ee\/en\/product\/megalo-granite-sink-2-bowls-with-a-drainer-4\/","title":{"rendered":"Megalo &#8211; graniidist valamu &#8211; 2 kaussi koos \u00e4ravooluga"},"content":{"rendered":"<p>Laveo Megalo valamu on lahendus neile, kes otsivad standardsuuruses 1-kausilist graniidist valamut koos \u00e4ravooluga. Tohutu eelis on mahukas kauss suurusega 40x42x17 cm, kuhu mahuvad potid ilma probleemideta. Drenaa\u017e v\u00f5imaldab ebatavalisi tarvikuid \u00fcle valamu liigutada, et parandada toiduvalmistamise ja n\u00f5udepesu protsessi ilma t\u00f6\u00f6tasapinnal ruumi kaotamata, ning valamu \u00fcmber olev \u00e4\u00e4ris kaitseb k\u00f6\u00f6gi t\u00f6\u00f6tasapinda vee mahavalgumise eest. Samuti on meie pakkumist hiljuti laiendatud 2-kausilise kraanikausiga koos \u00e4ravooluga. See suur mudel 116x50x185 mm sobib 90cm kappi. See on kahtlemata lahendus suurele k\u00f6\u00f6gile, kus armastate s\u00fc\u00fca teha ja k\u00fclalisi v\u00f5\u00f5rustada. Selle mudeli heaks t\u00e4ienduseks on elastse v\u00f5i v\u00e4ljat\u00f5mmatava tilaga segisti, mis h\u00f5lbustab nt valamu pesemist.<br \/>\nM\u00f5lema mudeli p\u00f6\u00f6ramise v\u00f5imalus v\u00f5imaldab neid vastavalt vajadustele sobitada, kuna \u00e4ravoolu saab paigutada nii vasakule kui ka paremale. Kvaliteetne graniidist valamu, millel on 10-aastane garantii, toodetud Poola tehases. Toode on vastupidav m\u00e4\u00e4rdumisele, s\u00fcvenditele ja igap\u00e4evaste k\u00f6\u00f6git\u00f6\u00f6de m\u00f5judele. Lisaks on komplektis ruumis\u00e4\u00e4stlik sifoon. See sifoon tagab valamu all olevas kapis rohkem ruumi.<\/p>\n","protected":false},"excerpt":{"rendered":"<p>Laveo Megalo valamu on lahendus neile, kes otsivad standardsuuruses 1-kausilist graniidist valamut koos \u00e4ravooluga. Tohutu eelis on mahukas kauss suurusega 40x42x17 cm, kuhu mahuvad potid ilma probleemideta. Drenaa\u017e v\u00f5imaldab ebatavalisi tarvikuid \u00fcle valamu liigutada, et parandada toiduvalmistamise ja n\u00f5udepesu protsessi ilma t\u00f6\u00f6tasapinnal ruumi kaotamata, ning valamu \u00fcmber olev \u00e4\u00e4ris kaitseb k\u00f6\u00f6gi t\u00f6\u00f6tasapinda vee mahavalgumise eest. [&hellip;]<\/p>\n","protected":false},"featured_media":3735,"template":"","meta":[],"product_brand":[],"product_cat":[2732,2730],"product_tag":[],"product-combo":[5110],"plc":[],"edasimyyja":[],"class_list":{"0":"post-4566","1":"product","2":"type-product","3":"status-publish","4":"has-post-thumbnail","6":"product_cat-2-valamuga","7":"product_cat-graniitvalamud","8":"product_shipping_class-home-delivery-et","9":"pa_automatic-drain-shut-off-yes-et","10":"pa_code-sbe-721t-et","11":"pa_connection-to-a-dishwasher-yes-et","12":"pa_depth-of-bowl-170-mm-et","13":"pa_drain-35-et","14":"pa_ean-5907791184047-et","15":"pa_finish-black-et","16":"pa_for-cabinet-900-mm-et","17":"pa_length-1160-mm-et","18":"pa_model-rectangular-2-bowl-et","19":"pa_producer-laveo-et","20":"pa_resistant-to-thermal-shock-yes-et","21":"pa_reversible-yes-et","22":"pa_series-megalo-et","23":"pa_width-500-mm-et","24":"product-combo-megalo-2-bowl-2","26":"first","27":"instock","28":"purchasable","29":"product-type-simple"},"_links":{"self":[{"href":"https:\/\/laveo.sau.ee\/en\/wp-json\/wp\/v2\/product\/4566","targetHints":{"allow":["GET"]}}],"collection":[{"href":"https:\/\/laveo.sau.ee\/en\/wp-json\/wp\/v2\/product"}],"about":[{"href":"https:\/\/laveo.sau.ee\/en\/wp-json\/wp\/v2\/types\/product"}],"wp:featuredmedia":[{"embeddable":true,"href":"https:\/\/laveo.sau.ee\/en\/wp-json\/wp\/v2\/media\/3735"}],"wp:attachment":[{"href":"https:\/\/laveo.sau.ee\/en\/wp-json\/wp\/v2\/media?parent=4566"}],"wp:term":[{"taxonomy":"product_brand","embeddable":true,"href":"https:\/\/laveo.sau.ee\/en\/wp-json\/wp\/v2\/product_brand?post=4566"},{"taxonomy":"product_cat","embeddable":true,"href":"https:\/\/laveo.sau.ee\/en\/wp-json\/wp\/v2\/product_cat?post=4566"},{"taxonomy":"product_tag","embeddable":true,"href":"https:\/\/laveo.sau.ee\/en\/wp-json\/wp\/v2\/product_tag?post=4566"},{"taxonomy":"product-combo","embeddable":true,"href":"https:\/\/laveo.sau.ee\/en\/wp-json\/wp\/v2\/product-combo?post=4566"},{"taxonomy":"plc","embeddable":true,"href":"https:\/\/laveo.sau.ee\/en\/wp-json\/wp\/v2\/plc?post=4566"},{"taxonomy":"edasimyyja","embeddable":true,"href":"https:\/\/laveo.sau.ee\/en\/wp-json\/wp\/v2\/edasimyyja?post=4566"}],"curies":[{"name":"wp","href":"https:\/\/api.w.org\/{rel}","templated":true}]}}