{"id":4557,"date":"2023-03-30T13:32:14","date_gmt":"2023-03-30T10:32:14","guid":{"rendered":"https:\/\/dev.infinit.ee\/prod\/marmara-1-bowl-sink-19\/"},"modified":"2026-04-16T10:50:18","modified_gmt":"2026-04-16T07:50:18","slug":"marmara-1-bowl-sink-19","status":"publish","type":"product","link":"https:\/\/laveo.sau.ee\/en\/product\/marmara-1-bowl-sink-19\/","title":{"rendered":"Marmara &#8211; 1 kausi valamu"},"content":{"rendered":"<p>Laveo Marmara valamud on valik terasmaterjalide entusiastidele siseviimistluses.<br \/>\nSee on kombinatsioon kvaliteetsest roostevabast terasest 304, kaasaegsest disainist ja erakordsest viimistlusest.<br \/>\nNende minimalistlik disain on vastus kasutajate vajadustele, kes soovivad atraktiivse v\u00e4limusega k\u00f6\u00f6ki, mida on samal ajal mugav kasutada. Marmara sari sobib karmide ja t\u00f6\u00f6stuslike ruumide trendiga ebatavalise terasviimistluse ja sirgete joontega, mis integreeritakse t\u00f6\u00f6tasapinnaga. Disaini iseloomulik tunnus on kausi nurkade madal raadius.<br \/>\nKokandushuvilised hindavad kindlasti valamu m\u00f5\u00f5tmeid ning selle s\u00fcgavat ja mahukat kaussi, mis v\u00f5imaldab h\u00f5lpsalt pesta mitte ainult suuri anumaid, vaid isegi ahjust v\u00e4lja v\u00f5etud k\u00fcpsetusplaate. Paigaldamise v\u00f5imalus j\u00e4rgides \u00fchte kolmest meetodist v\u00f5imaldab valamu sobitada interj\u00f6\u00f6riga vastavalt individuaalsetele vajadustele. Esimene v\u00f5imalus on s\u00fcvistatud valamud. Lisaks v\u00f5imaldab vaid m\u00f5ne millimeetri paksune \u00e4\u00e4rik p\u00e4rast ava asjakohast lihvimist valamu t\u00f6\u00f6pinnale s\u00fcvistada. Kolmas v\u00f5imalus on allapaigaldatav, mis n\u00f5uab sobiva t\u00f6\u00f6tasapinna kasutamist, mis on valmistatud niiskuskindlast materjalist (nt kivist).<br \/>\nMarmara mudelid on saadaval inox-, grafiit-, vask- ja kuldviimistlusega. Nende suurused on j\u00e4rgmised: 59&#215;51 cm, 48&#215;37,5 cm, 44&#215;54 cm. Tootele kehtib pikk 15-aastane garantii.<br \/>\nMarmara valamute vaieldamatu eelis on k\u00f5rge vastupidavus ja ajatu iseloom. Olenemata sellest, millisesse kombinatsiooni nad kuuluvad, r\u00f5\u00f5mustavad nad kindlasti silma ainulaadse v\u00e4limusega.<\/p>\n","protected":false},"excerpt":{"rendered":"<p>Laveo Marmara valamud on valik terasmaterjalide entusiastidele siseviimistluses. See on kombinatsioon kvaliteetsest roostevabast terasest 304, kaasaegsest disainist ja erakordsest viimistlusest. Nende minimalistlik disain on vastus kasutajate vajadustele, kes soovivad atraktiivse v\u00e4limusega k\u00f6\u00f6ki, mida on samal ajal mugav kasutada. Marmara sari sobib karmide ja t\u00f6\u00f6stuslike ruumide trendiga ebatavalise terasviimistluse ja sirgete joontega, mis integreeritakse t\u00f6\u00f6tasapinnaga. Disaini [&hellip;]<\/p>\n","protected":false},"featured_media":3726,"template":"","meta":[],"product_brand":[],"product_cat":[2733,2745],"product_tag":[],"product-combo":[5096],"plc":[],"edasimyyja":[5212],"class_list":{"0":"post-4557","1":"product","2":"type-product","3":"status-publish","4":"has-post-thumbnail","6":"product_cat-1-valamuga","7":"product_cat-terasvalamud","8":"product_shipping_class-home-delivery-et","9":"pa_code-sam-810t-et","10":"pa_connection-to-a-dishwasher-yes-et","11":"pa_depth-of-bowl-190-mm-et","12":"pa_drain-35-et","13":"pa_ean-5907791164988-et","14":"pa_finish-vask","15":"pa_finishing-plain-et","16":"pa_for-cabinet-600-mm-700-mm-undermount-et","17":"pa_length-590-mm-et","18":"pa_model-rectangular-1-bowl-et","19":"pa_resistant-to-thermal-shock-yes-et","20":"pa_reversible-no-et","21":"pa_series-marmara-et","22":"pa_width-510-mm-et","23":"product-combo-marmara-10-t-2","24":"edasimyyja-on24-2","26":"first","27":"instock","28":"purchasable","29":"product-type-simple"},"_links":{"self":[{"href":"https:\/\/laveo.sau.ee\/en\/wp-json\/wp\/v2\/product\/4557","targetHints":{"allow":["GET"]}}],"collection":[{"href":"https:\/\/laveo.sau.ee\/en\/wp-json\/wp\/v2\/product"}],"about":[{"href":"https:\/\/laveo.sau.ee\/en\/wp-json\/wp\/v2\/types\/product"}],"wp:featuredmedia":[{"embeddable":true,"href":"https:\/\/laveo.sau.ee\/en\/wp-json\/wp\/v2\/media\/3726"}],"wp:attachment":[{"href":"https:\/\/laveo.sau.ee\/en\/wp-json\/wp\/v2\/media?parent=4557"}],"wp:term":[{"taxonomy":"product_brand","embeddable":true,"href":"https:\/\/laveo.sau.ee\/en\/wp-json\/wp\/v2\/product_brand?post=4557"},{"taxonomy":"product_cat","embeddable":true,"href":"https:\/\/laveo.sau.ee\/en\/wp-json\/wp\/v2\/product_cat?post=4557"},{"taxonomy":"product_tag","embeddable":true,"href":"https:\/\/laveo.sau.ee\/en\/wp-json\/wp\/v2\/product_tag?post=4557"},{"taxonomy":"product-combo","embeddable":true,"href":"https:\/\/laveo.sau.ee\/en\/wp-json\/wp\/v2\/product-combo?post=4557"},{"taxonomy":"plc","embeddable":true,"href":"https:\/\/laveo.sau.ee\/en\/wp-json\/wp\/v2\/plc?post=4557"},{"taxonomy":"edasimyyja","embeddable":true,"href":"https:\/\/laveo.sau.ee\/en\/wp-json\/wp\/v2\/edasimyyja?post=4557"}],"curies":[{"name":"wp","href":"https:\/\/api.w.org\/{rel}","templated":true}]}}