{"id":4531,"date":"2023-03-30T13:32:53","date_gmt":"2023-03-30T10:32:53","guid":{"rendered":"https:\/\/dev.infinit.ee\/prod\/monchichi-granite-sink-1-bowl-4\/"},"modified":"2026-04-16T10:50:18","modified_gmt":"2026-04-16T07:50:18","slug":"monchichi-granite-sink-1-bowl-4","status":"publish","type":"product","link":"https:\/\/laveo.sau.ee\/en\/product\/monchichi-granite-sink-1-bowl-4\/","title":{"rendered":"Monchichi \u2013 graniidist valamu \u2013 1 kauss"},"content":{"rendered":"<p>Monchichi \u00fche kausiga graniidist valamu on ideaalne lahendus v\u00e4ikestesse korteritesse v\u00f5i k\u00f6\u00f6ginurkadesse. Vaatamata v\u00e4iksusele (50&#215;39 cm) on valamu varustatud 19cm s\u00fcgavuse kausiga, mis tagab mugava n\u00f5udepesu. Varustatud ka ruumis\u00e4\u00e4stliku sifooni ja kl\u00f5psuga pistikuga. 90\u00ba p\u00f6\u00f6ramise v\u00f5imalus v\u00f5imaldab paigutada mudeli k\u00f5ige mugavamasse kohta, kus segistile p\u00e4\u00e4seb ligi kas paremalt v\u00f5i vasakult. Mudeli kompaktsed m\u00f5\u00f5tmed v\u00f5imaldavad paigaldada 40 cm kappi. Kvaliteetne graniit muudab valamu vastupidavaks v\u00e4rvimuutustele, kriimustustele ja termilisele \u0161okile ning seega kehtib sellele 10-aastane garantii. Valamu on varustatud ka \u00fchendusega n\u00f5udepesumasinaga ja tehases valmistatud v\u00e4ljal\u00f5igatud avadega segisti jaoks, mis v\u00f5imaldab otsustada, kus k\u00f6\u00f6gisegisti peaks asuma.<br \/>\nPoola toode.<\/p>\n","protected":false},"excerpt":{"rendered":"<p>Monchichi \u00fche kausiga graniidist valamu on ideaalne lahendus v\u00e4ikestesse korteritesse v\u00f5i k\u00f6\u00f6ginurkadesse. Vaatamata v\u00e4iksusele (50&#215;39 cm) on valamu varustatud 19cm s\u00fcgavuse kausiga, mis tagab mugava n\u00f5udepesu. Varustatud ka ruumis\u00e4\u00e4stliku sifooni ja kl\u00f5psuga pistikuga. 90\u00ba p\u00f6\u00f6ramise v\u00f5imalus v\u00f5imaldab paigutada mudeli k\u00f5ige mugavamasse kohta, kus segistile p\u00e4\u00e4seb ligi kas paremalt v\u00f5i vasakult. Mudeli kompaktsed m\u00f5\u00f5tmed v\u00f5imaldavad paigaldada [&hellip;]<\/p>\n","protected":false},"featured_media":3740,"template":"","meta":[],"product_brand":[],"product_cat":[2733,2730],"product_tag":[],"product-combo":[5109],"plc":[],"edasimyyja":[],"class_list":{"0":"post-4531","1":"product","2":"type-product","3":"status-publish","4":"has-post-thumbnail","6":"product_cat-1-valamuga","7":"product_cat-graniitvalamud","8":"product_shipping_class-home-delivery-et","9":"pa_automatic-drain-shut-off-no-et","10":"pa_code-sbo-710y-et","11":"pa_connection-to-a-dishwasher-yes-et","12":"pa_depth-of-bowl-190-mm-et","13":"pa_drain-35-et","14":"pa_ean-5907791192332-et","15":"pa_finish-black-et","16":"pa_for-cabinet-400-mm-et","17":"pa_length-390-mm-et","18":"pa_model-rectangular-1-bowl-et","19":"pa_producer-laveo-et","20":"pa_resistant-to-thermal-shock-yes-et","21":"pa_reversible-yes-et","22":"pa_series-monchichi-et","23":"pa_width-500-mm-et","24":"product-combo-monchichi-2","26":"first","27":"instock","28":"purchasable","29":"product-type-simple"},"_links":{"self":[{"href":"https:\/\/laveo.sau.ee\/en\/wp-json\/wp\/v2\/product\/4531","targetHints":{"allow":["GET"]}}],"collection":[{"href":"https:\/\/laveo.sau.ee\/en\/wp-json\/wp\/v2\/product"}],"about":[{"href":"https:\/\/laveo.sau.ee\/en\/wp-json\/wp\/v2\/types\/product"}],"wp:featuredmedia":[{"embeddable":true,"href":"https:\/\/laveo.sau.ee\/en\/wp-json\/wp\/v2\/media\/3740"}],"wp:attachment":[{"href":"https:\/\/laveo.sau.ee\/en\/wp-json\/wp\/v2\/media?parent=4531"}],"wp:term":[{"taxonomy":"product_brand","embeddable":true,"href":"https:\/\/laveo.sau.ee\/en\/wp-json\/wp\/v2\/product_brand?post=4531"},{"taxonomy":"product_cat","embeddable":true,"href":"https:\/\/laveo.sau.ee\/en\/wp-json\/wp\/v2\/product_cat?post=4531"},{"taxonomy":"product_tag","embeddable":true,"href":"https:\/\/laveo.sau.ee\/en\/wp-json\/wp\/v2\/product_tag?post=4531"},{"taxonomy":"product-combo","embeddable":true,"href":"https:\/\/laveo.sau.ee\/en\/wp-json\/wp\/v2\/product-combo?post=4531"},{"taxonomy":"plc","embeddable":true,"href":"https:\/\/laveo.sau.ee\/en\/wp-json\/wp\/v2\/plc?post=4531"},{"taxonomy":"edasimyyja","embeddable":true,"href":"https:\/\/laveo.sau.ee\/en\/wp-json\/wp\/v2\/edasimyyja?post=4531"}],"curies":[{"name":"wp","href":"https:\/\/api.w.org\/{rel}","templated":true}]}}